{"id":37308,"date":"2025-11-21T10:43:32","date_gmt":"2025-11-21T10:43:32","guid":{"rendered":"https:\/\/www.freeshopfrontiera.ch\/shop\/prada-set-luna-rossa-ocean-le-parfum\/"},"modified":"2025-11-29T21:18:43","modified_gmt":"2025-11-29T21:18:43","slug":"prada-set-luna-rossa-ocean-le-parfum","status":"publish","type":"product","link":"https:\/\/www.freeshopfrontiera.ch\/fr\/shop\/prada-set-luna-rossa-ocean-le-parfum\/","title":{"rendered":"PRADA Set Luna Rossa Ocean Le Parfum"},"content":{"rendered":"<p data-start=\"1654\" data-end=\"1713\"><strong data-start=\"1654\" data-end=\"1713\">Prada Set Luna Rossa Ocean Le Parfum \u2013 \u00c9dition Compl\u00e8te<\/strong><\/p>\n<p data-start=\"1715\" data-end=\"2014\">D\u00e9couvrez l\u2019\u00e9nergie et la fra\u00eecheur de la mer avec le <strong data-start=\"1769\" data-end=\"1809\">Set Prada Luna Rossa Ocean Le Parfum<\/strong>, une combinaison parfaite pour ceux qui aiment les fragrances audacieuses, sophistiqu\u00e9es et enveloppantes. Id\u00e9al comme cadeau ou pour ceux qui souhaitent une exp\u00e9rience olfactive compl\u00e8te, m\u00eame en voyage.<\/p>\n<p data-start=\"2016\" data-end=\"2041\"><strong data-start=\"2016\" data-end=\"2041\">Le coffret contient :<\/strong><\/p>\n<p data-start=\"2043\" data-end=\"2260\"><strong data-start=\"2043\" data-end=\"2084\">Luna Rossa Ocean Le Parfum Vapo 50 ml<\/strong><br data-start=\"2084\" data-end=\"2087\" \/>Un parfum intense et frais, inspir\u00e9 par la puissance de l\u2019oc\u00e9an. Des notes aromatiques combinent agrumes, \u00e9pices et accords marins pour une fragrance \u00e9nergisante et durable.<\/p>\n<p data-start=\"2262\" data-end=\"2407\"><strong data-start=\"2262\" data-end=\"2283\">Travel Size 10 ml<\/strong><br data-start=\"2283\" data-end=\"2286\" \/>Version de voyage pratique et compacte, parfaite pour emporter votre parfum pr\u00e9f\u00e9r\u00e9 partout sans renoncer au style Prada.<\/p>\n<p>Follow us! <a href=\"https:\/\/www.instagram.com\/freeshopswiss\/\" target=\"_blank\" rel=\"noopener\">@freeshopswiss<\/a><\/p>\n","protected":false},"excerpt":{"rendered":"<p>D\u00e9couvrez l\u2019\u00e9nergie et la fra\u00eecheur de la mer avec le <strong data-start=\"1769\" data-end=\"1809\">Set Prada Luna Rossa Ocean Le Parfum<\/strong>, une combinaison parfaite pour ceux qui aiment les fragrances audacieuses, sophistiqu\u00e9es et enveloppantes.<\/p>\n","protected":false},"featured_media":37304,"comment_status":"open","ping_status":"closed","template":"","meta":[],"pwb-brand":[285],"product_brand":[],"product_cat":[138,87,89,484],"product_tag":[459,464,252,143],"class_list":{"0":"post-37308","1":"product","2":"type-product","3":"status-publish","4":"has-post-thumbnail","6":"pwb-brand-prada","7":"product_cat-offre","8":"product_cat-parfums","9":"product_cat-pour-lui","10":"product_cat-coffret","11":"product_tag-coffret","12":"product_tag-coffret-homme","13":"product_tag-eau-de-parfum-fr","14":"product_tag-homme","16":"first","17":"outofstock","18":"sale","19":"taxable","20":"shipping-taxable","21":"purchasable","22":"product-type-simple"},"brands":[{"id":285,"name":"Prada","slug":"prada"}],"_links":{"self":[{"href":"https:\/\/www.freeshopfrontiera.ch\/fr\/wp-json\/wp\/v2\/product\/37308","targetHints":{"allow":["GET"]}}],"collection":[{"href":"https:\/\/www.freeshopfrontiera.ch\/fr\/wp-json\/wp\/v2\/product"}],"about":[{"href":"https:\/\/www.freeshopfrontiera.ch\/fr\/wp-json\/wp\/v2\/types\/product"}],"replies":[{"embeddable":true,"href":"https:\/\/www.freeshopfrontiera.ch\/fr\/wp-json\/wp\/v2\/comments?post=37308"}],"version-history":[{"count":1,"href":"https:\/\/www.freeshopfrontiera.ch\/fr\/wp-json\/wp\/v2\/product\/37308\/revisions"}],"predecessor-version":[{"id":37311,"href":"https:\/\/www.freeshopfrontiera.ch\/fr\/wp-json\/wp\/v2\/product\/37308\/revisions\/37311"}],"wp:featuredmedia":[{"embeddable":true,"href":"https:\/\/www.freeshopfrontiera.ch\/fr\/wp-json\/wp\/v2\/media\/37304"}],"wp:attachment":[{"href":"https:\/\/www.freeshopfrontiera.ch\/fr\/wp-json\/wp\/v2\/media?parent=37308"}],"wp:term":[{"taxonomy":"pwb-brand","embeddable":true,"href":"https:\/\/www.freeshopfrontiera.ch\/fr\/wp-json\/wp\/v2\/pwb-brand?post=37308"},{"taxonomy":"product_brand","embeddable":true,"href":"https:\/\/www.freeshopfrontiera.ch\/fr\/wp-json\/wp\/v2\/product_brand?post=37308"},{"taxonomy":"product_cat","embeddable":true,"href":"https:\/\/www.freeshopfrontiera.ch\/fr\/wp-json\/wp\/v2\/product_cat?post=37308"},{"taxonomy":"product_tag","embeddable":true,"href":"https:\/\/www.freeshopfrontiera.ch\/fr\/wp-json\/wp\/v2\/product_tag?post=37308"}],"curies":[{"name":"wp","href":"https:\/\/api.w.org\/{rel}","templated":true}]}}