{"id":37337,"date":"2025-11-24T09:14:43","date_gmt":"2025-11-24T09:14:43","guid":{"rendered":"https:\/\/www.freeshopfrontiera.ch\/shop\/clarins-set-doux-nettoyant\/"},"modified":"2025-11-24T09:25:43","modified_gmt":"2025-11-24T09:25:43","slug":"clarins-set-doux-nettoyant","status":"publish","type":"product","link":"https:\/\/www.freeshopfrontiera.ch\/fr\/shop\/clarins-set-doux-nettoyant\/","title":{"rendered":"CLARINS SET Doux Nettoyant"},"content":{"rendered":"<p data-start=\"3006\" data-end=\"3329\">D\u00e9couvrez le <strong data-start=\"3019\" data-end=\"3145\">Clarins Set Doux Nettoyant Moussant Apaisant 125 ml + Lotion Tonique Apaisante 200 ml + Eau Micellaire D\u00e9maquillante 50 ml<\/strong>, la routine de nettoyage compl\u00e8te id\u00e9ale pour les peaux sensibles, r\u00e9actives et facilement irrit\u00e9es. Ce trio r\u00e9unit des essentiels qui allient douceur, efficacit\u00e9 et confort imm\u00e9diat.<\/p>\n<p data-start=\"3331\" data-end=\"3640\">Le <strong data-start=\"3334\" data-end=\"3370\">Doux Nettoyant Moussant Apaisant<\/strong> nettoie la peau gr\u00e2ce \u00e0 une mousse douce et cr\u00e9meuse qui \u00e9limine impuret\u00e9s, maquillage et pollution sans dess\u00e9cher l\u2019\u00e9piderme. Enrichi en extraits v\u00e9g\u00e9taux apaisants, il aide \u00e0 r\u00e9duire rougeurs et tiraillements, laissant la peau fra\u00eeche, lisse et parfaitement purifi\u00e9e.<\/p>\n<p data-start=\"3642\" data-end=\"3893\">La <strong data-start=\"3645\" data-end=\"3673\">Lotion Tonique Apaisante<\/strong>, sans alcool, compl\u00e8te la routine en rafra\u00eechissant et en r\u00e9\u00e9quilibrant d\u00e9licatement la peau. Infus\u00e9e de camomille et d\u2019extraits botaniques, elle pr\u00e9pare l\u2019\u00e9piderme aux soins suivants et ravive l\u2019\u00e9clat naturel du teint.<\/p>\n<p data-start=\"3895\" data-end=\"4174\">L\u2019<strong data-start=\"3897\" data-end=\"3929\">Eau Micellaire D\u00e9maquillante<\/strong> constitue la premi\u00e8re \u00e9tape du rituel : elle d\u00e9maquille et \u00e9limine en douceur impuret\u00e9s et exc\u00e8s de s\u00e9bum en un seul geste, tout en maintenant l\u2019hydratation et le confort. Sa formule ultra-douce la rend parfaitement adapt\u00e9e aux peaux sensibles.<\/p>\n<p data-start=\"4176\" data-end=\"4315\">Id\u00e9al pour une routine beaut\u00e9 compl\u00e8te et performante, ce coffret Clarins r\u00e9v\u00e8le jour apr\u00e8s jour une peau plus apais\u00e9e, douce et lumineuse.<\/p>\n<p data-start=\"1257\" data-end=\"1465\">Follow us! <a href=\"https:\/\/www.instagram.com\/freeshopswiss\/\" target=\"_blank\" rel=\"noopener\">@freeshopswiss<\/a><\/p>\n","protected":false},"excerpt":{"rendered":"<p>D\u00e9couvrez le <strong data-start=\"3019\" data-end=\"3145\">Clarins Set Doux Nettoyant Moussant Apaisant 125 ml + Lotion Tonique Apaisante 200 ml + Eau Micellaire D\u00e9maquillante 50 ml<\/strong>, la routine de nettoyage compl\u00e8te id\u00e9ale pour les peaux sensibles, r\u00e9actives et facilement irrit\u00e9es.<\/p>\n","protected":false},"featured_media":37331,"comment_status":"open","ping_status":"closed","template":"","meta":[],"pwb-brand":[311],"product_brand":[],"product_cat":[109,295,484,545],"product_tag":[459,461,296,417,301],"class_list":{"0":"post-37337","1":"product","2":"type-product","3":"status-publish","4":"has-post-thumbnail","6":"pwb-brand-clarins","7":"product_cat-pour-elle","8":"product_cat-traitements","9":"product_cat-coffret","10":"product_cat-soin-du-visage","11":"product_tag-coffret","12":"product_tag-coffrets-femme","13":"product_tag-femme","14":"product_tag-soins-fr","15":"product_tag-soins-du-visage","17":"first","18":"outofstock","19":"sale","20":"taxable","21":"shipping-taxable","22":"purchasable","23":"product-type-simple"},"brands":[{"id":311,"name":"Clarins","slug":"clarins"}],"_links":{"self":[{"href":"https:\/\/www.freeshopfrontiera.ch\/fr\/wp-json\/wp\/v2\/product\/37337","targetHints":{"allow":["GET"]}}],"collection":[{"href":"https:\/\/www.freeshopfrontiera.ch\/fr\/wp-json\/wp\/v2\/product"}],"about":[{"href":"https:\/\/www.freeshopfrontiera.ch\/fr\/wp-json\/wp\/v2\/types\/product"}],"replies":[{"embeddable":true,"href":"https:\/\/www.freeshopfrontiera.ch\/fr\/wp-json\/wp\/v2\/comments?post=37337"}],"version-history":[{"count":1,"href":"https:\/\/www.freeshopfrontiera.ch\/fr\/wp-json\/wp\/v2\/product\/37337\/revisions"}],"predecessor-version":[{"id":37341,"href":"https:\/\/www.freeshopfrontiera.ch\/fr\/wp-json\/wp\/v2\/product\/37337\/revisions\/37341"}],"wp:featuredmedia":[{"embeddable":true,"href":"https:\/\/www.freeshopfrontiera.ch\/fr\/wp-json\/wp\/v2\/media\/37331"}],"wp:attachment":[{"href":"https:\/\/www.freeshopfrontiera.ch\/fr\/wp-json\/wp\/v2\/media?parent=37337"}],"wp:term":[{"taxonomy":"pwb-brand","embeddable":true,"href":"https:\/\/www.freeshopfrontiera.ch\/fr\/wp-json\/wp\/v2\/pwb-brand?post=37337"},{"taxonomy":"product_brand","embeddable":true,"href":"https:\/\/www.freeshopfrontiera.ch\/fr\/wp-json\/wp\/v2\/product_brand?post=37337"},{"taxonomy":"product_cat","embeddable":true,"href":"https:\/\/www.freeshopfrontiera.ch\/fr\/wp-json\/wp\/v2\/product_cat?post=37337"},{"taxonomy":"product_tag","embeddable":true,"href":"https:\/\/www.freeshopfrontiera.ch\/fr\/wp-json\/wp\/v2\/product_tag?post=37337"}],"curies":[{"name":"wp","href":"https:\/\/api.w.org\/{rel}","templated":true}]}}