{"id":37349,"date":"2025-11-24T09:35:56","date_gmt":"2025-11-24T09:35:56","guid":{"rendered":"https:\/\/www.freeshopfrontiera.ch\/shop\/estee-lauder-set-anr-synchronized-multi-recovery\/"},"modified":"2025-11-24T09:40:44","modified_gmt":"2025-11-24T09:40:44","slug":"estee-lauder-set-anr-synchronized-multi-recovery","status":"publish","type":"product","link":"https:\/\/www.freeshopfrontiera.ch\/fr\/shop\/estee-lauder-set-anr-synchronized-multi-recovery\/","title":{"rendered":"ESTEE LAUDER SET ANR Synchronized Multi-Recovery"},"content":{"rendered":"<p data-start=\"2938\" data-end=\"3354\">D\u00e9couvrez le <strong data-start=\"2951\" data-end=\"3127\">Set Est\u00e9e Lauder ANR Synchronized Multi-Recovery Complex 30 ml + ANR Eye 15 ml + Revitalizing Supreme+ Night Power Bounce Creme 30 ml + Double Wear Zero Smudge Mascara 6 ml<\/strong>, le coffret skincare &amp; beaut\u00e9 parfait pour une routine compl\u00e8te et performante. Id\u00e9al en cadeau ou pour se faire plaisir, ce set r\u00e9unit des produits iconiques Est\u00e9e Lauder con\u00e7us pour rajeunir, illuminer et sublimer le regard.<\/p>\n<p data-start=\"3356\" data-end=\"3631\">Le <strong data-start=\"3359\" data-end=\"3420\">Advanced Night Repair Synchronized Multi-Recovery Complex<\/strong> est le s\u00e9rum best-seller qui lutte contre les signes visibles de l\u2019\u00e2ge, am\u00e9liorant l\u2019\u00e9lasticit\u00e9, la fermet\u00e9 et l\u2019\u00e9clat de la peau. Sa formule multi-action r\u00e9pare, hydrate intens\u00e9ment et r\u00e9duit rides et ridules.<\/p>\n<p data-start=\"3633\" data-end=\"3767\">Le <strong data-start=\"3636\" data-end=\"3647\">ANR Eye<\/strong> cible le contour des yeux, att\u00e9nuant cernes, poches et ridules, pour un regard visiblement plus jeune, lisse et repos\u00e9.<\/p>\n<p data-start=\"3769\" data-end=\"3989\">La <strong data-start=\"3772\" data-end=\"3822\">Revitalizing Supreme+ Night Power Bounce Creme<\/strong> est une cr\u00e8me de nuit riche et nourrissante qui favorise le renouvellement cellulaire, am\u00e9liore la densit\u00e9 de la peau et restitue un teint rebondi et frais au r\u00e9veil.<\/p>\n<p data-start=\"3991\" data-end=\"4131\">Enfin, le <strong data-start=\"4001\" data-end=\"4036\">Double Wear Zero Smudge Mascara<\/strong> offre jusqu\u2019\u00e0 24 heures de tenue, d\u00e9finissant, allongeant et volumisant les cils sans bavures.<\/p>\n<p data-start=\"4133\" data-end=\"4237\">Un set luxueux et performant pour une peau visiblement plus jeune et un regard irr\u00e9sistible et lumineux.<\/p>\n<p data-start=\"1385\" data-end=\"1502\">Follow us! <a href=\"https:\/\/www.instagram.com\/freeshopswiss\/\" target=\"_blank\" rel=\"noopener\">@freeshopswiss<\/a><\/p>\n","protected":false},"excerpt":{"rendered":"<p>D\u00e9couvrez le <strong data-start=\"2951\" data-end=\"3127\">Set Est\u00e9e Lauder ANR Synchronized Multi-Recovery Complex 30 ml + ANR Eye 15 ml + Revitalizing Supreme+ Night Power Bounce Creme 30 ml + Double Wear Zero Smudge Mascara 6 ml<\/strong>, le coffret skincare &amp; beaut\u00e9 parfait pour une routine compl\u00e8te et performante.<\/p>\n","protected":false},"featured_media":37345,"comment_status":"open","ping_status":"closed","template":"","meta":[],"pwb-brand":[2879],"product_brand":[],"product_cat":[138,109,295,484,545],"product_tag":[459,461,417,301],"class_list":{"0":"post-37349","1":"product","2":"type-product","3":"status-publish","4":"has-post-thumbnail","6":"pwb-brand-estee-lauder","7":"product_cat-offre","8":"product_cat-pour-elle","9":"product_cat-traitements","10":"product_cat-coffret","11":"product_cat-soin-du-visage","12":"product_tag-coffret","13":"product_tag-coffrets-femme","14":"product_tag-soins-fr","15":"product_tag-soins-du-visage","17":"first","18":"instock","19":"sale","20":"taxable","21":"shipping-taxable","22":"purchasable","23":"product-type-simple"},"brands":[{"id":2879,"name":"Estee Lauder","slug":"estee-lauder"}],"_links":{"self":[{"href":"https:\/\/www.freeshopfrontiera.ch\/fr\/wp-json\/wp\/v2\/product\/37349","targetHints":{"allow":["GET"]}}],"collection":[{"href":"https:\/\/www.freeshopfrontiera.ch\/fr\/wp-json\/wp\/v2\/product"}],"about":[{"href":"https:\/\/www.freeshopfrontiera.ch\/fr\/wp-json\/wp\/v2\/types\/product"}],"replies":[{"embeddable":true,"href":"https:\/\/www.freeshopfrontiera.ch\/fr\/wp-json\/wp\/v2\/comments?post=37349"}],"version-history":[{"count":1,"href":"https:\/\/www.freeshopfrontiera.ch\/fr\/wp-json\/wp\/v2\/product\/37349\/revisions"}],"predecessor-version":[{"id":37354,"href":"https:\/\/www.freeshopfrontiera.ch\/fr\/wp-json\/wp\/v2\/product\/37349\/revisions\/37354"}],"wp:featuredmedia":[{"embeddable":true,"href":"https:\/\/www.freeshopfrontiera.ch\/fr\/wp-json\/wp\/v2\/media\/37345"}],"wp:attachment":[{"href":"https:\/\/www.freeshopfrontiera.ch\/fr\/wp-json\/wp\/v2\/media?parent=37349"}],"wp:term":[{"taxonomy":"pwb-brand","embeddable":true,"href":"https:\/\/www.freeshopfrontiera.ch\/fr\/wp-json\/wp\/v2\/pwb-brand?post=37349"},{"taxonomy":"product_brand","embeddable":true,"href":"https:\/\/www.freeshopfrontiera.ch\/fr\/wp-json\/wp\/v2\/product_brand?post=37349"},{"taxonomy":"product_cat","embeddable":true,"href":"https:\/\/www.freeshopfrontiera.ch\/fr\/wp-json\/wp\/v2\/product_cat?post=37349"},{"taxonomy":"product_tag","embeddable":true,"href":"https:\/\/www.freeshopfrontiera.ch\/fr\/wp-json\/wp\/v2\/product_tag?post=37349"}],"curies":[{"name":"wp","href":"https:\/\/api.w.org\/{rel}","templated":true}]}}