{"id":37623,"date":"2025-12-05T10:06:17","date_gmt":"2025-12-05T10:06:17","guid":{"rendered":"https:\/\/www.freeshopfrontiera.ch\/shop\/lattafa-asad-bourbon-eau-de-parfum-100ml\/"},"modified":"2025-12-05T10:10:05","modified_gmt":"2025-12-05T10:10:05","slug":"lattafa-asad-bourbon-eau-de-parfum-100ml","status":"publish","type":"product","link":"https:\/\/www.freeshopfrontiera.ch\/fr\/shop\/lattafa-asad-bourbon-eau-de-parfum-100ml\/","title":{"rendered":"LATTAFA Asad Bourbon Eau de Parfum 100ml"},"content":{"rendered":"<p data-start=\"1414\" data-end=\"1799\">Lattafa Asad Bourbon Eau de Parfum Vapo 100 ml est un parfum intense et enveloppant, con\u00e7u pour ceux qui appr\u00e9cient les senteurs riches, chaudes et au caract\u00e8re affirm\u00e9. Inspir\u00e9 par l\u2019\u00e9l\u00e9gance profonde des notes de bourbon, cet EDP associe la tradition orientale de Lattafa \u00e0 une sensibilit\u00e9 olfactive moderne, cr\u00e9ant une exp\u00e9rience unique et sophistiqu\u00e9e d\u00e8s la premi\u00e8re vaporisation.<\/p>\n<p data-start=\"1801\" data-end=\"2308\">L\u2019ouverture est puissante et s\u00e9duisante, avec un m\u00e9lange aromatique qui rappelle la chaleur \u00e9pic\u00e9e de la cannelle et du poivre noir, envelopp\u00e9 d\u2019une touche liquoreuse qui apporte imm\u00e9diatement une pr\u00e9sence magn\u00e9tique. Les notes de c\u0153ur r\u00e9v\u00e8lent un \u00e9quilibre parfait entre la f\u00e8ve tonka, la vanille et les bois pr\u00e9cieux, ajoutant douceur et profondeur sans perdre en intensit\u00e9. En fond, l\u2019ambre et le bois de santal se fondent dans un sillage cr\u00e9meux et persistant qui accompagne le porteur toute la journ\u00e9e.<\/p>\n<p data-start=\"2310\" data-end=\"2654\">Con\u00e7u pour les hommes qui souhaitent se d\u00e9marquer avec un parfum sensuel et affirm\u00e9, Asad Bourbon est id\u00e9al pour les soir\u00e9es sp\u00e9ciales, les occasions formelles ou simplement pour se sentir irr\u00e9sistible au quotidien. Sa longue tenue et sa forte projection en font un excellent choix pour ceux qui recherchent un parfum qui ne passe pas inaper\u00e7u.<\/p>\n<p data-start=\"2656\" data-end=\"2814\">Lattafa Asad Bourbon est le choix parfait pour ceux qui d\u00e9sirent un parfum riche, chaleureux et plein de caract\u00e8re, capable de laisser un sillage inoubliable.<\/p>\n<p data-start=\"1513\" data-end=\"1671\" data-is-last-node=\"\" data-is-only-node=\"\">Follow us! <a href=\"https:\/\/www.instagram.com\/freeshopswiss\/\" target=\"_blank\" rel=\"noopener\">@freeshopswiss<\/a><\/p>\n","protected":false},"excerpt":{"rendered":"<p><strong>Lattafa Asad Bourbon Eau de Parfum<\/strong> Vapo 100 ml est un parfum intense et enveloppant, con\u00e7u pour ceux qui appr\u00e9cient les senteurs riches, chaudes et au caract\u00e8re affirm\u00e9.<\/p>\n","protected":false},"featured_media":37618,"comment_status":"open","ping_status":"closed","template":"","meta":[],"pwb-brand":[772],"product_brand":[],"product_cat":[138,87,109,89,4195],"product_tag":[280,252,296,143,278,97],"class_list":{"0":"post-37623","1":"product","2":"type-product","3":"status-publish","4":"has-post-thumbnail","6":"pwb-brand-lattafa","7":"product_cat-offre","8":"product_cat-parfums","9":"product_cat-pour-elle","10":"product_cat-pour-lui","11":"product_cat-parfums-offer","12":"product_tag-bestseller-fr","13":"product_tag-eau-de-parfum-fr","14":"product_tag-femme","15":"product_tag-homme","16":"product_tag-offre","17":"product_tag-parfums","19":"first","20":"instock","21":"sale","22":"taxable","23":"shipping-taxable","24":"purchasable","25":"product-type-simple"},"brands":[{"id":772,"name":"Lattafa","slug":"lattafa"}],"_links":{"self":[{"href":"https:\/\/www.freeshopfrontiera.ch\/fr\/wp-json\/wp\/v2\/product\/37623","targetHints":{"allow":["GET"]}}],"collection":[{"href":"https:\/\/www.freeshopfrontiera.ch\/fr\/wp-json\/wp\/v2\/product"}],"about":[{"href":"https:\/\/www.freeshopfrontiera.ch\/fr\/wp-json\/wp\/v2\/types\/product"}],"replies":[{"embeddable":true,"href":"https:\/\/www.freeshopfrontiera.ch\/fr\/wp-json\/wp\/v2\/comments?post=37623"}],"version-history":[{"count":1,"href":"https:\/\/www.freeshopfrontiera.ch\/fr\/wp-json\/wp\/v2\/product\/37623\/revisions"}],"predecessor-version":[{"id":37627,"href":"https:\/\/www.freeshopfrontiera.ch\/fr\/wp-json\/wp\/v2\/product\/37623\/revisions\/37627"}],"wp:featuredmedia":[{"embeddable":true,"href":"https:\/\/www.freeshopfrontiera.ch\/fr\/wp-json\/wp\/v2\/media\/37618"}],"wp:attachment":[{"href":"https:\/\/www.freeshopfrontiera.ch\/fr\/wp-json\/wp\/v2\/media?parent=37623"}],"wp:term":[{"taxonomy":"pwb-brand","embeddable":true,"href":"https:\/\/www.freeshopfrontiera.ch\/fr\/wp-json\/wp\/v2\/pwb-brand?post=37623"},{"taxonomy":"product_brand","embeddable":true,"href":"https:\/\/www.freeshopfrontiera.ch\/fr\/wp-json\/wp\/v2\/product_brand?post=37623"},{"taxonomy":"product_cat","embeddable":true,"href":"https:\/\/www.freeshopfrontiera.ch\/fr\/wp-json\/wp\/v2\/product_cat?post=37623"},{"taxonomy":"product_tag","embeddable":true,"href":"https:\/\/www.freeshopfrontiera.ch\/fr\/wp-json\/wp\/v2\/product_tag?post=37623"}],"curies":[{"name":"wp","href":"https:\/\/api.w.org\/{rel}","templated":true}]}}