{"id":37637,"date":"2025-12-05T12:50:10","date_gmt":"2025-12-05T12:50:10","guid":{"rendered":"https:\/\/www.freeshopfrontiera.ch\/shop\/sensai-set-cellular-performance\/"},"modified":"2025-12-05T12:53:22","modified_gmt":"2025-12-05T12:53:22","slug":"sensai-set-cellular-performance","status":"publish","type":"product","link":"https:\/\/www.freeshopfrontiera.ch\/fr\/shop\/sensai-set-cellular-performance\/","title":{"rendered":"SENSAI SET Cellular Performance"},"content":{"rendered":"<p data-start=\"3237\" data-end=\"3345\"><strong data-start=\"3237\" data-end=\"3343\">Sensai Cellular Performance Set \u2013 Cr\u00e8me Visage 40ml + Lotion II 20ml + Cr\u00e8me Yeux 2ml + Baume Yeux 2ml<\/strong><\/p>\n<p data-start=\"3347\" data-end=\"3698\">Le <strong data-start=\"3350\" data-end=\"3385\">Sensai Cellular Performance Set<\/strong> est un rituel complet pour une peau visiblement plus jeune, lumineuse et ferme. Con\u00e7u pour ceux qui recherchent efficacit\u00e9 professionnelle et plaisir sensoriel, ce coffret contient les produits essentiels de la gamme Cellular Performance, formul\u00e9s pour am\u00e9liorer l\u2019\u00e9lasticit\u00e9, la fermet\u00e9 et l\u2019\u00e9clat de la peau.<\/p>\n<p data-start=\"3700\" data-end=\"3975\"><strong data-start=\"3700\" data-end=\"3742\">Cr\u00e8me Visage Cellular Performance 40ml<\/strong><br data-start=\"3742\" data-end=\"3745\" \/>Une cr\u00e8me riche et velout\u00e9e qui nourrit intens\u00e9ment la peau, r\u00e9duit les signes du vieillissement et apporte une fermet\u00e9 imm\u00e9diate. Sa formule avanc\u00e9e soutient la fonction barri\u00e8re de la peau et am\u00e9liore visiblement l\u2019\u00e9lasticit\u00e9.<\/p>\n<p data-start=\"3977\" data-end=\"4172\"><strong data-start=\"3977\" data-end=\"4016\">Lotion Cellular Performance II 20ml<\/strong><br data-start=\"4016\" data-end=\"4019\" \/>Un soin d\u00e9licat qui pr\u00e9pare la peau \u00e0 recevoir les bienfaits des produits suivants. Elle hydrate, tonifie et favorise l\u2019absorption optimale des actifs.<\/p>\n<p data-start=\"4174\" data-end=\"4347\"><strong data-start=\"4174\" data-end=\"4213\">Cr\u00e8me Yeux Cellular Performance 2ml<\/strong><br data-start=\"4213\" data-end=\"4216\" \/>Sp\u00e9cialement con\u00e7ue pour le contour des yeux, cette cr\u00e8me aide \u00e0 r\u00e9duire poches et cernes, laissant le regard lumineux et repos\u00e9.<\/p>\n<p data-start=\"4349\" data-end=\"4552\"><strong data-start=\"4349\" data-end=\"4388\">Baume Yeux Cellular Performance 2ml<\/strong><br data-start=\"4388\" data-end=\"4391\" \/>Un concentr\u00e9 r\u00e9g\u00e9n\u00e9rant pour le contour des yeux, avec une texture riche et apaisante qui combat les signes de fatigue et prot\u00e8ge la d\u00e9licatesse de cette zone.<\/p>\n<p data-start=\"4554\" data-end=\"4735\">Parfait comme cadeau de luxe ou pour un soin complet \u00e0 domicile, le <strong data-start=\"4622\" data-end=\"4657\">Sensai Cellular Performance Set<\/strong> est l\u2019alli\u00e9 id\u00e9al pour une peau d\u2019apparence jeune, radieuse et harmonieuse.<\/p>\n","protected":false},"excerpt":{"rendered":"<p>Le <strong data-start=\"3350\" data-end=\"3385\">Sensai Cellular Performance Set<\/strong> est un rituel complet pour une peau visiblement plus jeune, lumineuse et ferme. Con\u00e7u pour ceux qui recherchent efficacit\u00e9 professionnelle et plaisir sensoriel<\/p>\n","protected":false},"featured_media":37633,"comment_status":"open","ping_status":"closed","template":"","meta":[],"pwb-brand":[596],"product_brand":[],"product_cat":[109,484],"product_tag":[459,461,296,417],"class_list":{"0":"post-37637","1":"product","2":"type-product","3":"status-publish","4":"has-post-thumbnail","6":"pwb-brand-sensai","7":"product_cat-pour-elle","8":"product_cat-coffret","9":"product_tag-coffret","10":"product_tag-coffrets-femme","11":"product_tag-femme","12":"product_tag-soins-fr","14":"first","15":"instock","16":"sale","17":"taxable","18":"shipping-taxable","19":"purchasable","20":"product-type-simple"},"brands":[{"id":596,"name":"Sensai","slug":"sensai"}],"_links":{"self":[{"href":"https:\/\/www.freeshopfrontiera.ch\/fr\/wp-json\/wp\/v2\/product\/37637","targetHints":{"allow":["GET"]}}],"collection":[{"href":"https:\/\/www.freeshopfrontiera.ch\/fr\/wp-json\/wp\/v2\/product"}],"about":[{"href":"https:\/\/www.freeshopfrontiera.ch\/fr\/wp-json\/wp\/v2\/types\/product"}],"replies":[{"embeddable":true,"href":"https:\/\/www.freeshopfrontiera.ch\/fr\/wp-json\/wp\/v2\/comments?post=37637"}],"version-history":[{"count":1,"href":"https:\/\/www.freeshopfrontiera.ch\/fr\/wp-json\/wp\/v2\/product\/37637\/revisions"}],"predecessor-version":[{"id":37641,"href":"https:\/\/www.freeshopfrontiera.ch\/fr\/wp-json\/wp\/v2\/product\/37637\/revisions\/37641"}],"wp:featuredmedia":[{"embeddable":true,"href":"https:\/\/www.freeshopfrontiera.ch\/fr\/wp-json\/wp\/v2\/media\/37633"}],"wp:attachment":[{"href":"https:\/\/www.freeshopfrontiera.ch\/fr\/wp-json\/wp\/v2\/media?parent=37637"}],"wp:term":[{"taxonomy":"pwb-brand","embeddable":true,"href":"https:\/\/www.freeshopfrontiera.ch\/fr\/wp-json\/wp\/v2\/pwb-brand?post=37637"},{"taxonomy":"product_brand","embeddable":true,"href":"https:\/\/www.freeshopfrontiera.ch\/fr\/wp-json\/wp\/v2\/product_brand?post=37637"},{"taxonomy":"product_cat","embeddable":true,"href":"https:\/\/www.freeshopfrontiera.ch\/fr\/wp-json\/wp\/v2\/product_cat?post=37637"},{"taxonomy":"product_tag","embeddable":true,"href":"https:\/\/www.freeshopfrontiera.ch\/fr\/wp-json\/wp\/v2\/product_tag?post=37637"}],"curies":[{"name":"wp","href":"https:\/\/api.w.org\/{rel}","templated":true}]}}