{"id":37669,"date":"2025-12-09T09:58:21","date_gmt":"2025-12-09T09:58:21","guid":{"rendered":"https:\/\/www.freeshopfrontiera.ch\/shop\/lancome-set-mascara-hypnose\/"},"modified":"2025-12-09T10:01:42","modified_gmt":"2025-12-09T10:01:42","slug":"lancome-set-mascara-hypnose","status":"publish","type":"product","link":"https:\/\/www.freeshopfrontiera.ch\/fr\/shop\/lancome-set-mascara-hypnose\/","title":{"rendered":"LANCOME SET Mascara Hypnose"},"content":{"rendered":"<article class=\"text-token-text-primary w-full focus:outline-none [--shadow-height:45px] has-data-writing-block:pointer-events-none has-data-writing-block:-mt-(--shadow-height) has-data-writing-block:pt-(--shadow-height) [&amp;:has([data-writing-block])&gt;*]:pointer-events-auto scroll-mt-[calc(var(--header-height)+min(200px,max(70px,20svh)))]\" dir=\"auto\" tabindex=\"-1\" data-turn-id=\"request-WEB:e4531c76-f296-4b22-aa8b-a9353e689afa-8\" data-testid=\"conversation-turn-18\" data-scroll-anchor=\"true\" data-turn=\"assistant\">\n<div class=\"text-base my-auto mx-auto pb-10 [--thread-content-margin:--spacing(4)] @w-sm\/main:[--thread-content-margin:--spacing(6)] @w-lg\/main:[--thread-content-margin:--spacing(16)] px-(--thread-content-margin)\">\n<div class=\"[--thread-content-max-width:40rem] @w-lg\/main:[--thread-content-max-width:48rem] mx-auto max-w-(--thread-content-max-width) flex-1 group\/turn-messages focus-visible:outline-hidden relative flex w-full min-w-0 flex-col agent-turn\" tabindex=\"-1\">\n<div class=\"flex max-w-full flex-col grow\">\n<div class=\"min-h-8 text-message relative flex w-full flex-col items-end gap-2 text-start break-words whitespace-normal [.text-message+&amp;]:mt-1\" dir=\"auto\" data-message-author-role=\"assistant\" data-message-id=\"85147616-a819-4446-9a97-a7c065073ac5\" data-message-model-slug=\"gpt-5-1\">\n<div class=\"flex w-full flex-col gap-1 empty:hidden first:pt-[1px]\">\n<div class=\"markdown prose dark:prose-invert w-full break-words light markdown-new-styling\">\n<p data-start=\"1598\" data-end=\"1984\">D\u00e9couvrez le <strong data-start=\"1611\" data-end=\"1704\">Coffret Lanc\u00f4me \u2013 Mascara Hypn\u00f4se 01 Noir + Bi-Facil 30 ml + Advanced G\u00e9nifique Yeux 5 ml<\/strong>, un ensemble exclusif con\u00e7u pour sublimer le regard gr\u00e2ce \u00e0 un rituel beaut\u00e9 complet, iconique et \u00e9l\u00e9gant. Ce coffret r\u00e9unit trois produits cultes de Lanc\u00f4me, parfaits pour obtenir des cils intensifi\u00e9s, un d\u00e9maquillage impeccable et un soin contour des yeux hautement performant.<\/p>\n<p data-start=\"1986\" data-end=\"2316\">Le <strong data-start=\"1989\" data-end=\"2016\">Mascara Hypn\u00f4se 01 Noir<\/strong> est un classique intemporel : il apporte volume et d\u00e9finition \u00e0 chaque cil avec une intensit\u00e9 modulabile, permettant de cr\u00e9er un effet du plus naturel au plus spectaculaire. Sa texture cr\u00e9meuse, enrichie en Pro-Vitamine B5, enveloppe les cils sans les alourdir, pour un regard profond et magn\u00e9tique.<\/p>\n<p data-start=\"2318\" data-end=\"2596\">Le c\u00e9l\u00e8bre <strong data-start=\"2329\" data-end=\"2347\">Bi-Facil 30 ml<\/strong>, d\u00e9maquillant bifas\u00e9 pour les yeux, \u00e9limine efficacement m\u00eame le maquillage le plus r\u00e9sistant et waterproof. Sa formule douce convient aux yeux sensibles et aux porteurs de lentilles, laissant la peau fra\u00eeche, propre et confortable, sans film gras.<\/p>\n<p data-start=\"2598\" data-end=\"2881\">Le soin <strong data-start=\"2606\" data-end=\"2638\">Advanced G\u00e9nifique Yeux 5 ml<\/strong> compl\u00e8te le rituel : un s\u00e9rum l\u00e9ger et puissant qui illumine, lisse et renforce le contour des yeux. Il r\u00e9duit visiblement les signes de fatigue, les ridules et les cernes, pour un regard plus jeune et \u00e9clatant d\u00e8s les premi\u00e8res applications.<\/p>\n<p data-start=\"2883\" data-end=\"2991\">Un coffret raffin\u00e9 et complet, parfait \u00e0 offrir ou pour profiter du meilleur de l\u2019expertise soin de Lanc\u00f4me.<\/p>\n<\/div>\n<\/div>\n<\/div>\n<\/div>\n<div class=\"z-0 flex min-h-[46px] justify-start\"><\/div>\n<div class=\"mt-3 w-full empty:hidden\">\n<div class=\"text-center\">Follow us! <a href=\"https:\/\/www.instagram.com\/freeshopswiss\/\" target=\"_blank\" rel=\"noopener\">@freeshopswiss<\/a><\/div>\n<\/div>\n<\/div>\n<\/div>\n<\/article>\n<div class=\"pointer-events-none h-px w-px\" aria-hidden=\"true\" data-edge=\"true\"><\/div>\n","protected":false},"excerpt":{"rendered":"<p>D\u00e9couvrez le <strong data-start=\"1611\" data-end=\"1704\">Coffret Lanc\u00f4me \u2013 Mascara Hypn\u00f4se 01 Noir + Bi-Facil 30 ml + Advanced G\u00e9nifique Yeux 5 ml<\/strong>, un ensemble exclusif con\u00e7u pour sublimer le regard gr\u00e2ce \u00e0 un rituel beaut\u00e9 complet, iconique et \u00e9l\u00e9gant.<\/p>\n","protected":false},"featured_media":37665,"comment_status":"open","ping_status":"closed","template":"","meta":[],"pwb-brand":[262],"product_brand":[],"product_cat":[295,484,566,536],"product_tag":[459,461,477,471],"class_list":{"0":"post-37669","1":"product","2":"type-product","3":"status-publish","4":"has-post-thumbnail","6":"pwb-brand-lancome","7":"product_cat-traitements","8":"product_cat-coffret","9":"product_cat-make-up-fr-2","10":"product_cat-maquillage-des-yeux","11":"product_tag-coffret","12":"product_tag-coffrets-femme","13":"product_tag-maquillage","14":"product_tag-maquillage-des-yeux","16":"first","17":"outofstock","18":"sale","19":"taxable","20":"shipping-taxable","21":"purchasable","22":"product-type-simple"},"brands":[{"id":262,"name":"Lanc\u00f4me","slug":"lancome"}],"_links":{"self":[{"href":"https:\/\/www.freeshopfrontiera.ch\/fr\/wp-json\/wp\/v2\/product\/37669","targetHints":{"allow":["GET"]}}],"collection":[{"href":"https:\/\/www.freeshopfrontiera.ch\/fr\/wp-json\/wp\/v2\/product"}],"about":[{"href":"https:\/\/www.freeshopfrontiera.ch\/fr\/wp-json\/wp\/v2\/types\/product"}],"replies":[{"embeddable":true,"href":"https:\/\/www.freeshopfrontiera.ch\/fr\/wp-json\/wp\/v2\/comments?post=37669"}],"version-history":[{"count":1,"href":"https:\/\/www.freeshopfrontiera.ch\/fr\/wp-json\/wp\/v2\/product\/37669\/revisions"}],"predecessor-version":[{"id":37672,"href":"https:\/\/www.freeshopfrontiera.ch\/fr\/wp-json\/wp\/v2\/product\/37669\/revisions\/37672"}],"wp:featuredmedia":[{"embeddable":true,"href":"https:\/\/www.freeshopfrontiera.ch\/fr\/wp-json\/wp\/v2\/media\/37665"}],"wp:attachment":[{"href":"https:\/\/www.freeshopfrontiera.ch\/fr\/wp-json\/wp\/v2\/media?parent=37669"}],"wp:term":[{"taxonomy":"pwb-brand","embeddable":true,"href":"https:\/\/www.freeshopfrontiera.ch\/fr\/wp-json\/wp\/v2\/pwb-brand?post=37669"},{"taxonomy":"product_brand","embeddable":true,"href":"https:\/\/www.freeshopfrontiera.ch\/fr\/wp-json\/wp\/v2\/product_brand?post=37669"},{"taxonomy":"product_cat","embeddable":true,"href":"https:\/\/www.freeshopfrontiera.ch\/fr\/wp-json\/wp\/v2\/product_cat?post=37669"},{"taxonomy":"product_tag","embeddable":true,"href":"https:\/\/www.freeshopfrontiera.ch\/fr\/wp-json\/wp\/v2\/product_tag?post=37669"}],"curies":[{"name":"wp","href":"https:\/\/api.w.org\/{rel}","templated":true}]}}