{"id":37709,"date":"2025-12-09T10:59:50","date_gmt":"2025-12-09T10:59:50","guid":{"rendered":"https:\/\/www.freeshopfrontiera.ch\/shop\/lattafa-khamrah-eau-de-parfum-100ml\/"},"modified":"2026-03-19T17:40:56","modified_gmt":"2026-03-19T17:40:56","slug":"lattafa-khamrah-eau-de-parfum-100ml","status":"publish","type":"product","link":"https:\/\/www.freeshopfrontiera.ch\/fr\/shop\/lattafa-khamrah-eau-de-parfum-100ml\/","title":{"rendered":"LATTAFA Khamrah Eau de Parfum 100ml"},"content":{"rendered":"<p data-start=\"2755\" data-end=\"3126\">D\u00e9couvrez <strong data-start=\"2765\" data-end=\"2805\">Lattafa Khamrah Eau de Parfum 100 ml<\/strong>, un parfum intense et enveloppant qui capture l\u2019essence de la sophistication et d\u2019une personnalit\u00e9 affirm\u00e9e. Parfait pour ceux qui aiment se d\u00e9marquer avec \u00e9l\u00e9gance et raffinement, ce parfum allie des notes chaudes et sensuelles \u00e0 un caract\u00e8re distinctif, id\u00e9al pour les occasions sp\u00e9ciales ou pour un usage quotidien.<\/p>\n<p data-start=\"3128\" data-end=\"3475\">Les notes de t\u00eate, fra\u00eeches et aromatiques, ouvrent le parfum sur une explosion d\u2019\u00e9nergie et de vitalit\u00e9. Le c\u0153ur r\u00e9v\u00e8le un bouquet harmonieux de fleurs et d\u2019\u00e9pices s\u00e9lectionn\u00e9es, apportant profondeur et charme, tandis que la base chaude et persistante combine des accords bois\u00e9s et musqu\u00e9s, laissant un sillage captivant qui attire l\u2019attention.<\/p>\n<p data-start=\"3477\" data-end=\"3762\">Le flacon de 100 ml allie esth\u00e9tique et fonctionnalit\u00e9, offrant praticit\u00e9 et style, parfait pour votre coiffeuse ou pour l\u2019emporter en voyage. La formule de haute qualit\u00e9 garantit une tenue longue dur\u00e9e sur la peau et une projection \u00e9l\u00e9gante, valorisant chaque instant de la journ\u00e9e.<\/p>\n<p data-start=\"3764\" data-end=\"4064\">Parfait comme cadeau ou pour enrichir votre collection de parfums, <strong data-start=\"3831\" data-end=\"3850\">Lattafa Khamrah<\/strong> exprime \u00e9l\u00e9gance, raffinement et charisme. Chaque vaporisation raconte l\u2019histoire d\u2019une personnalit\u00e9 affirm\u00e9e et magn\u00e9tique, en faisant le choix id\u00e9al pour ceux qui souhaitent laisser une impression inoubliable.<\/p>\n<p data-start=\"1202\" data-end=\"1488\">Follow us! <a href=\"https:\/\/www.instagram.com\/freeshopswiss\/\" target=\"_blank\" rel=\"noopener\">@freeshopswiss<\/a><\/p>\n","protected":false},"excerpt":{"rendered":"<p>D\u00e9couvrez <strong data-start=\"2765\" data-end=\"2805\">Lattafa Khamrah Eau de Parfum 100 ml<\/strong>, un parfum intense et enveloppant qui capture l\u2019essence de la sophistication et d\u2019une personnalit\u00e9 affirm\u00e9e.<\/p>\n","protected":false},"featured_media":37705,"comment_status":"open","ping_status":"closed","template":"","meta":[],"pwb-brand":[772],"product_brand":[],"product_cat":[138,87,109,89],"product_tag":[252,296,4348,789,1629,143,97,594],"class_list":{"0":"post-37709","1":"product","2":"type-product","3":"status-publish","4":"has-post-thumbnail","6":"pwb-brand-lattafa","7":"product_cat-offre","8":"product_cat-parfums","9":"product_cat-pour-elle","10":"product_cat-pour-lui","11":"product_tag-eau-de-parfum-fr","12":"product_tag-femme","13":"product_tag-fete-des-femmes","14":"product_tag-womens-fragrances-fr","15":"product_tag-mens-fragrances-fr","16":"product_tag-homme","17":"product_tag-parfums","18":"product_tag-unisex-fr-2","20":"first","21":"instock","22":"sale","23":"taxable","24":"shipping-taxable","25":"purchasable","26":"product-type-simple"},"brands":[{"id":772,"name":"Lattafa","slug":"lattafa"}],"_links":{"self":[{"href":"https:\/\/www.freeshopfrontiera.ch\/fr\/wp-json\/wp\/v2\/product\/37709","targetHints":{"allow":["GET"]}}],"collection":[{"href":"https:\/\/www.freeshopfrontiera.ch\/fr\/wp-json\/wp\/v2\/product"}],"about":[{"href":"https:\/\/www.freeshopfrontiera.ch\/fr\/wp-json\/wp\/v2\/types\/product"}],"replies":[{"embeddable":true,"href":"https:\/\/www.freeshopfrontiera.ch\/fr\/wp-json\/wp\/v2\/comments?post=37709"}],"version-history":[{"count":1,"href":"https:\/\/www.freeshopfrontiera.ch\/fr\/wp-json\/wp\/v2\/product\/37709\/revisions"}],"predecessor-version":[{"id":37714,"href":"https:\/\/www.freeshopfrontiera.ch\/fr\/wp-json\/wp\/v2\/product\/37709\/revisions\/37714"}],"wp:featuredmedia":[{"embeddable":true,"href":"https:\/\/www.freeshopfrontiera.ch\/fr\/wp-json\/wp\/v2\/media\/37705"}],"wp:attachment":[{"href":"https:\/\/www.freeshopfrontiera.ch\/fr\/wp-json\/wp\/v2\/media?parent=37709"}],"wp:term":[{"taxonomy":"pwb-brand","embeddable":true,"href":"https:\/\/www.freeshopfrontiera.ch\/fr\/wp-json\/wp\/v2\/pwb-brand?post=37709"},{"taxonomy":"product_brand","embeddable":true,"href":"https:\/\/www.freeshopfrontiera.ch\/fr\/wp-json\/wp\/v2\/product_brand?post=37709"},{"taxonomy":"product_cat","embeddable":true,"href":"https:\/\/www.freeshopfrontiera.ch\/fr\/wp-json\/wp\/v2\/product_cat?post=37709"},{"taxonomy":"product_tag","embeddable":true,"href":"https:\/\/www.freeshopfrontiera.ch\/fr\/wp-json\/wp\/v2\/product_tag?post=37709"}],"curies":[{"name":"wp","href":"https:\/\/api.w.org\/{rel}","templated":true}]}}