{"id":37722,"date":"2025-12-09T11:29:27","date_gmt":"2025-12-09T11:29:27","guid":{"rendered":"https:\/\/www.freeshopfrontiera.ch\/shop\/donna-karan-dkny-24-7-eau-de-parfum-30-ml\/"},"modified":"2025-12-09T12:01:29","modified_gmt":"2025-12-09T12:01:29","slug":"donna-karan-dkny-24-7-eau-de-parfum-30-ml","status":"publish","type":"product","link":"https:\/\/www.freeshopfrontiera.ch\/fr\/shop\/donna-karan-dkny-24-7-eau-de-parfum-30-ml\/","title":{"rendered":"DONNA KARAN DKNY 24\/7 Eau de Parfum 30 ml"},"content":{"rendered":"<p data-start=\"2775\" data-end=\"3056\">D\u00e9couvrez <strong data-start=\"2785\" data-end=\"2829\">Donna Karan DKNY 247 Eau de Parfum 30 ml<\/strong>, un parfum moderne et polyvalent con\u00e7u pour la femme dynamique et toujours en mouvement. Ce parfum capture l\u2019essence d\u2019un style de vie contemporain, alliant fra\u00eecheur, \u00e9l\u00e9gance et sensualit\u00e9 pour chaque moment de la journ\u00e9e.<\/p>\n<p data-start=\"3058\" data-end=\"3404\">Les notes de t\u00eate s\u2019ouvrent sur une explosion de fra\u00eecheur fruit\u00e9e et florale, cr\u00e9ant une impression imm\u00e9diate et vive. Le c\u0153ur r\u00e9v\u00e8le un bouquet raffin\u00e9 de fleurs blanches et d\u2019accents d\u00e9licats, apportant harmonie et f\u00e9minit\u00e9 au parfum. La base chaude et durable combine des notes bois\u00e9es et musqu\u00e9es, laissant un sillage \u00e9l\u00e9gant et m\u00e9morable.<\/p>\n<p data-start=\"3406\" data-end=\"3738\">Le flacon de <strong data-start=\"3419\" data-end=\"3428\">30 ml<\/strong> allie design compact et praticit\u00e9, parfait \u00e0 transporter dans votre sac ou \u00e0 poser sur votre coiffeuse, offrant style et commodit\u00e9 en toutes circonstances. La formule de haute qualit\u00e9 garantit une longue tenue sur la peau et une projection \u00e9quilibr\u00e9e, id\u00e9ale pour un usage quotidien ou des moments sp\u00e9ciaux.<\/p>\n<p data-start=\"3740\" data-end=\"4037\">Parfait comme cadeau ou pour enrichir votre collection personnelle, <strong data-start=\"3808\" data-end=\"3820\">DKNY 247<\/strong> exprime fra\u00eecheur, f\u00e9minit\u00e9 et vitalit\u00e9. Chaque vaporisation raconte l\u2019histoire d\u2019une femme \u00e9nergique et sophistiqu\u00e9e, en faisant le choix id\u00e9al pour celles qui recherchent un parfum polyvalent, moderne et raffin\u00e9.<\/p>\n<p data-start=\"1169\" data-end=\"1459\">Follow us! <a href=\"https:\/\/www.instagram.com\/freeshopswiss\/\" target=\"_blank\" rel=\"noopener\">@freeshopswiss<\/a><\/p>\n","protected":false},"excerpt":{"rendered":"<p>D\u00e9couvrez <strong data-start=\"2785\" data-end=\"2829\">Donna Karan DKNY 247 Eau de Parfum 30 ml<\/strong>, un parfum moderne et polyvalent con\u00e7u pour la femme dynamique et toujours en mouvement.<\/p>\n","protected":false},"featured_media":37718,"comment_status":"open","ping_status":"closed","template":"","meta":[],"pwb-brand":[3480],"product_brand":[],"product_cat":[87,109,4195],"product_tag":[252,296,789,97],"class_list":{"0":"post-37722","1":"product","2":"type-product","3":"status-publish","4":"has-post-thumbnail","6":"pwb-brand-dkny","7":"product_cat-parfums","8":"product_cat-pour-elle","9":"product_cat-parfums-offer","10":"product_tag-eau-de-parfum-fr","11":"product_tag-femme","12":"product_tag-womens-fragrances-fr","13":"product_tag-parfums","15":"first","16":"instock","17":"sale","18":"taxable","19":"shipping-taxable","20":"purchasable","21":"product-type-simple"},"brands":[{"id":3480,"name":"DKNY","slug":"dkny"}],"_links":{"self":[{"href":"https:\/\/www.freeshopfrontiera.ch\/fr\/wp-json\/wp\/v2\/product\/37722","targetHints":{"allow":["GET"]}}],"collection":[{"href":"https:\/\/www.freeshopfrontiera.ch\/fr\/wp-json\/wp\/v2\/product"}],"about":[{"href":"https:\/\/www.freeshopfrontiera.ch\/fr\/wp-json\/wp\/v2\/types\/product"}],"replies":[{"embeddable":true,"href":"https:\/\/www.freeshopfrontiera.ch\/fr\/wp-json\/wp\/v2\/comments?post=37722"}],"version-history":[{"count":1,"href":"https:\/\/www.freeshopfrontiera.ch\/fr\/wp-json\/wp\/v2\/product\/37722\/revisions"}],"predecessor-version":[{"id":37726,"href":"https:\/\/www.freeshopfrontiera.ch\/fr\/wp-json\/wp\/v2\/product\/37722\/revisions\/37726"}],"wp:featuredmedia":[{"embeddable":true,"href":"https:\/\/www.freeshopfrontiera.ch\/fr\/wp-json\/wp\/v2\/media\/37718"}],"wp:attachment":[{"href":"https:\/\/www.freeshopfrontiera.ch\/fr\/wp-json\/wp\/v2\/media?parent=37722"}],"wp:term":[{"taxonomy":"pwb-brand","embeddable":true,"href":"https:\/\/www.freeshopfrontiera.ch\/fr\/wp-json\/wp\/v2\/pwb-brand?post=37722"},{"taxonomy":"product_brand","embeddable":true,"href":"https:\/\/www.freeshopfrontiera.ch\/fr\/wp-json\/wp\/v2\/product_brand?post=37722"},{"taxonomy":"product_cat","embeddable":true,"href":"https:\/\/www.freeshopfrontiera.ch\/fr\/wp-json\/wp\/v2\/product_cat?post=37722"},{"taxonomy":"product_tag","embeddable":true,"href":"https:\/\/www.freeshopfrontiera.ch\/fr\/wp-json\/wp\/v2\/product_tag?post=37722"}],"curies":[{"name":"wp","href":"https:\/\/api.w.org\/{rel}","templated":true}]}}