{"id":37750,"date":"2025-12-10T08:10:54","date_gmt":"2025-12-10T08:10:54","guid":{"rendered":"https:\/\/www.freeshopfrontiera.ch\/shop\/giorgio-armani-set-my-way-2\/"},"modified":"2026-01-31T11:15:36","modified_gmt":"2026-01-31T11:15:36","slug":"giorgio-armani-set-my-way-2","status":"publish","type":"product","link":"https:\/\/www.freeshopfrontiera.ch\/fr\/shop\/giorgio-armani-set-my-way-2\/","title":{"rendered":"GIORGIO ARMANI SET My Way"},"content":{"rendered":"<p data-start=\"2166\" data-end=\"2261\"><strong data-start=\"2166\" data-end=\"2261\">Giorgio Armani \u2013 My Way Eau de Parfum Set (EDP 50 ml + Lait Corps 50 ml + Gel Douche 50 ml)<\/strong><\/p>\n<p data-start=\"2263\" data-end=\"2514\">D\u00e9couvrez My Way de Giorgio Armani, la fragrance f\u00e9minine qui c\u00e9l\u00e8bre les rencontres, les exp\u00e9riences et l\u2019ouverture au monde. Ce coffret \u00e9l\u00e9gant r\u00e9unit tout le rituel de parfumage dans un ensemble raffin\u00e9, id\u00e9al comme cadeau ou pour se faire plaisir.<\/p>\n<p data-start=\"2516\" data-end=\"2541\"><strong data-start=\"2516\" data-end=\"2541\">Le coffret contient :<\/strong><\/p>\n<p data-start=\"2543\" data-end=\"2858\"><strong data-start=\"2543\" data-end=\"2573\">My Way Eau de Parfum 50 ml<\/strong><br data-start=\"2573\" data-end=\"2576\" \/>Une composition lumineuse et moderne, o\u00f9 la bergamote et la fleur d\u2019oranger ouvrent la fragrance avec fra\u00eecheur. Un c\u0153ur de tub\u00e9reuse indienne apporte intensit\u00e9 et f\u00e9minit\u00e9, tandis que la base enveloppante de bois de c\u00e8dre et de vanille de Madagascar laisse un sillage irr\u00e9sistible.<\/p>\n<p data-start=\"2860\" data-end=\"3012\"><strong data-start=\"2860\" data-end=\"2880\">Lait Corps 50 ml<\/strong><br data-start=\"2880\" data-end=\"2883\" \/>Un lait hydratant \u00e0 la texture douce et soyeuse, qui parfume d\u00e9licatement la peau tout en prolongeant le sillage de la fragrance.<\/p>\n<p data-start=\"3014\" data-end=\"3182\"><strong data-start=\"3014\" data-end=\"3034\">Gel Douche 50 ml<\/strong><br data-start=\"3034\" data-end=\"3037\" \/>Un gel douche d\u00e9licat et moussant qui nettoie la peau en douceur, la laissant fra\u00eeche, velout\u00e9e et envelopp\u00e9e dans les notes iconiques de My Way.<\/p>\n<p>Follow us! <a href=\"https:\/\/www.instagram.com\/freeshopswiss\/\" target=\"_blank\" rel=\"noopener\">@freeshopswiss<\/a><\/p>\n","protected":false},"excerpt":{"rendered":"<p>D\u00e9couvrez My Way de Giorgio Armani, la fragrance f\u00e9minine qui c\u00e9l\u00e8bre les rencontres, les exp\u00e9riences et l\u2019ouverture au monde. Ce coffret \u00e9l\u00e9gant r\u00e9unit tout le rituel de parfumage dans un ensemble raffin\u00e9, id\u00e9al comme cadeau ou pour se faire plaisir.<\/p>\n","protected":false},"featured_media":37745,"comment_status":"open","ping_status":"closed","template":"","meta":[],"pwb-brand":[263],"product_brand":[],"product_cat":[138,87,109,484],"product_tag":[280,459,461,252,296,4348,789,278,97],"class_list":{"0":"post-37750","1":"product","2":"type-product","3":"status-publish","4":"has-post-thumbnail","6":"pwb-brand-giorgio-armani","7":"product_cat-offre","8":"product_cat-parfums","9":"product_cat-pour-elle","10":"product_cat-coffret","11":"product_tag-bestseller-fr","12":"product_tag-coffret","13":"product_tag-coffrets-femme","14":"product_tag-eau-de-parfum-fr","15":"product_tag-femme","16":"product_tag-fete-des-femmes","17":"product_tag-womens-fragrances-fr","18":"product_tag-offre","19":"product_tag-parfums","21":"first","22":"outofstock","23":"sale","24":"taxable","25":"shipping-taxable","26":"purchasable","27":"product-type-simple"},"brands":[{"id":263,"name":"Giorgio Armani","slug":"giorgio-armani"}],"_links":{"self":[{"href":"https:\/\/www.freeshopfrontiera.ch\/fr\/wp-json\/wp\/v2\/product\/37750","targetHints":{"allow":["GET"]}}],"collection":[{"href":"https:\/\/www.freeshopfrontiera.ch\/fr\/wp-json\/wp\/v2\/product"}],"about":[{"href":"https:\/\/www.freeshopfrontiera.ch\/fr\/wp-json\/wp\/v2\/types\/product"}],"replies":[{"embeddable":true,"href":"https:\/\/www.freeshopfrontiera.ch\/fr\/wp-json\/wp\/v2\/comments?post=37750"}],"version-history":[{"count":1,"href":"https:\/\/www.freeshopfrontiera.ch\/fr\/wp-json\/wp\/v2\/product\/37750\/revisions"}],"predecessor-version":[{"id":37754,"href":"https:\/\/www.freeshopfrontiera.ch\/fr\/wp-json\/wp\/v2\/product\/37750\/revisions\/37754"}],"wp:featuredmedia":[{"embeddable":true,"href":"https:\/\/www.freeshopfrontiera.ch\/fr\/wp-json\/wp\/v2\/media\/37745"}],"wp:attachment":[{"href":"https:\/\/www.freeshopfrontiera.ch\/fr\/wp-json\/wp\/v2\/media?parent=37750"}],"wp:term":[{"taxonomy":"pwb-brand","embeddable":true,"href":"https:\/\/www.freeshopfrontiera.ch\/fr\/wp-json\/wp\/v2\/pwb-brand?post=37750"},{"taxonomy":"product_brand","embeddable":true,"href":"https:\/\/www.freeshopfrontiera.ch\/fr\/wp-json\/wp\/v2\/product_brand?post=37750"},{"taxonomy":"product_cat","embeddable":true,"href":"https:\/\/www.freeshopfrontiera.ch\/fr\/wp-json\/wp\/v2\/product_cat?post=37750"},{"taxonomy":"product_tag","embeddable":true,"href":"https:\/\/www.freeshopfrontiera.ch\/fr\/wp-json\/wp\/v2\/product_tag?post=37750"}],"curies":[{"name":"wp","href":"https:\/\/api.w.org\/{rel}","templated":true}]}}