{"id":37850,"date":"2025-12-15T08:25:47","date_gmt":"2025-12-15T08:25:47","guid":{"rendered":"https:\/\/www.freeshopfrontiera.ch\/shop\/calvin-klein-ck-free-eau-de-toilette-100ml\/"},"modified":"2025-12-15T08:44:16","modified_gmt":"2025-12-15T08:44:16","slug":"calvin-klein-ck-free-eau-de-toilette-100ml","status":"publish","type":"product","link":"https:\/\/www.freeshopfrontiera.ch\/fr\/shop\/calvin-klein-ck-free-eau-de-toilette-100ml\/","title":{"rendered":"CALVIN KLEIN Ck Free Eau de Toilette 100ml"},"content":{"rendered":"<p data-start=\"2308\" data-end=\"2608\"><strong data-start=\"2308\" data-end=\"2368\">Calvin Klein CK Free Eau de Toilette Vaporisateur 100 ml<\/strong> est un parfum masculin moderne et dynamique, con\u00e7u pour l\u2019homme libre, urbain et toujours en mouvement. Une fragrance fra\u00eeche et bois\u00e9e qui incarne l\u2019esprit d\u2019aventure et d\u2019ind\u00e9pendance, parfaite pour un style de vie actif et contemporain.<\/p>\n<p data-start=\"2610\" data-end=\"3022\">L\u2019ouverture est \u00e9nergique et vivifiante gr\u00e2ce aux notes p\u00e9tillantes de <strong data-start=\"2681\" data-end=\"2738\">l\u2019absinthe, de l\u2019anis \u00e9toil\u00e9 et des baies de geni\u00e8vre<\/strong>, offrant une sensation imm\u00e9diate de fra\u00eecheur. Le c\u0153ur d\u00e9voile des accords plus chauds et \u00e9l\u00e9gants de <strong data-start=\"2841\" data-end=\"2870\">cuir su\u00e9d\u00e9, tabac et caf\u00e9<\/strong>, apportant profondeur et masculinit\u00e9. Le fond, intense et enveloppant, associe <strong data-start=\"2950\" data-end=\"2986\">bois pr\u00e9cieux, patchouli et musc<\/strong> pour un sillage durable et sensuel.<\/p>\n<p data-start=\"3024\" data-end=\"3258\">CK Free Eau de Toilette est id\u00e9al pour un usage quotidien, aussi bien en journ\u00e9e qu\u2019en soir\u00e9e, et convient \u00e0 toutes les saisons. Le <strong data-start=\"3156\" data-end=\"3182\">flacon spray de 100 ml<\/strong> s\u00e9duit par son design \u00e9pur\u00e9 et minimaliste, fid\u00e8le \u00e0 l\u2019esprit Calvin Klein.<\/p>\n<p data-start=\"3260\" data-end=\"3457\" data-is-last-node=\"\" data-is-only-node=\"\">Optez pour <strong data-start=\"3271\" data-end=\"3306\">Calvin Klein CK Free EDT 100 ml<\/strong> si vous recherchez un parfum homme frais, bois\u00e9 et moderne, symbole de libert\u00e9, de personnalit\u00e9 et de confiance. Une excellente id\u00e9e cadeau \u00e9galement.<\/p>\n<p data-start=\"992\" data-end=\"1205\" data-is-last-node=\"\" data-is-only-node=\"\">Follow us! <a href=\"https:\/\/www.instagram.com\/freeshopswiss\/\" target=\"_blank\" rel=\"noopener\">@freeshopswiss<\/a><\/p>\n","protected":false},"excerpt":{"rendered":"<p><strong data-start=\"2308\" data-end=\"2368\">Calvin Klein CK Free Eau de Toilette Vaporisateur 100 ml<\/strong> est un parfum masculin moderne et dynamique, con\u00e7u pour l\u2019homme libre, urbain et toujours en mouvement.<\/p>\n","protected":false},"featured_media":37840,"comment_status":"open","ping_status":"closed","template":"","meta":[],"pwb-brand":[181],"product_brand":[],"product_cat":[87,89],"product_tag":[141,1629,143,97],"class_list":{"0":"post-37850","1":"product","2":"type-product","3":"status-publish","4":"has-post-thumbnail","6":"pwb-brand-calvin-klein","7":"product_cat-parfums","8":"product_cat-pour-lui","9":"product_tag-eau-de-toilette-fr","10":"product_tag-mens-fragrances-fr","11":"product_tag-homme","12":"product_tag-parfums","14":"first","15":"instock","16":"sale","17":"taxable","18":"shipping-taxable","19":"purchasable","20":"product-type-simple"},"brands":[{"id":181,"name":"Calvin Klein","slug":"calvin-klein"}],"_links":{"self":[{"href":"https:\/\/www.freeshopfrontiera.ch\/fr\/wp-json\/wp\/v2\/product\/37850","targetHints":{"allow":["GET"]}}],"collection":[{"href":"https:\/\/www.freeshopfrontiera.ch\/fr\/wp-json\/wp\/v2\/product"}],"about":[{"href":"https:\/\/www.freeshopfrontiera.ch\/fr\/wp-json\/wp\/v2\/types\/product"}],"replies":[{"embeddable":true,"href":"https:\/\/www.freeshopfrontiera.ch\/fr\/wp-json\/wp\/v2\/comments?post=37850"}],"version-history":[{"count":1,"href":"https:\/\/www.freeshopfrontiera.ch\/fr\/wp-json\/wp\/v2\/product\/37850\/revisions"}],"predecessor-version":[{"id":37855,"href":"https:\/\/www.freeshopfrontiera.ch\/fr\/wp-json\/wp\/v2\/product\/37850\/revisions\/37855"}],"wp:featuredmedia":[{"embeddable":true,"href":"https:\/\/www.freeshopfrontiera.ch\/fr\/wp-json\/wp\/v2\/media\/37840"}],"wp:attachment":[{"href":"https:\/\/www.freeshopfrontiera.ch\/fr\/wp-json\/wp\/v2\/media?parent=37850"}],"wp:term":[{"taxonomy":"pwb-brand","embeddable":true,"href":"https:\/\/www.freeshopfrontiera.ch\/fr\/wp-json\/wp\/v2\/pwb-brand?post=37850"},{"taxonomy":"product_brand","embeddable":true,"href":"https:\/\/www.freeshopfrontiera.ch\/fr\/wp-json\/wp\/v2\/product_brand?post=37850"},{"taxonomy":"product_cat","embeddable":true,"href":"https:\/\/www.freeshopfrontiera.ch\/fr\/wp-json\/wp\/v2\/product_cat?post=37850"},{"taxonomy":"product_tag","embeddable":true,"href":"https:\/\/www.freeshopfrontiera.ch\/fr\/wp-json\/wp\/v2\/product_tag?post=37850"}],"curies":[{"name":"wp","href":"https:\/\/api.w.org\/{rel}","templated":true}]}}