{"id":37961,"date":"2025-12-15T16:32:15","date_gmt":"2025-12-15T16:32:15","guid":{"rendered":"https:\/\/www.freeshopfrontiera.ch\/shop\/lattafa-fakhar-woman-eau-de-parfum-100ml\/"},"modified":"2026-03-19T17:40:57","modified_gmt":"2026-03-19T17:40:57","slug":"lattafa-fakhar-woman-eau-de-parfum-100ml","status":"publish","type":"product","link":"https:\/\/www.freeshopfrontiera.ch\/fr\/shop\/lattafa-fakhar-woman-eau-de-parfum-100ml\/","title":{"rendered":"LATTAFA Fakhar Woman Eau de Parfum 100ml"},"content":{"rendered":"<p data-start=\"2299\" data-end=\"2573\"><strong data-start=\"2299\" data-end=\"2357\">Lattafa Fakhar Woman Eau de Parfum Vaporisateur 100 ml<\/strong> est un parfum f\u00e9minin \u00e9l\u00e9gant et s\u00e9duisant, con\u00e7u pour la femme moderne qui aime affirmer sa f\u00e9minit\u00e9 avec classe. Une fragrance intense et raffin\u00e9e, id\u00e9ale pour sublimer la personnalit\u00e9 \u00e0 tout moment de la journ\u00e9e.<\/p>\n<p data-start=\"2575\" data-end=\"2912\">L\u2019ouverture est lumineuse et fra\u00eeche, gr\u00e2ce \u00e0 des notes fruit\u00e9es et florales qui apportent \u00e9nergie et douceur. Le c\u0153ur d\u00e9voile un bouquet f\u00e9minin et enveloppant aux accords floraux raffin\u00e9s, exprimant \u00e9l\u00e9gance et sensualit\u00e9. Le fond, chaud et longue tenue, r\u00e9v\u00e8le des notes musqu\u00e9es d\u00e9licates laissant un sillage irr\u00e9sistible et durable.<\/p>\n<p data-start=\"2914\" data-end=\"3185\"><strong data-start=\"2914\" data-end=\"2944\">Fakhar Woman Eau de Parfum<\/strong> se distingue par son excellente tenue et sa sillage intense, parfaite pour un usage quotidien comme pour les occasions sp\u00e9ciales. Le <strong data-start=\"3078\" data-end=\"3111\">flacon vaporisateur de 100 ml<\/strong> affiche un design moderne et sophistiqu\u00e9, symbole de luxe et de f\u00e9minit\u00e9.<\/p>\n<p data-start=\"3187\" data-end=\"3419\" data-is-last-node=\"\" data-is-only-node=\"\">Choisissez <strong data-start=\"3198\" data-end=\"3233\">Lattafa Fakhar Woman EDP 100 ml<\/strong> si vous recherchez un parfum femme \u00e9l\u00e9gant, sensuel et enveloppant, exprimant confiance, charme et style. Une excellente id\u00e9e cadeau pour les amateurs de fragrances orientales modernes.<\/p>\n<p data-start=\"892\" data-end=\"1119\" data-is-last-node=\"\" data-is-only-node=\"\">Follow us! <a href=\"https:\/\/www.instagram.com\/freeshopswiss\/\" target=\"_blank\" rel=\"noopener\">@freeshopswiss<\/a><\/p>\n","protected":false},"excerpt":{"rendered":"<p><strong data-start=\"2299\" data-end=\"2357\">Lattafa Fakhar Woman Eau de Parfum Vaporisateur 100 ml<\/strong> est un parfum f\u00e9minin \u00e9l\u00e9gant et s\u00e9duisant, con\u00e7u pour la femme moderne qui aime affirmer sa f\u00e9minit\u00e9 avec classe.<\/p>\n","protected":false},"featured_media":37957,"comment_status":"open","ping_status":"closed","template":"","meta":[],"pwb-brand":[772],"product_brand":[],"product_cat":[87,109],"product_tag":[252,296,789,278,97],"class_list":{"0":"post-37961","1":"product","2":"type-product","3":"status-publish","4":"has-post-thumbnail","6":"pwb-brand-lattafa","7":"product_cat-parfums","8":"product_cat-pour-elle","9":"product_tag-eau-de-parfum-fr","10":"product_tag-femme","11":"product_tag-womens-fragrances-fr","12":"product_tag-offre","13":"product_tag-parfums","15":"first","16":"instock","17":"sale","18":"taxable","19":"shipping-taxable","20":"purchasable","21":"product-type-simple"},"brands":[{"id":772,"name":"Lattafa","slug":"lattafa"}],"_links":{"self":[{"href":"https:\/\/www.freeshopfrontiera.ch\/fr\/wp-json\/wp\/v2\/product\/37961","targetHints":{"allow":["GET"]}}],"collection":[{"href":"https:\/\/www.freeshopfrontiera.ch\/fr\/wp-json\/wp\/v2\/product"}],"about":[{"href":"https:\/\/www.freeshopfrontiera.ch\/fr\/wp-json\/wp\/v2\/types\/product"}],"replies":[{"embeddable":true,"href":"https:\/\/www.freeshopfrontiera.ch\/fr\/wp-json\/wp\/v2\/comments?post=37961"}],"version-history":[{"count":1,"href":"https:\/\/www.freeshopfrontiera.ch\/fr\/wp-json\/wp\/v2\/product\/37961\/revisions"}],"predecessor-version":[{"id":37968,"href":"https:\/\/www.freeshopfrontiera.ch\/fr\/wp-json\/wp\/v2\/product\/37961\/revisions\/37968"}],"wp:featuredmedia":[{"embeddable":true,"href":"https:\/\/www.freeshopfrontiera.ch\/fr\/wp-json\/wp\/v2\/media\/37957"}],"wp:attachment":[{"href":"https:\/\/www.freeshopfrontiera.ch\/fr\/wp-json\/wp\/v2\/media?parent=37961"}],"wp:term":[{"taxonomy":"pwb-brand","embeddable":true,"href":"https:\/\/www.freeshopfrontiera.ch\/fr\/wp-json\/wp\/v2\/pwb-brand?post=37961"},{"taxonomy":"product_brand","embeddable":true,"href":"https:\/\/www.freeshopfrontiera.ch\/fr\/wp-json\/wp\/v2\/product_brand?post=37961"},{"taxonomy":"product_cat","embeddable":true,"href":"https:\/\/www.freeshopfrontiera.ch\/fr\/wp-json\/wp\/v2\/product_cat?post=37961"},{"taxonomy":"product_tag","embeddable":true,"href":"https:\/\/www.freeshopfrontiera.ch\/fr\/wp-json\/wp\/v2\/product_tag?post=37961"}],"curies":[{"name":"wp","href":"https:\/\/api.w.org\/{rel}","templated":true}]}}