{"id":38007,"date":"2025-12-17T08:31:24","date_gmt":"2025-12-17T08:31:24","guid":{"rendered":"https:\/\/www.freeshopfrontiera.ch\/shop\/unleashia-dont-touch-glass-pink-cushion-spf50-15g\/"},"modified":"2025-12-17T09:06:49","modified_gmt":"2025-12-17T09:06:49","slug":"unleashia-dont-touch-glass-pink-cushion-spf50-15g","status":"publish","type":"product","link":"https:\/\/www.freeshopfrontiera.ch\/fr\/shop\/unleashia-dont-touch-glass-pink-cushion-spf50-15g\/","title":{"rendered":"UNLEASHIA Don&rsquo;t Touch Glass Pink Cushion SPF50+ 15g"},"content":{"rendered":"<h2 data-start=\"1801\" data-end=\"1858\"><strong data-start=\"1801\" data-end=\"1858\">UNLEASHIA Don\u2019t Touch Glass Pink Cushion SPF50+ \u2013 15g<\/strong><\/h2>\n<p data-start=\"1860\" data-end=\"2115\">UNLEASHIA Don\u2019t Touch Glass Pink Cushion SPF50+ est le fond de teint cushion cor\u00e9en id\u00e9al pour obtenir un irr\u00e9sistible <strong data-start=\"1979\" data-end=\"1999\">effet glass skin<\/strong>. Sa <strong data-start=\"2004\" data-end=\"2035\">formule aux sous-tons roses<\/strong> illumine le teint et offre un aspect frais, uniforme et naturellement \u00e9clatant.<\/p>\n<p data-start=\"2117\" data-end=\"2388\">Sa <strong data-start=\"2120\" data-end=\"2158\">texture ultra-l\u00e9g\u00e8re et hydratante<\/strong> se fond parfaitement dans la peau, offrant une <strong data-start=\"2206\" data-end=\"2243\">couverture naturelle et modulable<\/strong> sans marquer les pores ni les ridules. Id\u00e9al pour les peaux ternes ou d\u00e9shydrat\u00e9es, ce cushion sublime le visage avec un fini lumineux et lisse.<\/p>\n<p data-start=\"2390\" data-end=\"2618\">Gr\u00e2ce \u00e0 sa <strong data-start=\"2401\" data-end=\"2436\">haute protection solaire SPF50+<\/strong>, il aide \u00e0 prot\u00e9ger la peau des rayons UVA et UVB, ce qui le rend parfait pour un usage quotidien et pour celles et ceux qui recherchent un fond de teint alliant maquillage et soin.<\/p>\n<p data-start=\"902\" data-end=\"1131\">Follow us! <a href=\"https:\/\/www.instagram.com\/freeshopswiss\/\" target=\"_blank\" rel=\"noopener\">@freeshopswiss<\/a><\/p>\n","protected":false},"excerpt":{"rendered":"<p>UNLEASHIA Don\u2019t Touch Glass Pink Cushion SPF50+ est le fond de teint cushion cor\u00e9en id\u00e9al pour obtenir un irr\u00e9sistible <strong data-start=\"1979\" data-end=\"1999\">effet glass skin<\/strong>. Sa <strong data-start=\"2004\" data-end=\"2035\">formule aux sous-tons roses<\/strong> illumine le teint et offre un aspect frais, uniforme et naturellement \u00e9clatant.<\/p>\n","protected":false},"featured_media":37996,"comment_status":"open","ping_status":"closed","template":"","meta":[],"pwb-brand":[3632],"product_brand":[],"product_cat":[109,566,539],"product_tag":[493,296,5050,477,474,5046,5078],"class_list":{"0":"post-38007","1":"product","2":"type-product","3":"status-publish","4":"has-post-thumbnail","6":"pwb-brand-unleashia","7":"product_cat-pour-elle","8":"product_cat-make-up-fr-2","9":"product_cat-maquillage-du-visage","10":"product_tag-ecrans-solaires","11":"product_tag-femme","12":"product_tag-fete-des-meres","13":"product_tag-maquillage","14":"product_tag-maquillage-du-visage","15":"product_tag-moins-de-30-chf","16":"product_tag-soins-et-maquillage-pour-la-fete-des-meres","18":"first","19":"instock","20":"sale","21":"taxable","22":"shipping-taxable","23":"purchasable","24":"product-type-variable","25":"has-default-attributes"},"brands":[{"id":3632,"name":"UNLEASHIA","slug":"unleashia"}],"_links":{"self":[{"href":"https:\/\/www.freeshopfrontiera.ch\/fr\/wp-json\/wp\/v2\/product\/38007","targetHints":{"allow":["GET"]}}],"collection":[{"href":"https:\/\/www.freeshopfrontiera.ch\/fr\/wp-json\/wp\/v2\/product"}],"about":[{"href":"https:\/\/www.freeshopfrontiera.ch\/fr\/wp-json\/wp\/v2\/types\/product"}],"replies":[{"embeddable":true,"href":"https:\/\/www.freeshopfrontiera.ch\/fr\/wp-json\/wp\/v2\/comments?post=38007"}],"version-history":[{"count":2,"href":"https:\/\/www.freeshopfrontiera.ch\/fr\/wp-json\/wp\/v2\/product\/38007\/revisions"}],"predecessor-version":[{"id":38082,"href":"https:\/\/www.freeshopfrontiera.ch\/fr\/wp-json\/wp\/v2\/product\/38007\/revisions\/38082"}],"wp:featuredmedia":[{"embeddable":true,"href":"https:\/\/www.freeshopfrontiera.ch\/fr\/wp-json\/wp\/v2\/media\/37996"}],"wp:attachment":[{"href":"https:\/\/www.freeshopfrontiera.ch\/fr\/wp-json\/wp\/v2\/media?parent=38007"}],"wp:term":[{"taxonomy":"pwb-brand","embeddable":true,"href":"https:\/\/www.freeshopfrontiera.ch\/fr\/wp-json\/wp\/v2\/pwb-brand?post=38007"},{"taxonomy":"product_brand","embeddable":true,"href":"https:\/\/www.freeshopfrontiera.ch\/fr\/wp-json\/wp\/v2\/product_brand?post=38007"},{"taxonomy":"product_cat","embeddable":true,"href":"https:\/\/www.freeshopfrontiera.ch\/fr\/wp-json\/wp\/v2\/product_cat?post=38007"},{"taxonomy":"product_tag","embeddable":true,"href":"https:\/\/www.freeshopfrontiera.ch\/fr\/wp-json\/wp\/v2\/product_tag?post=38007"}],"curies":[{"name":"wp","href":"https:\/\/api.w.org\/{rel}","templated":true}]}}