{"id":38112,"date":"2025-12-19T13:39:11","date_gmt":"2025-12-19T13:39:11","guid":{"rendered":"https:\/\/www.freeshopfrontiera.ch\/shop\/narciso-rodriguez-set-for-her-eau-de-parfum-intense\/"},"modified":"2025-12-19T13:46:55","modified_gmt":"2025-12-19T13:46:55","slug":"narciso-rodriguez-set-for-her-eau-de-parfum-intense","status":"publish","type":"product","link":"https:\/\/www.freeshopfrontiera.ch\/fr\/shop\/narciso-rodriguez-set-for-her-eau-de-parfum-intense\/","title":{"rendered":"NARCISO RODRIGUEZ SET For Her Eau de Parfum Intense"},"content":{"rendered":"<p data-start=\"1409\" data-end=\"1746\">D\u00e9couvrez le <strong data-start=\"1422\" data-end=\"1518\">set Narciso Rodriguez For Her Eau de Parfum Intense 50ml + Lait Corps 50ml + Gel Douche 50ml<\/strong>, une exp\u00e9rience olfactive compl\u00e8te qui allie \u00e9l\u00e9gance, raffinement et sensualit\u00e9. Ce coffret exclusif est con\u00e7u pour celles qui souhaitent s\u2019envelopper d\u2019un parfum sophistiqu\u00e9 et longue tenue, parfait pour toutes les occasions.<\/p>\n<p data-start=\"1748\" data-end=\"2041\">L\u2019<strong data-start=\"1750\" data-end=\"1780\">Eau de Parfum Intense 50ml<\/strong> est le c\u0153ur du coffret : une fragrance intense et f\u00e9minine, m\u00ealant des notes florales et musqu\u00e9es \u00e0 des accents chauds et sensuels, cr\u00e9ant un parfum \u00e9l\u00e9gant et s\u00e9duisant qui laisse une impression durable. Id\u00e9al pour se sentir confiante et sublimer sa pr\u00e9sence.<\/p>\n<p data-start=\"2043\" data-end=\"2334\">Le <strong data-start=\"2046\" data-end=\"2065\">Lait Corps 50ml<\/strong> nourrit et hydrate la peau, la laissant douce et velout\u00e9e tout en prolongeant le parfum d\u00e9licat de For Her Intense. Le <strong data-start=\"2185\" data-end=\"2204\">Gel Douche 50ml<\/strong> compl\u00e8te l\u2019exp\u00e9rience sensorielle en nettoyant d\u00e9licatement la peau et en transformant chaque douche en un moment de pur plaisir.<\/p>\n<p data-start=\"2336\" data-end=\"2515\">Ce set <strong data-start=\"2343\" data-end=\"2372\">Narciso Rodriguez For Her<\/strong> est id\u00e9al comme cadeau pour les anniversaires, les f\u00eates ou les moments sp\u00e9ciaux, alliant \u00e9l\u00e9gance, qualit\u00e9 et praticit\u00e9 dans un seul coffret.<\/p>\n<p data-start=\"2517\" data-end=\"2643\"><strong data-start=\"2517\" data-end=\"2643\">Achetez maintenant et laissez-vous envelopper par la sophistication et la sensualit\u00e9 de Narciso Rodriguez For Her Intense.<\/strong><\/p>\n<p data-start=\"1310\" data-end=\"1419\">Follow us!\u00a0<a href=\"https:\/\/www.instagram.com\/freeshopswiss\/\" target=\"_blank\" rel=\"noopener\">@freeshopswiss<\/a><\/p>\n","protected":false},"excerpt":{"rendered":"<p>D\u00e9couvrez le <strong data-start=\"1422\" data-end=\"1518\">set Narciso Rodriguez For Her Eau de Parfum Intense 50ml + Lait Corps 50ml + Gel Douche 50ml<\/strong>, une exp\u00e9rience olfactive compl\u00e8te qui allie \u00e9l\u00e9gance, raffinement et sensualit\u00e9.<\/p>\n","protected":false},"featured_media":38108,"comment_status":"open","ping_status":"closed","template":"","meta":[],"pwb-brand":[284],"product_brand":[],"product_cat":[103,138,87,109,484,4192],"product_tag":[459,461,252,296,4348,488,490,278],"class_list":{"0":"post-38112","1":"product","2":"type-product","3":"status-publish","4":"has-post-thumbnail","6":"pwb-brand-narciso-rodriguez","7":"product_cat-nouveaute","8":"product_cat-offre","9":"product_cat-parfums","10":"product_cat-pour-elle","11":"product_cat-coffret","12":"product_cat-offers-coffret","13":"product_tag-coffret","14":"product_tag-coffrets-femme","15":"product_tag-eau-de-parfum-fr","16":"product_tag-femme","17":"product_tag-fete-des-femmes","18":"product_tag-nouveautes-fr","19":"product_tag-nouveautes-parfums","20":"product_tag-offre","22":"first","23":"instock","24":"sale","25":"taxable","26":"shipping-taxable","27":"purchasable","28":"product-type-simple"},"brands":[{"id":284,"name":"Narciso Rodriguez","slug":"narciso-rodriguez"}],"_links":{"self":[{"href":"https:\/\/www.freeshopfrontiera.ch\/fr\/wp-json\/wp\/v2\/product\/38112","targetHints":{"allow":["GET"]}}],"collection":[{"href":"https:\/\/www.freeshopfrontiera.ch\/fr\/wp-json\/wp\/v2\/product"}],"about":[{"href":"https:\/\/www.freeshopfrontiera.ch\/fr\/wp-json\/wp\/v2\/types\/product"}],"replies":[{"embeddable":true,"href":"https:\/\/www.freeshopfrontiera.ch\/fr\/wp-json\/wp\/v2\/comments?post=38112"}],"version-history":[{"count":1,"href":"https:\/\/www.freeshopfrontiera.ch\/fr\/wp-json\/wp\/v2\/product\/38112\/revisions"}],"predecessor-version":[{"id":38116,"href":"https:\/\/www.freeshopfrontiera.ch\/fr\/wp-json\/wp\/v2\/product\/38112\/revisions\/38116"}],"wp:featuredmedia":[{"embeddable":true,"href":"https:\/\/www.freeshopfrontiera.ch\/fr\/wp-json\/wp\/v2\/media\/38108"}],"wp:attachment":[{"href":"https:\/\/www.freeshopfrontiera.ch\/fr\/wp-json\/wp\/v2\/media?parent=38112"}],"wp:term":[{"taxonomy":"pwb-brand","embeddable":true,"href":"https:\/\/www.freeshopfrontiera.ch\/fr\/wp-json\/wp\/v2\/pwb-brand?post=38112"},{"taxonomy":"product_brand","embeddable":true,"href":"https:\/\/www.freeshopfrontiera.ch\/fr\/wp-json\/wp\/v2\/product_brand?post=38112"},{"taxonomy":"product_cat","embeddable":true,"href":"https:\/\/www.freeshopfrontiera.ch\/fr\/wp-json\/wp\/v2\/product_cat?post=38112"},{"taxonomy":"product_tag","embeddable":true,"href":"https:\/\/www.freeshopfrontiera.ch\/fr\/wp-json\/wp\/v2\/product_tag?post=38112"}],"curies":[{"name":"wp","href":"https:\/\/api.w.org\/{rel}","templated":true}]}}