{"id":38138,"date":"2025-12-22T08:11:43","date_gmt":"2025-12-22T08:11:43","guid":{"rendered":"https:\/\/www.freeshopfrontiera.ch\/shop\/narciso-rodriguez-set-poudree-eau-de-parfum\/"},"modified":"2025-12-22T09:34:11","modified_gmt":"2025-12-22T09:34:11","slug":"narciso-rodriguez-set-poudree-eau-de-parfum","status":"publish","type":"product","link":"https:\/\/www.freeshopfrontiera.ch\/fr\/shop\/narciso-rodriguez-set-poudree-eau-de-parfum\/","title":{"rendered":"NARCISO RODRIGUEZ SET Poudr\u00e9e Eau de Parfum"},"content":{"rendered":"<p data-start=\"2602\" data-end=\"2918\">Le <strong data-start=\"2605\" data-end=\"2652\">Narciso Rodriguez Poudr\u00e9e Eau de Parfum Set<\/strong> est une \u00e9l\u00e9gante c\u00e9l\u00e9bration de la f\u00e9minit\u00e9 moderne, d\u00e9licate et raffin\u00e9e. Ce coffret sophistiqu\u00e9 comprend <strong data-start=\"2760\" data-end=\"2796\">Eau de Parfum Vaporisateur 50 ml<\/strong> et un <strong data-start=\"2803\" data-end=\"2824\">Purse Spray 10 ml<\/strong>, un format pratique \u00e0 glisser dans le sac pour raviver le parfum \u00e0 tout moment de la journ\u00e9e.<\/p>\n<p data-start=\"2920\" data-end=\"3383\"><em data-start=\"2920\" data-end=\"2937\">Narciso Poudr\u00e9e<\/em> est une fragrance f\u00e9minine lumineuse et enveloppante, caract\u00e9ris\u00e9e par son embl\u00e9matique <strong data-start=\"3026\" data-end=\"3042\">c\u0153ur de musc<\/strong>, signature iconique de Narciso Rodriguez. Les <strong data-start=\"3089\" data-end=\"3115\">notes de t\u00eate florales<\/strong> s\u2019ouvrent sur la douceur du <strong data-start=\"3144\" data-end=\"3183\">jasmin blanc et des p\u00e9tales de rose<\/strong>, qui se fondent harmonieusement dans un c\u0153ur poudr\u00e9, doux et sensuel. Le fond chaud et velout\u00e9 de <strong data-start=\"3282\" data-end=\"3315\">v\u00e9tiver, bois clairs et ambre<\/strong> apporte profondeur et laisse un sillage \u00e9l\u00e9gant, intime et durable.<\/p>\n<p data-start=\"3385\" data-end=\"3655\">Ce coffret est id\u00e9al pour celles qui aiment les parfums <strong data-start=\"3441\" data-end=\"3474\">poudr\u00e9s, f\u00e9minins et raffin\u00e9s<\/strong>, parfaits aussi bien pour la journ\u00e9e que pour le soir. Gr\u00e2ce au purse spray pratique, le parfum peut \u00eatre emport\u00e9 partout pour une sensation continue de fra\u00eecheur et de sensualit\u00e9.<\/p>\n<p data-start=\"3657\" data-end=\"3850\">Le <strong data-start=\"3660\" data-end=\"3693\">Narciso Rodriguez Poudr\u00e9e Set<\/strong> est une superbe id\u00e9e cadeau pour un anniversaire, une c\u00e9l\u00e9bration ou toute occasion sp\u00e9ciale, alliant style, \u00e9l\u00e9gance et praticit\u00e9 dans un coffret exclusif.<\/p>\n<p data-start=\"1167\" data-end=\"1339\">Follow us!\u00a0<a href=\"https:\/\/www.instagram.com\/freeshopswiss\/\" target=\"_blank\" rel=\"noopener\">@freeshopswiss<\/a><\/p>\n","protected":false},"excerpt":{"rendered":"<p>Le <strong data-start=\"2605\" data-end=\"2652\">Narciso Rodriguez Poudr\u00e9e Eau de Parfum Set<\/strong> est une \u00e9l\u00e9gante c\u00e9l\u00e9bration de la f\u00e9minit\u00e9 moderne, d\u00e9licate et raffin\u00e9e. Ce coffret sophistiqu\u00e9 comprend <strong data-start=\"2760\" data-end=\"2796\">Eau de Parfum Vaporisateur 50 ml<\/strong> et un <strong data-start=\"2803\" data-end=\"2824\">Purse Spray 10 ml<\/strong>, un format pratique \u00e0 glisser dans le sac pour raviver le parfum \u00e0 tout moment de la journ\u00e9e.<\/p>\n","protected":false},"featured_media":39639,"comment_status":"open","ping_status":"closed","template":"","meta":[],"pwb-brand":[284],"product_brand":[],"product_cat":[103,138,109,484,4192],"product_tag":[280,459,461,252,296,4348,5050,278,97,5074,4367],"class_list":{"0":"post-38138","1":"product","2":"type-product","3":"status-publish","4":"has-post-thumbnail","6":"pwb-brand-narciso-rodriguez","7":"product_cat-nouveaute","8":"product_cat-offre","9":"product_cat-pour-elle","10":"product_cat-coffret","11":"product_cat-offers-coffret","12":"product_tag-bestseller-fr","13":"product_tag-coffret","14":"product_tag-coffrets-femme","15":"product_tag-eau-de-parfum-fr","16":"product_tag-femme","17":"product_tag-fete-des-femmes","18":"product_tag-fete-des-meres","19":"product_tag-offre","20":"product_tag-parfums","21":"product_tag-parfums-pour-la-fete-des-meres","22":"product_tag-special-printemps","24":"first","25":"instock","26":"sale","27":"taxable","28":"shipping-taxable","29":"purchasable","30":"product-type-simple"},"brands":[{"id":284,"name":"Narciso Rodriguez","slug":"narciso-rodriguez"}],"_links":{"self":[{"href":"https:\/\/www.freeshopfrontiera.ch\/fr\/wp-json\/wp\/v2\/product\/38138","targetHints":{"allow":["GET"]}}],"collection":[{"href":"https:\/\/www.freeshopfrontiera.ch\/fr\/wp-json\/wp\/v2\/product"}],"about":[{"href":"https:\/\/www.freeshopfrontiera.ch\/fr\/wp-json\/wp\/v2\/types\/product"}],"replies":[{"embeddable":true,"href":"https:\/\/www.freeshopfrontiera.ch\/fr\/wp-json\/wp\/v2\/comments?post=38138"}],"version-history":[{"count":2,"href":"https:\/\/www.freeshopfrontiera.ch\/fr\/wp-json\/wp\/v2\/product\/38138\/revisions"}],"predecessor-version":[{"id":38143,"href":"https:\/\/www.freeshopfrontiera.ch\/fr\/wp-json\/wp\/v2\/product\/38138\/revisions\/38143"}],"wp:featuredmedia":[{"embeddable":true,"href":"https:\/\/www.freeshopfrontiera.ch\/fr\/wp-json\/wp\/v2\/media\/39639"}],"wp:attachment":[{"href":"https:\/\/www.freeshopfrontiera.ch\/fr\/wp-json\/wp\/v2\/media?parent=38138"}],"wp:term":[{"taxonomy":"pwb-brand","embeddable":true,"href":"https:\/\/www.freeshopfrontiera.ch\/fr\/wp-json\/wp\/v2\/pwb-brand?post=38138"},{"taxonomy":"product_brand","embeddable":true,"href":"https:\/\/www.freeshopfrontiera.ch\/fr\/wp-json\/wp\/v2\/product_brand?post=38138"},{"taxonomy":"product_cat","embeddable":true,"href":"https:\/\/www.freeshopfrontiera.ch\/fr\/wp-json\/wp\/v2\/product_cat?post=38138"},{"taxonomy":"product_tag","embeddable":true,"href":"https:\/\/www.freeshopfrontiera.ch\/fr\/wp-json\/wp\/v2\/product_tag?post=38138"}],"curies":[{"name":"wp","href":"https:\/\/api.w.org\/{rel}","templated":true}]}}