{"id":38174,"date":"2025-12-22T09:39:01","date_gmt":"2025-12-22T09:39:01","guid":{"rendered":"https:\/\/www.freeshopfrontiera.ch\/shop\/issey-miyake-set-le-sel-dissey\/"},"modified":"2025-12-22T11:59:53","modified_gmt":"2025-12-22T11:59:53","slug":"issey-miyake-set-le-sel-dissey","status":"publish","type":"product","link":"https:\/\/www.freeshopfrontiera.ch\/fr\/shop\/issey-miyake-set-le-sel-dissey\/","title":{"rendered":"ISSEY MIYAKE SET Le Sel d&rsquo;Issey"},"content":{"rendered":"<p data-start=\"2152\" data-end=\"2451\">Le <strong data-start=\"2155\" data-end=\"2190\">Set Issey Miyake Le Sel d\u2019Issey<\/strong> rend hommage \u00e0 la fra\u00eecheur et \u00e0 la puret\u00e9 de la f\u00e9minit\u00e9 moderne. Ce coffret \u00e9l\u00e9gant comprend <strong data-start=\"2286\" data-end=\"2324\">Eau de Toilette Vaporisateur 50 ml<\/strong> et <strong data-start=\"2328\" data-end=\"2348\">Gel Douche 50 ml<\/strong>, offrant une exp\u00e9rience olfactive compl\u00e8te pour le soin quotidien de la peau et le plaisir des sens.<\/p>\n<p data-start=\"2453\" data-end=\"2741\"><strong data-start=\"2453\" data-end=\"2471\">Le Sel d\u2019Issey<\/strong> est un parfum f\u00e9minin frais et sophistiqu\u00e9, inspir\u00e9 par la puret\u00e9 du sel marin et l\u2019\u00e9nergie de l\u2019eau. Les <strong data-start=\"2578\" data-end=\"2616\">notes de t\u00eate fra\u00eeches et agrum\u00e9es<\/strong> se m\u00ealent \u00e0 un c\u0153ur d\u00e9licatement floral et \u00e0 une base l\u00e9g\u00e8re et musqu\u00e9e, cr\u00e9ant un parfum lumineux, harmonieux et durable.<\/p>\n<p data-start=\"2743\" data-end=\"2922\">Le <strong data-start=\"2746\" data-end=\"2766\">Gel Douche 50 ml<\/strong> nettoie d\u00e9licatement la peau, la laissant fra\u00eeche, douce et l\u00e9g\u00e8rement parfum\u00e9e, tout en prolongeant la sensation de bien-\u00eatre et de fra\u00eecheur du parfum.<\/p>\n<p data-start=\"2924\" data-end=\"3157\">Le <strong data-start=\"2927\" data-end=\"2962\">Set Issey Miyake Le Sel d\u2019Issey<\/strong> est id\u00e9al comme <strong data-start=\"2979\" data-end=\"3000\">cadeau pour femme<\/strong>, parfait pour les anniversaires, les anniversaires de mariage ou les occasions sp\u00e9ciales, alliant fra\u00eecheur, \u00e9l\u00e9gance et praticit\u00e9 dans un coffret unique.<\/p>\n<p data-start=\"930\" data-end=\"1122\">Follow us! <a href=\"https:\/\/www.instagram.com\/freeshopswiss\/\" target=\"_blank\" rel=\"noopener\">@freeshopswiss<\/a><\/p>\n","protected":false},"excerpt":{"rendered":"<p data-start=\"2152\" data-end=\"2451\">Le <strong data-start=\"2155\" data-end=\"2190\">Set Issey Miyake Le Sel d\u2019Issey<\/strong> rend hommage \u00e0 la fra\u00eecheur et \u00e0 la puret\u00e9 de la f\u00e9minit\u00e9 moderne. Ce coffret \u00e9l\u00e9gant comprend <strong data-start=\"2286\" data-end=\"2324\">Eau de Toilette Vaporisateur 50 ml<\/strong> et <strong data-start=\"2328\" data-end=\"2348\">Gel Douche 50 ml<\/strong>, offrant une exp\u00e9rience olfactive compl\u00e8te pour le soin quotidien de la peau et le plaisir des sens.<\/p>\n<p data-start=\"2453\" data-end=\"2741\">\n","protected":false},"featured_media":38170,"comment_status":"open","ping_status":"closed","template":"","meta":[],"pwb-brand":[439],"product_brand":[],"product_cat":[87,89,484],"product_tag":[459,464,143,488,490,97],"class_list":{"0":"post-38174","1":"product","2":"type-product","3":"status-publish","4":"has-post-thumbnail","6":"pwb-brand-issey-miyake","7":"product_cat-parfums","8":"product_cat-pour-lui","9":"product_cat-coffret","10":"product_tag-coffret","11":"product_tag-coffret-homme","12":"product_tag-homme","13":"product_tag-nouveautes-fr","14":"product_tag-nouveautes-parfums","15":"product_tag-parfums","17":"first","18":"instock","19":"sale","20":"taxable","21":"shipping-taxable","22":"purchasable","23":"product-type-simple"},"brands":[{"id":439,"name":"Issey Miyake","slug":"issey-miyake"}],"_links":{"self":[{"href":"https:\/\/www.freeshopfrontiera.ch\/fr\/wp-json\/wp\/v2\/product\/38174","targetHints":{"allow":["GET"]}}],"collection":[{"href":"https:\/\/www.freeshopfrontiera.ch\/fr\/wp-json\/wp\/v2\/product"}],"about":[{"href":"https:\/\/www.freeshopfrontiera.ch\/fr\/wp-json\/wp\/v2\/types\/product"}],"replies":[{"embeddable":true,"href":"https:\/\/www.freeshopfrontiera.ch\/fr\/wp-json\/wp\/v2\/comments?post=38174"}],"version-history":[{"count":1,"href":"https:\/\/www.freeshopfrontiera.ch\/fr\/wp-json\/wp\/v2\/product\/38174\/revisions"}],"predecessor-version":[{"id":38185,"href":"https:\/\/www.freeshopfrontiera.ch\/fr\/wp-json\/wp\/v2\/product\/38174\/revisions\/38185"}],"wp:featuredmedia":[{"embeddable":true,"href":"https:\/\/www.freeshopfrontiera.ch\/fr\/wp-json\/wp\/v2\/media\/38170"}],"wp:attachment":[{"href":"https:\/\/www.freeshopfrontiera.ch\/fr\/wp-json\/wp\/v2\/media?parent=38174"}],"wp:term":[{"taxonomy":"pwb-brand","embeddable":true,"href":"https:\/\/www.freeshopfrontiera.ch\/fr\/wp-json\/wp\/v2\/pwb-brand?post=38174"},{"taxonomy":"product_brand","embeddable":true,"href":"https:\/\/www.freeshopfrontiera.ch\/fr\/wp-json\/wp\/v2\/product_brand?post=38174"},{"taxonomy":"product_cat","embeddable":true,"href":"https:\/\/www.freeshopfrontiera.ch\/fr\/wp-json\/wp\/v2\/product_cat?post=38174"},{"taxonomy":"product_tag","embeddable":true,"href":"https:\/\/www.freeshopfrontiera.ch\/fr\/wp-json\/wp\/v2\/product_tag?post=38174"}],"curies":[{"name":"wp","href":"https:\/\/api.w.org\/{rel}","templated":true}]}}