{"id":38219,"date":"2025-12-22T13:41:47","date_gmt":"2025-12-22T13:41:47","guid":{"rendered":"https:\/\/www.freeshopfrontiera.ch\/shop\/unleashia-glitterpedia-eye-palette-6-2g\/"},"modified":"2025-12-22T13:48:00","modified_gmt":"2025-12-22T13:48:00","slug":"unleashia-glitterpedia-eye-palette-6-2g","status":"publish","type":"product","link":"https:\/\/www.freeshopfrontiera.ch\/fr\/shop\/unleashia-glitterpedia-eye-palette-6-2g\/","title":{"rendered":"UNLEASHIA Glitterpedia Eye Palette 6.2g"},"content":{"rendered":"<p data-start=\"2609\" data-end=\"2988\">La <strong data-start=\"2612\" data-end=\"2656\">UNLEASHIA Glitterpedia Eye Palette 6.2 g<\/strong> est la palette id\u00e9ale pour cr\u00e9er des looks uniques, scintillants et \u00e0 fort impact. Compos\u00e9e d\u2019une s\u00e9lection de <strong data-start=\"2768\" data-end=\"2828\">fards \u00e0 paupi\u00e8res glitter et shimmer hautement pigment\u00e9s<\/strong>, cette palette propose <strong data-start=\"2852\" data-end=\"2878\">6 teintes polyvalentes<\/strong> adapt\u00e9es \u00e0 toutes les occasions \u2013 du maquillage lumineux de jour aux looks de soir\u00e9e sophistiqu\u00e9s et glamour.<\/p>\n<p data-start=\"2990\" data-end=\"3340\">Chaque fard est formul\u00e9 pour offrir une couleur intense, une texture soyeuse et une brillance qui capte la lumi\u00e8re, permettant de jouer avec des nuances lumineuses, des reflets m\u00e9talliques et des \u00e9clats multidimensionnels. Sa formule l\u00e9g\u00e8re et facile \u00e0 estomper garantit une application uniforme et un confort longue dur\u00e9e, sans alourdir la paupi\u00e8re.<\/p>\n<p data-start=\"3342\" data-end=\"3642\">La <strong data-start=\"3345\" data-end=\"3383\">UNLEASHIA Glitterpedia Eye Palette<\/strong> est id\u00e9ale pour celles et ceux qui aiment exp\u00e9rimenter avec le maquillage et exprimer leur cr\u00e9ativit\u00e9 \u00e0 travers des couleurs vibrantes et des finis lumineux. Elle constitue \u00e9galement un cadeau beaut\u00e9 parfait pour les passionn\u00e9s de maquillage et de tendances.<\/p>\n<p data-start=\"3644\" data-end=\"3913\">\u2728 <strong data-start=\"3646\" data-end=\"3663\">Id\u00e9ale pour :<\/strong> looks glitter, smokey eyes, touches de lumi\u00e8re sur les yeux<br data-start=\"3723\" data-end=\"3726\" \/>\ud83d\udc84 <strong data-start=\"3729\" data-end=\"3765\">Pour celles et ceux qui aiment :<\/strong> maquillage lumineux, haute pigmentation, finis sophistiqu\u00e9s<br data-start=\"3825\" data-end=\"3828\" \/>\ud83c\udf81 <strong data-start=\"3831\" data-end=\"3858\">Parfaite comme cadeau :<\/strong> pour les amateurs de maquillage et de tendances beaut\u00e9<\/p>\n<p data-start=\"1119\" data-end=\"1335\">Follow us! <a href=\"https:\/\/www.instagram.com\/freeshopswiss\/\" target=\"_blank\" rel=\"noopener\">@freeshopswiss<\/a><\/p>\n","protected":false},"excerpt":{"rendered":"<p>La <strong data-start=\"2612\" data-end=\"2656\">UNLEASHIA Glitterpedia Eye Palette 6.2 g<\/strong> est la palette id\u00e9ale pour cr\u00e9er des looks uniques, scintillants et \u00e0 fort impact. Compos\u00e9e d\u2019une s\u00e9lection de <strong data-start=\"2768\" data-end=\"2828\">fards \u00e0 paupi\u00e8res glitter et shimmer hautement pigment\u00e9s<\/strong>, cette palette propose <strong data-start=\"2852\" data-end=\"2878\">6 teintes polyvalentes<\/strong> adapt\u00e9es \u00e0 toutes les occasions \u2013 du maquillage lumineux de jour aux looks de soir\u00e9e sophistiqu\u00e9s et glamour.<\/p>\n","protected":false},"featured_media":38191,"comment_status":"open","ping_status":"closed","template":"","meta":[],"pwb-brand":[3632],"product_brand":[],"product_cat":[3768,566,536],"product_tag":[296,5050,3611,477,471,5046,5078,4367],"class_list":{"0":"post-38219","1":"product","2":"type-product","3":"status-publish","4":"has-post-thumbnail","6":"pwb-brand-unleashia","7":"product_cat-k-beauty-fr","8":"product_cat-make-up-fr-2","9":"product_cat-maquillage-des-yeux","10":"product_tag-femme","11":"product_tag-fete-des-meres","12":"product_tag-k-beauty-fr","13":"product_tag-maquillage","14":"product_tag-maquillage-des-yeux","15":"product_tag-moins-de-30-chf","16":"product_tag-soins-et-maquillage-pour-la-fete-des-meres","17":"product_tag-special-printemps","19":"first","20":"instock","21":"sale","22":"taxable","23":"shipping-taxable","24":"purchasable","25":"product-type-variable","26":"has-default-attributes"},"brands":[{"id":3632,"name":"UNLEASHIA","slug":"unleashia"}],"_links":{"self":[{"href":"https:\/\/www.freeshopfrontiera.ch\/fr\/wp-json\/wp\/v2\/product\/38219","targetHints":{"allow":["GET"]}}],"collection":[{"href":"https:\/\/www.freeshopfrontiera.ch\/fr\/wp-json\/wp\/v2\/product"}],"about":[{"href":"https:\/\/www.freeshopfrontiera.ch\/fr\/wp-json\/wp\/v2\/types\/product"}],"replies":[{"embeddable":true,"href":"https:\/\/www.freeshopfrontiera.ch\/fr\/wp-json\/wp\/v2\/comments?post=38219"}],"version-history":[{"count":2,"href":"https:\/\/www.freeshopfrontiera.ch\/fr\/wp-json\/wp\/v2\/product\/38219\/revisions"}],"predecessor-version":[{"id":38233,"href":"https:\/\/www.freeshopfrontiera.ch\/fr\/wp-json\/wp\/v2\/product\/38219\/revisions\/38233"}],"wp:featuredmedia":[{"embeddable":true,"href":"https:\/\/www.freeshopfrontiera.ch\/fr\/wp-json\/wp\/v2\/media\/38191"}],"wp:attachment":[{"href":"https:\/\/www.freeshopfrontiera.ch\/fr\/wp-json\/wp\/v2\/media?parent=38219"}],"wp:term":[{"taxonomy":"pwb-brand","embeddable":true,"href":"https:\/\/www.freeshopfrontiera.ch\/fr\/wp-json\/wp\/v2\/pwb-brand?post=38219"},{"taxonomy":"product_brand","embeddable":true,"href":"https:\/\/www.freeshopfrontiera.ch\/fr\/wp-json\/wp\/v2\/product_brand?post=38219"},{"taxonomy":"product_cat","embeddable":true,"href":"https:\/\/www.freeshopfrontiera.ch\/fr\/wp-json\/wp\/v2\/product_cat?post=38219"},{"taxonomy":"product_tag","embeddable":true,"href":"https:\/\/www.freeshopfrontiera.ch\/fr\/wp-json\/wp\/v2\/product_tag?post=38219"}],"curies":[{"name":"wp","href":"https:\/\/api.w.org\/{rel}","templated":true}]}}