{"id":38256,"date":"2025-12-22T14:43:54","date_gmt":"2025-12-22T14:43:54","guid":{"rendered":"https:\/\/www.freeshopfrontiera.ch\/shop\/shiseido-set-bio-performance\/"},"modified":"2025-12-22T15:58:34","modified_gmt":"2025-12-22T15:58:34","slug":"shiseido-set-bio-performance","status":"publish","type":"product","link":"https:\/\/www.freeshopfrontiera.ch\/fr\/shop\/shiseido-set-bio-performance\/","title":{"rendered":"SHISEIDO SET Bio-Performance"},"content":{"rendered":"<p data-start=\"3297\" data-end=\"3597\">Le <strong data-start=\"3300\" data-end=\"3370\">Coffret SHISEIDO Bio-Performance Advanced Super Revitalizing Cream<\/strong> est une routine de soins compl\u00e8te con\u00e7ue pour apporter \u00e0 la peau \u00e9nergie, fermet\u00e9 et \u00e9clat. Ce coffret \u00e9l\u00e9gant associe l\u2019innovation technologique de Shiseido \u00e0 des soins essentiels pour une routine visage quotidienne efficace.<\/p>\n<p data-start=\"3599\" data-end=\"3905\">La <strong data-start=\"3602\" data-end=\"3661\">Bio-Performance Advanced Super Revitalizing Cream 50 ml<\/strong> est une cr\u00e8me visage anti-\u00e2ge avanc\u00e9e qui aide \u00e0 am\u00e9liorer la texture de la peau, \u00e0 renforcer son \u00e9lasticit\u00e9 et \u00e0 maintenir une hydratation intense. Sa texture riche mais l\u00e9g\u00e8re laisse la peau plus lisse, plus ferme et visiblement revitalis\u00e9e.<\/p>\n<p data-start=\"3907\" data-end=\"4120\">La <strong data-start=\"3910\" data-end=\"3945\">Clarifying Cleansing Foam 15 ml<\/strong> nettoie d\u00e9licatement le visage, \u00e9limine les impuret\u00e9s, l\u2019exc\u00e8s de s\u00e9bum et les r\u00e9sidus de maquillage, laissant la peau fra\u00eeche, propre et pr\u00eate \u00e0 recevoir les soins suivants.<\/p>\n<p data-start=\"4122\" data-end=\"4285\">Le <strong data-start=\"4125\" data-end=\"4153\">Treatment Softener 30 ml<\/strong> r\u00e9\u00e9quilibre et adoucit la peau apr\u00e8s le nettoyage, favorisant l\u2019hydratation et am\u00e9liorant l\u2019absorption des soins appliqu\u00e9s ensuite.<\/p>\n<p data-start=\"4287\" data-end=\"4502\">Le <strong data-start=\"4290\" data-end=\"4339\">Ultimune Power Infusing Concentrate 4.0 10 ml<\/strong> renforce les d\u00e9fenses naturelles de la peau, am\u00e9liore sa r\u00e9sistance face aux agressions ext\u00e9rieures et optimise l\u2019efficacit\u00e9 de l\u2019ensemble de la routine skincare.<\/p>\n<p data-start=\"4504\" data-end=\"4681\">Le <strong data-start=\"4507\" data-end=\"4539\">Set Shiseido Bio-Performance<\/strong> est id\u00e9al comme <strong data-start=\"4556\" data-end=\"4574\">cadeau de luxe<\/strong> ou pour celles et ceux qui recherchent une routine visage anti-\u00e2ge compl\u00e8te, efficace et de haute qualit\u00e9.<\/p>\n<p data-start=\"4683\" data-end=\"4864\">\u2728 <strong data-start=\"4685\" data-end=\"4705\">B\u00e9n\u00e9fices cl\u00e9s :<\/strong> peau plus ferme, hydrat\u00e9e et lumineuse<br data-start=\"4744\" data-end=\"4747\" \/>\ud83d\udc86\u200d\u2640\ufe0f <strong data-start=\"4753\" data-end=\"4769\">Id\u00e9al pour :<\/strong> peaux ternes, fatigu\u00e9es ou matures<br data-start=\"4804\" data-end=\"4807\" \/>\ud83c\udf81 <strong data-start=\"4810\" data-end=\"4836\">Parfait comme cadeau :<\/strong> \u00e9l\u00e9gant, complet et raffin\u00e9<\/p>\n<p data-start=\"1300\" data-end=\"1485\">Follow us! <a href=\"https:\/\/www.instagram.com\/freeshopswiss\/\" target=\"_blank\" rel=\"noopener\">@freeshopswiss<\/a><\/p>\n","protected":false},"excerpt":{"rendered":"<p>Le <strong data-start=\"3300\" data-end=\"3370\">Coffret SHISEIDO Bio-Performance Advanced Super Revitalizing Cream<\/strong> est une routine de soins compl\u00e8te con\u00e7ue pour apporter \u00e0 la peau \u00e9nergie, fermet\u00e9 et \u00e9clat.<\/p>\n","protected":false},"featured_media":38251,"comment_status":"open","ping_status":"closed","template":"","meta":[],"pwb-brand":[312],"product_brand":[],"product_cat":[109,295,545,4199],"product_tag":[459,461,296,562,417,301],"class_list":{"0":"post-38256","1":"product","2":"type-product","3":"status-publish","4":"has-post-thumbnail","6":"pwb-brand-shiseido","7":"product_cat-pour-elle","8":"product_cat-traitements","9":"product_cat-soin-du-visage","10":"product_cat-soin-offres","11":"product_tag-coffret","12":"product_tag-coffrets-femme","13":"product_tag-femme","14":"product_tag-nouveautes-soins","15":"product_tag-soins-fr","16":"product_tag-soins-du-visage","18":"first","19":"outofstock","20":"sale","21":"taxable","22":"shipping-taxable","23":"purchasable","24":"product-type-simple"},"brands":[{"id":312,"name":"Shiseido","slug":"shiseido"}],"_links":{"self":[{"href":"https:\/\/www.freeshopfrontiera.ch\/fr\/wp-json\/wp\/v2\/product\/38256","targetHints":{"allow":["GET"]}}],"collection":[{"href":"https:\/\/www.freeshopfrontiera.ch\/fr\/wp-json\/wp\/v2\/product"}],"about":[{"href":"https:\/\/www.freeshopfrontiera.ch\/fr\/wp-json\/wp\/v2\/types\/product"}],"replies":[{"embeddable":true,"href":"https:\/\/www.freeshopfrontiera.ch\/fr\/wp-json\/wp\/v2\/comments?post=38256"}],"version-history":[{"count":1,"href":"https:\/\/www.freeshopfrontiera.ch\/fr\/wp-json\/wp\/v2\/product\/38256\/revisions"}],"predecessor-version":[{"id":38262,"href":"https:\/\/www.freeshopfrontiera.ch\/fr\/wp-json\/wp\/v2\/product\/38256\/revisions\/38262"}],"wp:featuredmedia":[{"embeddable":true,"href":"https:\/\/www.freeshopfrontiera.ch\/fr\/wp-json\/wp\/v2\/media\/38251"}],"wp:attachment":[{"href":"https:\/\/www.freeshopfrontiera.ch\/fr\/wp-json\/wp\/v2\/media?parent=38256"}],"wp:term":[{"taxonomy":"pwb-brand","embeddable":true,"href":"https:\/\/www.freeshopfrontiera.ch\/fr\/wp-json\/wp\/v2\/pwb-brand?post=38256"},{"taxonomy":"product_brand","embeddable":true,"href":"https:\/\/www.freeshopfrontiera.ch\/fr\/wp-json\/wp\/v2\/product_brand?post=38256"},{"taxonomy":"product_cat","embeddable":true,"href":"https:\/\/www.freeshopfrontiera.ch\/fr\/wp-json\/wp\/v2\/product_cat?post=38256"},{"taxonomy":"product_tag","embeddable":true,"href":"https:\/\/www.freeshopfrontiera.ch\/fr\/wp-json\/wp\/v2\/product_tag?post=38256"}],"curies":[{"name":"wp","href":"https:\/\/api.w.org\/{rel}","templated":true}]}}