{"id":38313,"date":"2025-12-29T08:18:32","date_gmt":"2025-12-29T08:18:32","guid":{"rendered":"https:\/\/www.freeshopfrontiera.ch\/shop\/davidoff-set-cool-water\/"},"modified":"2025-12-29T08:23:31","modified_gmt":"2025-12-29T08:23:31","slug":"davidoff-set-cool-water","status":"publish","type":"product","link":"https:\/\/www.freeshopfrontiera.ch\/fr\/shop\/davidoff-set-cool-water\/","title":{"rendered":"DAVIDOFF SET Cool Water"},"content":{"rendered":"<p data-start=\"0\" data-end=\"413\">D\u00e9couvrez la fra\u00eecheur intemporelle de <strong data-start=\"2439\" data-end=\"2462\">DAVIDOFF Cool Water<\/strong>, l\u2019un des parfums masculins les plus embl\u00e9matiques de la parfumerie internationale, inspir\u00e9 par la puissance et la puret\u00e9 de la mer. Le <strong data-start=\"2599\" data-end=\"2636\">coffret homme DAVIDOFF Cool Water<\/strong> comprend une <strong data-start=\"2650\" data-end=\"2691\">Eau de Toilette vaporisateur de 40 ml<\/strong> et un <strong data-start=\"2698\" data-end=\"2721\">Gel Douche de 75 ml<\/strong>, une association parfaite pour vivre chaque jour une sensation de fra\u00eecheur intense et revitalisante. La fragrance s\u2019ouvre sur des notes aromatiques et p\u00e9tillantes de <strong data-start=\"2889\" data-end=\"2913\">menthe et de lavande<\/strong>, procurant imm\u00e9diatement \u00e9nergie et sensation de propret\u00e9. Le c\u0153ur r\u00e9v\u00e8le des accords \u00e9l\u00e9gants et masculins, tandis que le fond chaud et enveloppant m\u00eale <strong data-start=\"3068\" data-end=\"3100\">notes bois\u00e9es, ambre et musc<\/strong>, laissant un sillage frais, sensuel et durable.<\/p>\n<p data-start=\"0\" data-end=\"413\">Le <strong data-start=\"3152\" data-end=\"3177\">Gel Douche Cool Water<\/strong> nettoie d\u00e9licatement la peau, la laissant douce, tonifi\u00e9e et d\u00e9licatement parfum\u00e9e, tout en prolongeant la tenue du parfum. Ce coffret est id\u00e9al pour un usage quotidien, apr\u00e8s le sport ou pendant les moments de d\u00e9tente, et constitue \u00e9galement une parfaite <strong data-start=\"3434\" data-end=\"3460\">id\u00e9e cadeau pour homme<\/strong> gr\u00e2ce \u00e0 son style \u00e9l\u00e9gant et \u00e0 la qualit\u00e9 sign\u00e9e DAVIDOFF. Un choix id\u00e9al pour l\u2019homme moderne, dynamique et s\u00fbr de lui, amateur de parfums frais, propres et affirm\u00e9s.<\/p>\n<p data-start=\"872\" data-end=\"1246\" data-is-last-node=\"\" data-is-only-node=\"\">Follow us! <a href=\"https:\/\/www.instagram.com\/freeshopswiss\/\" target=\"_blank\" rel=\"noopener\">@freeshopswiss<\/a><\/p>\n","protected":false},"excerpt":{"rendered":"<p>D\u00e9couvrez la fra\u00eecheur intemporelle de <strong data-start=\"2439\" data-end=\"2462\">DAVIDOFF Cool Water<\/strong>, l\u2019un des parfums masculins les plus embl\u00e9matiques de la parfumerie internationale, inspir\u00e9 par la puissance et la puret\u00e9 de la mer.<\/p>\n","protected":false},"featured_media":38308,"comment_status":"open","ping_status":"closed","template":"","meta":[],"pwb-brand":[200],"product_brand":[],"product_cat":[87,484],"product_tag":[459,464,143,97],"class_list":{"0":"post-38313","1":"product","2":"type-product","3":"status-publish","4":"has-post-thumbnail","6":"pwb-brand-davidoff","7":"product_cat-parfums","8":"product_cat-coffret","9":"product_tag-coffret","10":"product_tag-coffret-homme","11":"product_tag-homme","12":"product_tag-parfums","14":"first","15":"instock","16":"sale","17":"taxable","18":"shipping-taxable","19":"purchasable","20":"product-type-simple"},"brands":[{"id":200,"name":"Davidoff","slug":"davidoff"}],"_links":{"self":[{"href":"https:\/\/www.freeshopfrontiera.ch\/fr\/wp-json\/wp\/v2\/product\/38313","targetHints":{"allow":["GET"]}}],"collection":[{"href":"https:\/\/www.freeshopfrontiera.ch\/fr\/wp-json\/wp\/v2\/product"}],"about":[{"href":"https:\/\/www.freeshopfrontiera.ch\/fr\/wp-json\/wp\/v2\/types\/product"}],"replies":[{"embeddable":true,"href":"https:\/\/www.freeshopfrontiera.ch\/fr\/wp-json\/wp\/v2\/comments?post=38313"}],"version-history":[{"count":1,"href":"https:\/\/www.freeshopfrontiera.ch\/fr\/wp-json\/wp\/v2\/product\/38313\/revisions"}],"predecessor-version":[{"id":38318,"href":"https:\/\/www.freeshopfrontiera.ch\/fr\/wp-json\/wp\/v2\/product\/38313\/revisions\/38318"}],"wp:featuredmedia":[{"embeddable":true,"href":"https:\/\/www.freeshopfrontiera.ch\/fr\/wp-json\/wp\/v2\/media\/38308"}],"wp:attachment":[{"href":"https:\/\/www.freeshopfrontiera.ch\/fr\/wp-json\/wp\/v2\/media?parent=38313"}],"wp:term":[{"taxonomy":"pwb-brand","embeddable":true,"href":"https:\/\/www.freeshopfrontiera.ch\/fr\/wp-json\/wp\/v2\/pwb-brand?post=38313"},{"taxonomy":"product_brand","embeddable":true,"href":"https:\/\/www.freeshopfrontiera.ch\/fr\/wp-json\/wp\/v2\/product_brand?post=38313"},{"taxonomy":"product_cat","embeddable":true,"href":"https:\/\/www.freeshopfrontiera.ch\/fr\/wp-json\/wp\/v2\/product_cat?post=38313"},{"taxonomy":"product_tag","embeddable":true,"href":"https:\/\/www.freeshopfrontiera.ch\/fr\/wp-json\/wp\/v2\/product_tag?post=38313"}],"curies":[{"name":"wp","href":"https:\/\/api.w.org\/{rel}","templated":true}]}}