{"id":38328,"date":"2025-12-29T08:55:57","date_gmt":"2025-12-29T08:55:57","guid":{"rendered":"https:\/\/www.freeshopfrontiera.ch\/shop\/chloe-set-signature\/"},"modified":"2025-12-29T09:04:23","modified_gmt":"2025-12-29T09:04:23","slug":"chloe-set-signature","status":"publish","type":"product","link":"https:\/\/www.freeshopfrontiera.ch\/fr\/shop\/chloe-set-signature\/","title":{"rendered":"CHLOE SET Signature"},"content":{"rendered":"<p>D\u00e9couvrez l\u2019\u00e9l\u00e9gance intemporelle de <strong data-start=\"2668\" data-end=\"2687\">CHLO\u00c9 Signature<\/strong>, un parfum iconique qui incarne une f\u00e9minit\u00e9 moderne, raffin\u00e9e et naturellement chic. Le <strong data-start=\"2777\" data-end=\"2810\">coffret femme CHLO\u00c9 Signature<\/strong> comprend une <strong data-start=\"2824\" data-end=\"2863\">Eau de Parfum vaporisateur de 50 ml<\/strong> et une <strong data-start=\"2871\" data-end=\"2897\">Lotion Corps de 100 ml<\/strong>, un rituel parfum\u00e9 complet con\u00e7u pour sublimer la beaut\u00e9 et le style de chaque femme.<\/p>\n<p>L\u2019Eau de Parfum s\u2019ouvre sur des notes fra\u00eeches et lumineuses, puis r\u00e9v\u00e8le un c\u0153ur floral sophistiqu\u00e9 domin\u00e9 par la <strong data-start=\"3099\" data-end=\"3107\">rose<\/strong>, symbole embl\u00e9matique de la maison CHLO\u00c9, enrichi de d\u00e9licates nuances de <strong data-start=\"3182\" data-end=\"3206\">pivoine et de muguet<\/strong>. Le fond chaud et enveloppant associe <strong data-start=\"3245\" data-end=\"3271\">ambre et bois d\u00e9licats<\/strong>, offrant un sillage sensuel, f\u00e9minin et durable. La <strong data-start=\"3324\" data-end=\"3356\">Lotion Corps CHLO\u00c9 Signature<\/strong>, \u00e0 la texture douce et soyeuse, hydrate intens\u00e9ment la peau, la laissant velout\u00e9e, lumineuse et d\u00e9licatement parfum\u00e9e, tout en prolongeant la tenue du parfum tout au long de la journ\u00e9e. Ce coffret est id\u00e9al pour un usage quotidien ou pour des occasions sp\u00e9ciales et constitue une parfaite <strong data-start=\"3646\" data-end=\"3672\">id\u00e9e cadeau pour femme<\/strong> gr\u00e2ce \u00e0 son design \u00e9l\u00e9gant et \u00e0 la qualit\u00e9 d\u2019une marque de luxe. Un coffret pens\u00e9 pour la femme romantique, s\u00fbre d\u2019elle et naturellement \u00e9l\u00e9gante, qui aime les parfums floraux raffin\u00e9s et intemporels.<\/p>\n<p>&nbsp;<\/p>\n<p>Follow us! <a href=\"https:\/\/www.instagram.com\/freeshopswiss\/\" target=\"_blank\" rel=\"noopener\">@freeshopswiss<\/a><\/p>\n","protected":false},"excerpt":{"rendered":"<p>Scopri l\u2019eleganza senza tempo di <strong data-start=\"128\" data-end=\"147\">CHLO\u00c9 Signature<\/strong>, una fragranza iconica che incarna la femminilit\u00e0 moderna, raffinata e naturalmente chic. Il <strong data-start=\"241\" data-end=\"270\">CHLO\u00c9 Signature Set Donna<\/strong> include <strong data-start=\"279\" data-end=\"310\">Eau de Parfum Vapo da 50 ml<\/strong> e <strong data-start=\"313\" data-end=\"338\">Body Lotion da 100 ml<\/strong><\/p>\n","protected":false},"featured_media":38323,"comment_status":"open","ping_status":"closed","template":"","meta":[],"pwb-brand":[239],"product_brand":[],"product_cat":[96,103,138,109,484,4192],"product_tag":[459,461,252,296,4348,278,97,4367],"class_list":{"0":"post-38328","1":"product","2":"type-product","3":"status-publish","4":"has-post-thumbnail","6":"pwb-brand-chloe","7":"product_cat-evidence","8":"product_cat-nouveaute","9":"product_cat-offre","10":"product_cat-pour-elle","11":"product_cat-coffret","12":"product_cat-offers-coffret","13":"product_tag-coffret","14":"product_tag-coffrets-femme","15":"product_tag-eau-de-parfum-fr","16":"product_tag-femme","17":"product_tag-fete-des-femmes","18":"product_tag-offre","19":"product_tag-parfums","20":"product_tag-special-printemps","22":"first","23":"instock","24":"sale","25":"taxable","26":"shipping-taxable","27":"purchasable","28":"product-type-simple"},"brands":[{"id":239,"name":"Chloe","slug":"chloe"}],"_links":{"self":[{"href":"https:\/\/www.freeshopfrontiera.ch\/fr\/wp-json\/wp\/v2\/product\/38328","targetHints":{"allow":["GET"]}}],"collection":[{"href":"https:\/\/www.freeshopfrontiera.ch\/fr\/wp-json\/wp\/v2\/product"}],"about":[{"href":"https:\/\/www.freeshopfrontiera.ch\/fr\/wp-json\/wp\/v2\/types\/product"}],"replies":[{"embeddable":true,"href":"https:\/\/www.freeshopfrontiera.ch\/fr\/wp-json\/wp\/v2\/comments?post=38328"}],"version-history":[{"count":1,"href":"https:\/\/www.freeshopfrontiera.ch\/fr\/wp-json\/wp\/v2\/product\/38328\/revisions"}],"predecessor-version":[{"id":38334,"href":"https:\/\/www.freeshopfrontiera.ch\/fr\/wp-json\/wp\/v2\/product\/38328\/revisions\/38334"}],"wp:featuredmedia":[{"embeddable":true,"href":"https:\/\/www.freeshopfrontiera.ch\/fr\/wp-json\/wp\/v2\/media\/38323"}],"wp:attachment":[{"href":"https:\/\/www.freeshopfrontiera.ch\/fr\/wp-json\/wp\/v2\/media?parent=38328"}],"wp:term":[{"taxonomy":"pwb-brand","embeddable":true,"href":"https:\/\/www.freeshopfrontiera.ch\/fr\/wp-json\/wp\/v2\/pwb-brand?post=38328"},{"taxonomy":"product_brand","embeddable":true,"href":"https:\/\/www.freeshopfrontiera.ch\/fr\/wp-json\/wp\/v2\/product_brand?post=38328"},{"taxonomy":"product_cat","embeddable":true,"href":"https:\/\/www.freeshopfrontiera.ch\/fr\/wp-json\/wp\/v2\/product_cat?post=38328"},{"taxonomy":"product_tag","embeddable":true,"href":"https:\/\/www.freeshopfrontiera.ch\/fr\/wp-json\/wp\/v2\/product_tag?post=38328"}],"curies":[{"name":"wp","href":"https:\/\/api.w.org\/{rel}","templated":true}]}}