{"id":38445,"date":"2026-01-05T08:15:58","date_gmt":"2026-01-05T08:15:58","guid":{"rendered":"https:\/\/www.freeshopfrontiera.ch\/shop\/tuttotondo-chinotto-eau-de-toilette-100-ml\/"},"modified":"2026-01-05T08:23:25","modified_gmt":"2026-01-05T08:23:25","slug":"tuttotondo-chinotto-eau-de-toilette-100-ml","status":"publish","type":"product","link":"https:\/\/www.freeshopfrontiera.ch\/fr\/shop\/tuttotondo-chinotto-eau-de-toilette-100-ml\/","title":{"rendered":"TUTTOTONDO Chinotto Eau de Toilette 100 ml"},"content":{"rendered":"<p data-start=\"2401\" data-end=\"2702\"><strong data-start=\"2401\" data-end=\"2447\">TUTTOTONDO Chinotto Eau de Toilette 100 ml<\/strong> est un parfum frais, \u00e9l\u00e9gant et surprenant, inspir\u00e9 par le caract\u00e8re intense et raffin\u00e9 du chinotto italien. Une fragrance mixte qui capture l\u2019essence de la M\u00e9diterran\u00e9e, id\u00e9ale pour les amateurs de notes hesp\u00e9rid\u00e9es au style contemporain et sophistiqu\u00e9.<\/p>\n<p data-start=\"2704\" data-end=\"3069\">L\u2019ouverture est vive et lumineuse, domin\u00e9e par des <strong data-start=\"2755\" data-end=\"2801\">notes p\u00e9tillantes de chinotto et d\u2019agrumes<\/strong>, procurant une sensation imm\u00e9diate d\u2019\u00e9nergie et de fra\u00eecheur. Le c\u0153ur r\u00e9v\u00e8le des accords aromatiques et l\u00e9g\u00e8rement \u00e9pic\u00e9s, apportant profondeur et \u00e9quilibre. Le fond, chaleureux et d\u00e9licat, associe des <strong data-start=\"3004\" data-end=\"3033\">notes bois\u00e9es et musqu\u00e9es<\/strong> pour un sillage \u00e9l\u00e9gant et durable.<\/p>\n<p data-start=\"3071\" data-end=\"3307\">Parfait pour un usage quotidien, <strong data-start=\"3104\" data-end=\"3138\">TUTTOTONDO Chinotto EDT 100 ml<\/strong> convient \u00e0 toutes les saisons et se porte aussi bien de jour que de nuit. Une fragrance id\u00e9ale pour ceux qui recherchent un parfum distinctif, naturel et Made in Italy.<\/p>\n<p data-start=\"3309\" data-end=\"3506\">Le flacon au design \u00e9pur\u00e9 et moderne refl\u00e8te la philosophie de TUTTOTONDO : simplicit\u00e9, qualit\u00e9 et souci du d\u00e9tail. Une excellente id\u00e9e cadeau ou un incontournable pour toute collection de parfums.<\/p>\n<p data-start=\"1088\" data-end=\"1290\">Follow us! <a href=\"https:\/\/www.instagram.com\/freeshopswiss\/\" target=\"_blank\" rel=\"noopener\">@freeshopswiss<\/a><\/p>\n","protected":false},"excerpt":{"rendered":"<p><strong data-start=\"2401\" data-end=\"2447\">TUTTOTONDO Chinotto Eau de Toilette 100 ml<\/strong> est un parfum frais, \u00e9l\u00e9gant et surprenant, inspir\u00e9 par le caract\u00e8re intense et raffin\u00e9 du chinotto italien.<\/p>\n","protected":false},"featured_media":38441,"comment_status":"open","ping_status":"closed","template":"","meta":[],"pwb-brand":[3791],"product_brand":[],"product_cat":[87,109,89],"product_tag":[141,296,789,1629,143,97],"class_list":{"0":"post-38445","1":"product","2":"type-product","3":"status-publish","4":"has-post-thumbnail","6":"pwb-brand-tuttotondo","7":"product_cat-parfums","8":"product_cat-pour-elle","9":"product_cat-pour-lui","10":"product_tag-eau-de-toilette-fr","11":"product_tag-femme","12":"product_tag-womens-fragrances-fr","13":"product_tag-mens-fragrances-fr","14":"product_tag-homme","15":"product_tag-parfums","17":"first","18":"instock","19":"sale","20":"taxable","21":"shipping-taxable","22":"purchasable","23":"product-type-simple"},"brands":[{"id":3791,"name":"Tuttotondo","slug":"tuttotondo"}],"_links":{"self":[{"href":"https:\/\/www.freeshopfrontiera.ch\/fr\/wp-json\/wp\/v2\/product\/38445","targetHints":{"allow":["GET"]}}],"collection":[{"href":"https:\/\/www.freeshopfrontiera.ch\/fr\/wp-json\/wp\/v2\/product"}],"about":[{"href":"https:\/\/www.freeshopfrontiera.ch\/fr\/wp-json\/wp\/v2\/types\/product"}],"replies":[{"embeddable":true,"href":"https:\/\/www.freeshopfrontiera.ch\/fr\/wp-json\/wp\/v2\/comments?post=38445"}],"version-history":[{"count":1,"href":"https:\/\/www.freeshopfrontiera.ch\/fr\/wp-json\/wp\/v2\/product\/38445\/revisions"}],"predecessor-version":[{"id":38449,"href":"https:\/\/www.freeshopfrontiera.ch\/fr\/wp-json\/wp\/v2\/product\/38445\/revisions\/38449"}],"wp:featuredmedia":[{"embeddable":true,"href":"https:\/\/www.freeshopfrontiera.ch\/fr\/wp-json\/wp\/v2\/media\/38441"}],"wp:attachment":[{"href":"https:\/\/www.freeshopfrontiera.ch\/fr\/wp-json\/wp\/v2\/media?parent=38445"}],"wp:term":[{"taxonomy":"pwb-brand","embeddable":true,"href":"https:\/\/www.freeshopfrontiera.ch\/fr\/wp-json\/wp\/v2\/pwb-brand?post=38445"},{"taxonomy":"product_brand","embeddable":true,"href":"https:\/\/www.freeshopfrontiera.ch\/fr\/wp-json\/wp\/v2\/product_brand?post=38445"},{"taxonomy":"product_cat","embeddable":true,"href":"https:\/\/www.freeshopfrontiera.ch\/fr\/wp-json\/wp\/v2\/product_cat?post=38445"},{"taxonomy":"product_tag","embeddable":true,"href":"https:\/\/www.freeshopfrontiera.ch\/fr\/wp-json\/wp\/v2\/product_tag?post=38445"}],"curies":[{"name":"wp","href":"https:\/\/api.w.org\/{rel}","templated":true}]}}