{"id":38458,"date":"2026-01-05T08:30:07","date_gmt":"2026-01-05T08:30:07","guid":{"rendered":"https:\/\/www.freeshopfrontiera.ch\/shop\/tuttotondo-chinotto-lozione-corpo-tonificante-300-ml\/"},"modified":"2026-01-05T08:33:35","modified_gmt":"2026-01-05T08:33:35","slug":"tuttotondo-chinotto-lozione-corpo-tonificante-300-ml","status":"publish","type":"product","link":"https:\/\/www.freeshopfrontiera.ch\/fr\/shop\/tuttotondo-chinotto-lozione-corpo-tonificante-300-ml\/","title":{"rendered":"TUTTOTONDO Chinotto Lozione Corpo Tonificante 300 ml"},"content":{"rendered":"<p data-start=\"2473\" data-end=\"2805\"><strong data-start=\"2473\" data-end=\"2527\">TUTTOTONDO Chinotto Lotion Corps Tonifiante 300 ml<\/strong> est un soin corporel frais et revitalisant, con\u00e7u pour hydrater, tonifier et dynamiser la peau au quotidien. Enrichie du parfum embl\u00e9matique du chinotto, cette lotion corps procure une sensation imm\u00e9diate de bien-\u00eatre et de fra\u00eecheur, \u00e9voquant la luminosit\u00e9 de la M\u00e9diterran\u00e9e.<\/p>\n<p data-start=\"2807\" data-end=\"3103\">Sa texture l\u00e9g\u00e8re et rapidement absorb\u00e9e s\u2019applique facilement et laisse la peau douce, souple et d\u00e9licatement parfum\u00e9e, sans effet gras. Gr\u00e2ce \u00e0 une formule aux ingr\u00e9dients soigneusement s\u00e9lectionn\u00e9s, elle aide \u00e0 maintenir une hydratation optimale et \u00e0 am\u00e9liorer visiblement le tonus de la peau.<\/p>\n<p data-start=\"3105\" data-end=\"3409\">Le parfum hesp\u00e9rid\u00e9 et raffin\u00e9 du <strong data-start=\"3139\" data-end=\"3151\">chinotto<\/strong> enveloppe le corps de notes p\u00e9tillantes et aromatiques, id\u00e9ales pour bien commencer la journ\u00e9e ou se rafra\u00eechir apr\u00e8s la douche. Adapt\u00e9e \u00e0 tous les types de peau et parfaite pour un usage quotidien, cette lotion convient aussi bien aux femmes qu\u2019aux hommes.<\/p>\n<p data-start=\"3411\" data-end=\"3618\">Le flacon <strong data-start=\"3421\" data-end=\"3431\">300 ml<\/strong> avec pompe pratique assure une utilisation facile et durable. <strong data-start=\"3494\" data-end=\"3541\">TUTTOTONDO Chinotto Lotion Corps Tonifiante<\/strong> est le choix id\u00e9al pour un soin corporel efficace, parfum\u00e9 et Made in Italy.<\/p>\n<p data-start=\"1183\" data-end=\"1417\">Follow us! <a href=\"https:\/\/www.instagram.com\/freeshopswiss\/\" target=\"_blank\" rel=\"noopener\">@freeshopswiss<\/a><\/p>\n","protected":false},"excerpt":{"rendered":"<p><strong data-start=\"2473\" data-end=\"2527\">TUTTOTONDO Chinotto Lotion Corps Tonifiante 300 ml<\/strong> est un soin corporel frais et revitalisant, con\u00e7u pour hydrater, tonifier et dynamiser la peau au quotidien.<\/p>\n","protected":false},"featured_media":38454,"comment_status":"open","ping_status":"closed","template":"","meta":[],"pwb-brand":[3791],"product_brand":[],"product_cat":[109,295],"product_tag":[297,296,417],"class_list":{"0":"post-38458","1":"product","2":"type-product","3":"status-publish","4":"has-post-thumbnail","6":"pwb-brand-tuttotondo","7":"product_cat-pour-elle","8":"product_cat-traitements","9":"product_tag-creme-pour-le-corps","10":"product_tag-femme","11":"product_tag-soins-fr","13":"first","14":"instock","15":"sale","16":"taxable","17":"shipping-taxable","18":"purchasable","19":"product-type-simple"},"brands":[{"id":3791,"name":"Tuttotondo","slug":"tuttotondo"}],"_links":{"self":[{"href":"https:\/\/www.freeshopfrontiera.ch\/fr\/wp-json\/wp\/v2\/product\/38458","targetHints":{"allow":["GET"]}}],"collection":[{"href":"https:\/\/www.freeshopfrontiera.ch\/fr\/wp-json\/wp\/v2\/product"}],"about":[{"href":"https:\/\/www.freeshopfrontiera.ch\/fr\/wp-json\/wp\/v2\/types\/product"}],"replies":[{"embeddable":true,"href":"https:\/\/www.freeshopfrontiera.ch\/fr\/wp-json\/wp\/v2\/comments?post=38458"}],"version-history":[{"count":1,"href":"https:\/\/www.freeshopfrontiera.ch\/fr\/wp-json\/wp\/v2\/product\/38458\/revisions"}],"predecessor-version":[{"id":38461,"href":"https:\/\/www.freeshopfrontiera.ch\/fr\/wp-json\/wp\/v2\/product\/38458\/revisions\/38461"}],"wp:featuredmedia":[{"embeddable":true,"href":"https:\/\/www.freeshopfrontiera.ch\/fr\/wp-json\/wp\/v2\/media\/38454"}],"wp:attachment":[{"href":"https:\/\/www.freeshopfrontiera.ch\/fr\/wp-json\/wp\/v2\/media?parent=38458"}],"wp:term":[{"taxonomy":"pwb-brand","embeddable":true,"href":"https:\/\/www.freeshopfrontiera.ch\/fr\/wp-json\/wp\/v2\/pwb-brand?post=38458"},{"taxonomy":"product_brand","embeddable":true,"href":"https:\/\/www.freeshopfrontiera.ch\/fr\/wp-json\/wp\/v2\/product_brand?post=38458"},{"taxonomy":"product_cat","embeddable":true,"href":"https:\/\/www.freeshopfrontiera.ch\/fr\/wp-json\/wp\/v2\/product_cat?post=38458"},{"taxonomy":"product_tag","embeddable":true,"href":"https:\/\/www.freeshopfrontiera.ch\/fr\/wp-json\/wp\/v2\/product_tag?post=38458"}],"curies":[{"name":"wp","href":"https:\/\/api.w.org\/{rel}","templated":true}]}}