{"id":38471,"date":"2026-01-05T08:42:50","date_gmt":"2026-01-05T08:42:50","guid":{"rendered":"https:\/\/www.freeshopfrontiera.ch\/shop\/tuttotondo-mirto-eau-de-toilette-100-ml\/"},"modified":"2026-01-05T08:52:12","modified_gmt":"2026-01-05T08:52:12","slug":"tuttotondo-mirto-eau-de-toilette-100-ml","status":"publish","type":"product","link":"https:\/\/www.freeshopfrontiera.ch\/fr\/shop\/tuttotondo-mirto-eau-de-toilette-100-ml\/","title":{"rendered":"TUTTOTONDO Mirto Eau de Toilette 100 ml"},"content":{"rendered":"<p data-start=\"2585\" data-end=\"2917\"><strong data-start=\"2585\" data-end=\"2628\">TUTTOTONDO Mirto Eau de Toilette 100 ml<\/strong> est une fragrance fra\u00eeche, aromatique et profond\u00e9ment m\u00e9diterran\u00e9enne, inspir\u00e9e du myrte, symbole de la garrigue m\u00e9diterran\u00e9enne et des c\u00f4tes italiennes. Un parfum mixte au caract\u00e8re naturel et \u00e9l\u00e9gant, destin\u00e9 \u00e0 ceux qui recherchent des senteurs authentiques, raffin\u00e9es et intemporelles.<\/p>\n<p data-start=\"2919\" data-end=\"3412\">L\u2019ouverture est vive et tonifiante, marqu\u00e9e par des <strong data-start=\"2971\" data-end=\"3011\">notes vertes et aromatiques de myrte<\/strong>, enrichies de touches fra\u00eeches et l\u00e9g\u00e8rement hesp\u00e9rid\u00e9es qui procurent une sensation imm\u00e9diate de propret\u00e9 et d\u2019\u00e9nergie. Le c\u0153ur d\u00e9voile des nuances aromatiques et herbac\u00e9es, \u00e9quilibr\u00e9es et harmonieuses, \u00e9voquant la nature intacte et la v\u00e9g\u00e9tation m\u00e9diterran\u00e9enne. Le fond, doux et enveloppant, associe des <strong data-start=\"3319\" data-end=\"3348\">notes bois\u00e9es et musqu\u00e9es<\/strong> pour une profondeur \u00e9l\u00e9gante et une tenue agr\u00e9able sur la peau.<\/p>\n<p data-start=\"3414\" data-end=\"3663\">Id\u00e9al pour un usage quotidien, <strong data-start=\"3445\" data-end=\"3476\">TUTTOTONDO Mirto EDT 100 ml<\/strong> convient \u00e0 toutes les saisons et est particuli\u00e8rement appr\u00e9ci\u00e9 pendant les mois les plus chauds gr\u00e2ce \u00e0 sa fra\u00eecheur naturelle. Une fragrance polyvalente, parfaite de jour comme de nuit.<\/p>\n<p data-start=\"3665\" data-end=\"3840\">Le flacon au design \u00e9pur\u00e9 et moderne refl\u00e8te la philosophie de TUTTOTONDO : qualit\u00e9, simplicit\u00e9 et Made in Italy. Un choix parfait pour un parfum frais, \u00e9l\u00e9gant et distinctif.<\/p>\n<p data-start=\"958\" data-end=\"1193\">Follow us! <a href=\"https:\/\/www.instagram.com\/freeshopswiss\/\" target=\"_blank\" rel=\"noopener\">@freeshopswiss<\/a><\/p>\n","protected":false},"excerpt":{"rendered":"<p><strong data-start=\"2585\" data-end=\"2628\">TUTTOTONDO Mirto Eau de Toilette 100 ml<\/strong> est une fragrance fra\u00eeche, aromatique et profond\u00e9ment m\u00e9diterran\u00e9enne, inspir\u00e9e du myrte, symbole de la garrigue m\u00e9diterran\u00e9enne et des c\u00f4tes italiennes.<\/p>\n","protected":false},"featured_media":38466,"comment_status":"open","ping_status":"closed","template":"","meta":[],"pwb-brand":[3791],"product_brand":[],"product_cat":[87,109,89],"product_tag":[141,296,789,1629,143,594],"class_list":{"0":"post-38471","1":"product","2":"type-product","3":"status-publish","4":"has-post-thumbnail","6":"pwb-brand-tuttotondo","7":"product_cat-parfums","8":"product_cat-pour-elle","9":"product_cat-pour-lui","10":"product_tag-eau-de-toilette-fr","11":"product_tag-femme","12":"product_tag-womens-fragrances-fr","13":"product_tag-mens-fragrances-fr","14":"product_tag-homme","15":"product_tag-unisex-fr-2","17":"first","18":"instock","19":"sale","20":"taxable","21":"shipping-taxable","22":"purchasable","23":"product-type-simple"},"brands":[{"id":3791,"name":"Tuttotondo","slug":"tuttotondo"}],"_links":{"self":[{"href":"https:\/\/www.freeshopfrontiera.ch\/fr\/wp-json\/wp\/v2\/product\/38471","targetHints":{"allow":["GET"]}}],"collection":[{"href":"https:\/\/www.freeshopfrontiera.ch\/fr\/wp-json\/wp\/v2\/product"}],"about":[{"href":"https:\/\/www.freeshopfrontiera.ch\/fr\/wp-json\/wp\/v2\/types\/product"}],"replies":[{"embeddable":true,"href":"https:\/\/www.freeshopfrontiera.ch\/fr\/wp-json\/wp\/v2\/comments?post=38471"}],"version-history":[{"count":1,"href":"https:\/\/www.freeshopfrontiera.ch\/fr\/wp-json\/wp\/v2\/product\/38471\/revisions"}],"predecessor-version":[{"id":38477,"href":"https:\/\/www.freeshopfrontiera.ch\/fr\/wp-json\/wp\/v2\/product\/38471\/revisions\/38477"}],"wp:featuredmedia":[{"embeddable":true,"href":"https:\/\/www.freeshopfrontiera.ch\/fr\/wp-json\/wp\/v2\/media\/38466"}],"wp:attachment":[{"href":"https:\/\/www.freeshopfrontiera.ch\/fr\/wp-json\/wp\/v2\/media?parent=38471"}],"wp:term":[{"taxonomy":"pwb-brand","embeddable":true,"href":"https:\/\/www.freeshopfrontiera.ch\/fr\/wp-json\/wp\/v2\/pwb-brand?post=38471"},{"taxonomy":"product_brand","embeddable":true,"href":"https:\/\/www.freeshopfrontiera.ch\/fr\/wp-json\/wp\/v2\/product_brand?post=38471"},{"taxonomy":"product_cat","embeddable":true,"href":"https:\/\/www.freeshopfrontiera.ch\/fr\/wp-json\/wp\/v2\/product_cat?post=38471"},{"taxonomy":"product_tag","embeddable":true,"href":"https:\/\/www.freeshopfrontiera.ch\/fr\/wp-json\/wp\/v2\/product_tag?post=38471"}],"curies":[{"name":"wp","href":"https:\/\/api.w.org\/{rel}","templated":true}]}}