{"id":38488,"date":"2026-01-05T09:00:33","date_gmt":"2026-01-05T09:00:33","guid":{"rendered":"https:\/\/www.freeshopfrontiera.ch\/shop\/unleashia-sisua-berry-shot-lip-tint-3-8g-no-4-woo-woo\/"},"modified":"2026-01-05T09:05:27","modified_gmt":"2026-01-05T09:05:27","slug":"unleashia-sisua-berry-shot-lip-tint-3-8g-no-4-woo-woo","status":"publish","type":"product","link":"https:\/\/www.freeshopfrontiera.ch\/fr\/shop\/unleashia-sisua-berry-shot-lip-tint-3-8g-no-4-woo-woo\/","title":{"rendered":"UNLEASHIA Sisua Berry Shot Lip Tint 3.8g &#8211; No.4 Woo Woo"},"content":{"rendered":"<p data-start=\"1372\" data-end=\"1719\"><strong data-start=\"1372\" data-end=\"1431\">UNLEASHIA Sisua Berry Shot Lip Tint 3.8g \u2013 No.4 Woo Woo<\/strong> est une encre \u00e0 l\u00e8vres innovante qui associe couleur intense, confort et soin des l\u00e8vres en un seul produit. La teinte <strong data-start=\"1551\" data-end=\"1567\">No.4 Woo Woo<\/strong> est une couleur vibrante et s\u00e9duisante, inspir\u00e9e des nuances juteuses des fruits rouges, id\u00e9ale pour sublimer les l\u00e8vres avec un fini frais et moderne.<\/p>\n<p data-start=\"1721\" data-end=\"2067\">Sa formule l\u00e9g\u00e8re et hautement pigment\u00e9e s\u2019applique facilement et adh\u00e8re parfaitement aux l\u00e8vres sans effet collant. Gr\u00e2ce \u00e0 sa texture fluide, la couleur est uniforme d\u00e8s la premi\u00e8re application et modulable selon l\u2019intensit\u00e9 souhait\u00e9e. Cette lip tint offre une longue tenue tout en laissant les l\u00e8vres douces et confortables pendant des heures.<\/p>\n<p data-start=\"2069\" data-end=\"2367\">Enrichie en <strong data-start=\"2081\" data-end=\"2122\">extraits de baies (complexe de baies)<\/strong>, la Sisua Berry Shot Lip Tint aide \u00e0 maintenir l\u2019hydratation des l\u00e8vres et \u00e0 pr\u00e9venir la s\u00e9cheresse et les ger\u00e7ures. Le r\u00e9sultat est un look naturel mais intense, parfait aussi bien pour le maquillage quotidien que pour les occasions sp\u00e9ciales.<\/p>\n<p data-start=\"2369\" data-end=\"2677\">Le format <strong data-start=\"2379\" data-end=\"2388\">3,8 g<\/strong> est pratique et compact, id\u00e9al \u00e0 emporter partout avec soi. <strong data-start=\"2449\" data-end=\"2503\">UNLEASHIA Sisua Berry Shot Lip Tint \u2013 No.4 Woo Woo<\/strong> est le choix parfait pour celles et ceux qui recherchent une lip tint performante, confortable et \u00e0 la couleur irr\u00e9sistible, sign\u00e9e par une marque innovante et cruelty free.<\/p>\n<p data-start=\"1131\" data-end=\"1413\">Follow us! <a href=\"https:\/\/www.instagram.com\/freeshopswiss\/\" target=\"_blank\" rel=\"noopener\">@freeshopswiss<\/a><\/p>\n","protected":false},"excerpt":{"rendered":"<p><strong data-start=\"1372\" data-end=\"1431\">UNLEASHIA Sisua Berry Shot Lip Tint 3.8g \u2013 No.4 Woo Woo<\/strong> est une encre \u00e0 l\u00e8vres innovante qui associe couleur intense, confort et soin des l\u00e8vres en un seul produit.<\/p>\n","protected":false},"featured_media":38482,"comment_status":"open","ping_status":"closed","template":"","meta":[],"pwb-brand":[3632],"product_brand":[],"product_cat":[109,3768,566,586],"product_tag":[296,3611,477,587,4367],"class_list":{"0":"post-38488","1":"product","2":"type-product","3":"status-publish","4":"has-post-thumbnail","6":"pwb-brand-unleashia","7":"product_cat-pour-elle","8":"product_cat-k-beauty-fr","9":"product_cat-make-up-fr-2","10":"product_cat-maquillage-de-slevres-fr","11":"product_tag-femme","12":"product_tag-k-beauty-fr","13":"product_tag-maquillage","14":"product_tag-maquillage-des-levres-fr","15":"product_tag-special-printemps","17":"first","18":"instock","19":"sale","20":"taxable","21":"shipping-taxable","22":"purchasable","23":"product-type-simple"},"brands":[{"id":3632,"name":"UNLEASHIA","slug":"unleashia"}],"_links":{"self":[{"href":"https:\/\/www.freeshopfrontiera.ch\/fr\/wp-json\/wp\/v2\/product\/38488","targetHints":{"allow":["GET"]}}],"collection":[{"href":"https:\/\/www.freeshopfrontiera.ch\/fr\/wp-json\/wp\/v2\/product"}],"about":[{"href":"https:\/\/www.freeshopfrontiera.ch\/fr\/wp-json\/wp\/v2\/types\/product"}],"replies":[{"embeddable":true,"href":"https:\/\/www.freeshopfrontiera.ch\/fr\/wp-json\/wp\/v2\/comments?post=38488"}],"version-history":[{"count":1,"href":"https:\/\/www.freeshopfrontiera.ch\/fr\/wp-json\/wp\/v2\/product\/38488\/revisions"}],"predecessor-version":[{"id":38492,"href":"https:\/\/www.freeshopfrontiera.ch\/fr\/wp-json\/wp\/v2\/product\/38488\/revisions\/38492"}],"wp:featuredmedia":[{"embeddable":true,"href":"https:\/\/www.freeshopfrontiera.ch\/fr\/wp-json\/wp\/v2\/media\/38482"}],"wp:attachment":[{"href":"https:\/\/www.freeshopfrontiera.ch\/fr\/wp-json\/wp\/v2\/media?parent=38488"}],"wp:term":[{"taxonomy":"pwb-brand","embeddable":true,"href":"https:\/\/www.freeshopfrontiera.ch\/fr\/wp-json\/wp\/v2\/pwb-brand?post=38488"},{"taxonomy":"product_brand","embeddable":true,"href":"https:\/\/www.freeshopfrontiera.ch\/fr\/wp-json\/wp\/v2\/product_brand?post=38488"},{"taxonomy":"product_cat","embeddable":true,"href":"https:\/\/www.freeshopfrontiera.ch\/fr\/wp-json\/wp\/v2\/product_cat?post=38488"},{"taxonomy":"product_tag","embeddable":true,"href":"https:\/\/www.freeshopfrontiera.ch\/fr\/wp-json\/wp\/v2\/product_tag?post=38488"}],"curies":[{"name":"wp","href":"https:\/\/api.w.org\/{rel}","templated":true}]}}