{"id":38521,"date":"2026-01-05T11:10:23","date_gmt":"2026-01-05T11:10:23","guid":{"rendered":"https:\/\/www.freeshopfrontiera.ch\/?post_type=product&#038;p=38521"},"modified":"2026-01-05T11:13:11","modified_gmt":"2026-01-05T11:13:11","slug":"tuttotondo-mirto-lozione-corpo-tonificante-300-ml","status":"publish","type":"product","link":"https:\/\/www.freeshopfrontiera.ch\/fr\/shop\/tuttotondo-mirto-lozione-corpo-tonificante-300-ml\/","title":{"rendered":"TUTTOTONDO Mirto Lozione Corpo Tonificante 300 ml"},"content":{"rendered":"<p data-start=\"1384\" data-end=\"1751\"><strong data-start=\"1384\" data-end=\"1438\">TUTTOTONDO Lotion Corps Tonifiante au Myrte 300 ml<\/strong> est un soin corporel rafra\u00eechissant et revitalisant, con\u00e7u pour hydrater, adoucir et tonifier la peau au quotidien. Enrichie du parfum naturel et aromatique du <strong data-start=\"1599\" data-end=\"1622\">myrte m\u00e9diterran\u00e9en<\/strong>, cette lotion procure une sensation intense de fra\u00eecheur et de bien-\u00eatre, rappelant les senteurs de la garrigue m\u00e9diterran\u00e9enne.<\/p>\n<p data-start=\"1753\" data-end=\"2094\">Sa <strong data-start=\"1756\" data-end=\"1797\">texture l\u00e9g\u00e8re et rapidement absorb\u00e9e<\/strong> s\u2019applique facilement et laisse la peau douce, \u00e9lastique et d\u00e9licatement parfum\u00e9e, sans effet gras. Sa formule, enrichie en ingr\u00e9dients soigneusement s\u00e9lectionn\u00e9s, contribue \u00e0 am\u00e9liorer le tonus de la peau et \u00e0 maintenir une hydratation optimale, laissant la peau visiblement plus lisse et ferme.<\/p>\n<p data-start=\"2096\" data-end=\"2366\">Le parfum aromatique et vert du <strong data-start=\"2128\" data-end=\"2137\">myrte<\/strong> enveloppe le corps de notes fra\u00eeches et naturelles, transformant l\u2019application en un moment de plaisir quotidien. Adapt\u00e9e \u00e0 tous les types de peau, cette lotion peut \u00eatre utilis\u00e9e matin et soir pour apporter \u00e9nergie et vitalit\u00e9.<\/p>\n<p data-start=\"2368\" data-end=\"2631\">Le flacon <strong data-start=\"2378\" data-end=\"2388\">300 ml<\/strong> avec pompe pratique permet une utilisation simple et durable. <strong data-start=\"2451\" data-end=\"2498\">TUTTOTONDO Lotion Corps Tonifiante au Myrte<\/strong> est le choix id\u00e9al pour ceux qui recherchent un soin corps efficace, naturel et Made in Italy, alliant soin, fra\u00eecheur et bien-\u00eatre.<\/p>\n<p data-start=\"1175\" data-end=\"1437\">Follow us! <a href=\"https:\/\/www.instagram.com\/freeshopswiss\/\" target=\"_blank\" rel=\"noopener\">@freeshopswiss<\/a><\/p>\n","protected":false},"excerpt":{"rendered":"<p><strong data-start=\"1384\" data-end=\"1438\">TUTTOTONDO Lotion Corps Tonifiante au Myrte 300 ml<\/strong> est un soin corporel rafra\u00eechissant et revitalisant, con\u00e7u pour hydrater, adoucir et tonifier la peau au quotidien.<\/p>\n","protected":false},"featured_media":38525,"comment_status":"open","ping_status":"closed","template":"","meta":[],"pwb-brand":[3791],"product_brand":[],"product_cat":[109,295],"product_tag":[297,296,417],"class_list":{"0":"post-38521","1":"product","2":"type-product","3":"status-publish","4":"has-post-thumbnail","6":"pwb-brand-tuttotondo","7":"product_cat-pour-elle","8":"product_cat-traitements","9":"product_tag-creme-pour-le-corps","10":"product_tag-femme","11":"product_tag-soins-fr","13":"first","14":"instock","15":"sale","16":"taxable","17":"shipping-taxable","18":"purchasable","19":"product-type-simple"},"brands":[{"id":3791,"name":"Tuttotondo","slug":"tuttotondo"}],"_links":{"self":[{"href":"https:\/\/www.freeshopfrontiera.ch\/fr\/wp-json\/wp\/v2\/product\/38521","targetHints":{"allow":["GET"]}}],"collection":[{"href":"https:\/\/www.freeshopfrontiera.ch\/fr\/wp-json\/wp\/v2\/product"}],"about":[{"href":"https:\/\/www.freeshopfrontiera.ch\/fr\/wp-json\/wp\/v2\/types\/product"}],"replies":[{"embeddable":true,"href":"https:\/\/www.freeshopfrontiera.ch\/fr\/wp-json\/wp\/v2\/comments?post=38521"}],"version-history":[{"count":2,"href":"https:\/\/www.freeshopfrontiera.ch\/fr\/wp-json\/wp\/v2\/product\/38521\/revisions"}],"predecessor-version":[{"id":38532,"href":"https:\/\/www.freeshopfrontiera.ch\/fr\/wp-json\/wp\/v2\/product\/38521\/revisions\/38532"}],"wp:featuredmedia":[{"embeddable":true,"href":"https:\/\/www.freeshopfrontiera.ch\/fr\/wp-json\/wp\/v2\/media\/38525"}],"wp:attachment":[{"href":"https:\/\/www.freeshopfrontiera.ch\/fr\/wp-json\/wp\/v2\/media?parent=38521"}],"wp:term":[{"taxonomy":"pwb-brand","embeddable":true,"href":"https:\/\/www.freeshopfrontiera.ch\/fr\/wp-json\/wp\/v2\/pwb-brand?post=38521"},{"taxonomy":"product_brand","embeddable":true,"href":"https:\/\/www.freeshopfrontiera.ch\/fr\/wp-json\/wp\/v2\/product_brand?post=38521"},{"taxonomy":"product_cat","embeddable":true,"href":"https:\/\/www.freeshopfrontiera.ch\/fr\/wp-json\/wp\/v2\/product_cat?post=38521"},{"taxonomy":"product_tag","embeddable":true,"href":"https:\/\/www.freeshopfrontiera.ch\/fr\/wp-json\/wp\/v2\/product_tag?post=38521"}],"curies":[{"name":"wp","href":"https:\/\/api.w.org\/{rel}","templated":true}]}}