{"id":38542,"date":"2026-01-05T11:21:45","date_gmt":"2026-01-05T11:21:45","guid":{"rendered":"https:\/\/www.freeshopfrontiera.ch\/shop\/tuttotondo-fico-dindia-eau-de-toilette-100-ml\/"},"modified":"2026-01-05T11:25:13","modified_gmt":"2026-01-05T11:25:13","slug":"tuttotondo-fico-dindia-eau-de-toilette-100-ml","status":"publish","type":"product","link":"https:\/\/www.freeshopfrontiera.ch\/fr\/shop\/tuttotondo-fico-dindia-eau-de-toilette-100-ml\/","title":{"rendered":"TUTTOTONDO Fico d&rsquo;India Eau de Toilette 100 ml"},"content":{"rendered":"<p data-start=\"1336\" data-end=\"1700\"><strong data-start=\"1336\" data-end=\"1391\">TUTTOTONDO Eau de Toilette Figue de Barbarie 100 ml<\/strong> est un parfum frais, doux et enveloppant, inspir\u00e9 par le caract\u00e8re solaire et fruit\u00e9 de la <strong data-start=\"1483\" data-end=\"1520\">figue de barbarie m\u00e9diterran\u00e9enne<\/strong>. Une fragrance mixte qui capture toute la vitalit\u00e9 de la nature m\u00e9diterran\u00e9enne, id\u00e9ale pour celles et ceux qui recherchent un parfum original, raffin\u00e9 et naturellement s\u00e9duisant.<\/p>\n<p data-start=\"1702\" data-end=\"2109\">L\u2019ouverture est lumineuse et p\u00e9tillante, avec des <strong data-start=\"1752\" data-end=\"1804\">notes juteuses de figue de barbarie et d\u2019agrumes<\/strong>, offrant une sensation imm\u00e9diate de fra\u00eecheur et de gaiet\u00e9. Le c\u0153ur r\u00e9v\u00e8le des nuances douces et l\u00e9g\u00e8rement florales, \u00e9quilibrant la douceur fruit\u00e9e avec \u00e9l\u00e9gance et harmonie. Le fond, doux et enveloppant, est compos\u00e9 de <strong data-start=\"2026\" data-end=\"2055\">notes bois\u00e9es et musqu\u00e9es<\/strong>, assurant une tenue d\u00e9licate et agr\u00e9able sur la peau.<\/p>\n<p data-start=\"2111\" data-end=\"2373\">Parfait pour un usage quotidien, <strong data-start=\"2144\" data-end=\"2199\">TUTTOTONDO Eau de Toilette Figue de Barbarie 100 ml<\/strong> convient \u00e0 toutes les saisons et apporte \u00e9nergie et fra\u00eecheur tout au long de la journ\u00e9e. Ce parfum combine modernit\u00e9 et naturalit\u00e9, id\u00e9al pour le jour comme pour la soir\u00e9e.<\/p>\n<p data-start=\"2375\" data-end=\"2600\">Le flacon minimaliste et moderne refl\u00e8te la philosophie de TUTTOTONDO : qualit\u00e9, simplicit\u00e9 et Made in Italy. <strong data-start=\"2485\" data-end=\"2533\">TUTTOTONDO Eau de Toilette Figue de Barbarie<\/strong> est le choix parfait pour un parfum solaire, fruit\u00e9 et distinctif.<\/p>\n<p data-start=\"1124\" data-end=\"1374\">Follow us! <a href=\"https:\/\/www.instagram.com\/freeshopswiss\/\" target=\"_blank\" rel=\"noopener\">@freeshopswiss<\/a><\/p>\n","protected":false},"excerpt":{"rendered":"<p><strong data-start=\"1336\" data-end=\"1391\">TUTTOTONDO Eau de Toilette Figue de Barbarie 100 ml<\/strong> est un parfum frais, doux et enveloppant, inspir\u00e9 par le caract\u00e8re solaire et fruit\u00e9 de la <strong data-start=\"1483\" data-end=\"1520\">figue de barbarie m\u00e9diterran\u00e9enne<\/strong>.<\/p>\n","protected":false},"featured_media":38538,"comment_status":"open","ping_status":"closed","template":"","meta":[],"pwb-brand":[3791],"product_brand":[],"product_cat":[87,109,89],"product_tag":[141,1629,143,97,4367,594],"class_list":{"0":"post-38542","1":"product","2":"type-product","3":"status-publish","4":"has-post-thumbnail","6":"pwb-brand-tuttotondo","7":"product_cat-parfums","8":"product_cat-pour-elle","9":"product_cat-pour-lui","10":"product_tag-eau-de-toilette-fr","11":"product_tag-mens-fragrances-fr","12":"product_tag-homme","13":"product_tag-parfums","14":"product_tag-special-printemps","15":"product_tag-unisex-fr-2","17":"first","18":"instock","19":"sale","20":"taxable","21":"shipping-taxable","22":"purchasable","23":"product-type-simple"},"brands":[{"id":3791,"name":"Tuttotondo","slug":"tuttotondo"}],"_links":{"self":[{"href":"https:\/\/www.freeshopfrontiera.ch\/fr\/wp-json\/wp\/v2\/product\/38542","targetHints":{"allow":["GET"]}}],"collection":[{"href":"https:\/\/www.freeshopfrontiera.ch\/fr\/wp-json\/wp\/v2\/product"}],"about":[{"href":"https:\/\/www.freeshopfrontiera.ch\/fr\/wp-json\/wp\/v2\/types\/product"}],"replies":[{"embeddable":true,"href":"https:\/\/www.freeshopfrontiera.ch\/fr\/wp-json\/wp\/v2\/comments?post=38542"}],"version-history":[{"count":1,"href":"https:\/\/www.freeshopfrontiera.ch\/fr\/wp-json\/wp\/v2\/product\/38542\/revisions"}],"predecessor-version":[{"id":38545,"href":"https:\/\/www.freeshopfrontiera.ch\/fr\/wp-json\/wp\/v2\/product\/38542\/revisions\/38545"}],"wp:featuredmedia":[{"embeddable":true,"href":"https:\/\/www.freeshopfrontiera.ch\/fr\/wp-json\/wp\/v2\/media\/38538"}],"wp:attachment":[{"href":"https:\/\/www.freeshopfrontiera.ch\/fr\/wp-json\/wp\/v2\/media?parent=38542"}],"wp:term":[{"taxonomy":"pwb-brand","embeddable":true,"href":"https:\/\/www.freeshopfrontiera.ch\/fr\/wp-json\/wp\/v2\/pwb-brand?post=38542"},{"taxonomy":"product_brand","embeddable":true,"href":"https:\/\/www.freeshopfrontiera.ch\/fr\/wp-json\/wp\/v2\/product_brand?post=38542"},{"taxonomy":"product_cat","embeddable":true,"href":"https:\/\/www.freeshopfrontiera.ch\/fr\/wp-json\/wp\/v2\/product_cat?post=38542"},{"taxonomy":"product_tag","embeddable":true,"href":"https:\/\/www.freeshopfrontiera.ch\/fr\/wp-json\/wp\/v2\/product_tag?post=38542"}],"curies":[{"name":"wp","href":"https:\/\/api.w.org\/{rel}","templated":true}]}}