{"id":38554,"date":"2026-01-05T12:05:48","date_gmt":"2026-01-05T12:05:48","guid":{"rendered":"https:\/\/www.freeshopfrontiera.ch\/shop\/tuttotondo-fico-dindia-lozione-corpo-tonificante-300-ml\/"},"modified":"2026-01-05T12:08:31","modified_gmt":"2026-01-05T12:08:31","slug":"tuttotondo-fico-dindia-lozione-corpo-tonificante-300-ml","status":"publish","type":"product","link":"https:\/\/www.freeshopfrontiera.ch\/fr\/shop\/tuttotondo-fico-dindia-lozione-corpo-tonificante-300-ml\/","title":{"rendered":"TUTTOTONDO Fico d&rsquo;India Lozione Corpo Tonificante 300 ml"},"content":{"rendered":"<p data-start=\"1357\" data-end=\"1742\"><strong data-start=\"1357\" data-end=\"1420\">TUTTOTONDO Lotion Corps Tonifiante Figue de Barbarie 300 ml<\/strong> est un soin corporel rafra\u00eechissant et revitalisant, con\u00e7u pour hydrater, tonifier et adoucir la peau au quotidien. Enrichie du parfum naturel et fruit\u00e9 de la <strong data-start=\"1580\" data-end=\"1617\">figue de barbarie m\u00e9diterran\u00e9enne<\/strong>, cette lotion procure une exp\u00e9rience sensorielle agr\u00e9able, \u00e9voquant la luminosit\u00e9 et la vitalit\u00e9 des c\u00f4tes m\u00e9diterran\u00e9ennes.<\/p>\n<p data-start=\"1744\" data-end=\"2073\">Sa <strong data-start=\"1747\" data-end=\"1788\">texture l\u00e9g\u00e8re et rapidement absorb\u00e9e<\/strong> s\u2019applique facilement et laisse la peau douce, \u00e9lastique et d\u00e9licatement parfum\u00e9e, sans effet gras. Gr\u00e2ce \u00e0 sa formule aux ingr\u00e9dients soigneusement s\u00e9lectionn\u00e9s, elle aide \u00e0 am\u00e9liorer le tonus de la peau et \u00e0 maintenir l\u2019hydratation, laissant la peau visiblement plus ferme et lisse.<\/p>\n<p data-start=\"2075\" data-end=\"2356\">Le parfum doux et fruit\u00e9 de la <strong data-start=\"2106\" data-end=\"2127\">figue de barbarie<\/strong> enveloppe le corps de notes fra\u00eeches et naturelles, transformant l\u2019application en un moment de plaisir quotidien. Adapt\u00e9e \u00e0 tous les types de peau, cette lotion peut \u00eatre utilis\u00e9e matin et soir pour apporter \u00e9nergie et vitalit\u00e9.<\/p>\n<p data-start=\"2358\" data-end=\"2616\">Le flacon <strong data-start=\"2368\" data-end=\"2378\">300 ml<\/strong> avec pompe pratique rend l\u2019utilisation facile et durable. <strong data-start=\"2437\" data-end=\"2493\">TUTTOTONDO Lotion Corps Tonifiante Figue de Barbarie<\/strong> est le choix id\u00e9al pour un soin corps efficace, naturel et Made in Italy, alliant soin de la peau, fra\u00eecheur et bien-\u00eatre.<\/p>\n<p data-start=\"1155\" data-end=\"1434\">Follow us! <a href=\"https:\/\/www.instagram.com\/freeshopswiss\/\" target=\"_blank\" rel=\"noopener\">@freeshopswiss<\/a><\/p>\n","protected":false},"excerpt":{"rendered":"<p><strong data-start=\"1357\" data-end=\"1420\">TUTTOTONDO Lotion Corps Tonifiante Figue de Barbarie 300 ml<\/strong> est un soin corporel rafra\u00eechissant et revitalisant, con\u00e7u pour hydrater, tonifier et adoucir la peau au quotidien.<\/p>\n","protected":false},"featured_media":38550,"comment_status":"open","ping_status":"closed","template":"","meta":[],"pwb-brand":[3791],"product_brand":[],"product_cat":[109,295],"product_tag":[297,296,417,4367],"class_list":{"0":"post-38554","1":"product","2":"type-product","3":"status-publish","4":"has-post-thumbnail","6":"pwb-brand-tuttotondo","7":"product_cat-pour-elle","8":"product_cat-traitements","9":"product_tag-creme-pour-le-corps","10":"product_tag-femme","11":"product_tag-soins-fr","12":"product_tag-special-printemps","14":"first","15":"instock","16":"sale","17":"taxable","18":"shipping-taxable","19":"purchasable","20":"product-type-simple"},"brands":[{"id":3791,"name":"Tuttotondo","slug":"tuttotondo"}],"_links":{"self":[{"href":"https:\/\/www.freeshopfrontiera.ch\/fr\/wp-json\/wp\/v2\/product\/38554","targetHints":{"allow":["GET"]}}],"collection":[{"href":"https:\/\/www.freeshopfrontiera.ch\/fr\/wp-json\/wp\/v2\/product"}],"about":[{"href":"https:\/\/www.freeshopfrontiera.ch\/fr\/wp-json\/wp\/v2\/types\/product"}],"replies":[{"embeddable":true,"href":"https:\/\/www.freeshopfrontiera.ch\/fr\/wp-json\/wp\/v2\/comments?post=38554"}],"version-history":[{"count":1,"href":"https:\/\/www.freeshopfrontiera.ch\/fr\/wp-json\/wp\/v2\/product\/38554\/revisions"}],"predecessor-version":[{"id":38557,"href":"https:\/\/www.freeshopfrontiera.ch\/fr\/wp-json\/wp\/v2\/product\/38554\/revisions\/38557"}],"wp:featuredmedia":[{"embeddable":true,"href":"https:\/\/www.freeshopfrontiera.ch\/fr\/wp-json\/wp\/v2\/media\/38550"}],"wp:attachment":[{"href":"https:\/\/www.freeshopfrontiera.ch\/fr\/wp-json\/wp\/v2\/media?parent=38554"}],"wp:term":[{"taxonomy":"pwb-brand","embeddable":true,"href":"https:\/\/www.freeshopfrontiera.ch\/fr\/wp-json\/wp\/v2\/pwb-brand?post=38554"},{"taxonomy":"product_brand","embeddable":true,"href":"https:\/\/www.freeshopfrontiera.ch\/fr\/wp-json\/wp\/v2\/product_brand?post=38554"},{"taxonomy":"product_cat","embeddable":true,"href":"https:\/\/www.freeshopfrontiera.ch\/fr\/wp-json\/wp\/v2\/product_cat?post=38554"},{"taxonomy":"product_tag","embeddable":true,"href":"https:\/\/www.freeshopfrontiera.ch\/fr\/wp-json\/wp\/v2\/product_tag?post=38554"}],"curies":[{"name":"wp","href":"https:\/\/api.w.org\/{rel}","templated":true}]}}