{"id":38567,"date":"2026-01-05T12:21:36","date_gmt":"2026-01-05T12:21:36","guid":{"rendered":"https:\/\/www.freeshopfrontiera.ch\/shop\/tuttotondo-fico-dindia-burro-corpo-200-gr\/"},"modified":"2026-01-05T12:26:03","modified_gmt":"2026-01-05T12:26:03","slug":"tuttotondo-fico-dindia-burro-corpo-200-gr","status":"publish","type":"product","link":"https:\/\/www.freeshopfrontiera.ch\/fr\/shop\/tuttotondo-fico-dindia-burro-corpo-200-gr\/","title":{"rendered":"TUTTOTONDO Fico d&rsquo;India Burro Corpo 200 gr"},"content":{"rendered":"<p data-start=\"1358\" data-end=\"1754\"><strong data-start=\"1358\" data-end=\"1409\">TUTTOTONDO Beurre Corps Figue de Barbarie 200 g<\/strong> est un soin corporel riche et nourrissant, con\u00e7u pour hydrater profond\u00e9ment et r\u00e9g\u00e9n\u00e9rer les peaux s\u00e8ches ou stress\u00e9es. Enrichi du parfum doux et fruit\u00e9 de la <strong data-start=\"1569\" data-end=\"1606\">figue de barbarie m\u00e9diterran\u00e9enne<\/strong>, ce beurre corporel transforme la routine quotidienne en un v\u00e9ritable moment de plaisir sensoriel, enveloppant la peau de fra\u00eecheur et de vitalit\u00e9.<\/p>\n<p data-start=\"1756\" data-end=\"2101\">Sa <strong data-start=\"1759\" data-end=\"1791\">texture cr\u00e9meuse et fondante<\/strong> p\u00e9n\u00e8tre lentement, permettant un massage agr\u00e9able qui laisse la peau douce, \u00e9lastique et intens\u00e9ment nourrie. Gr\u00e2ce \u00e0 ses ingr\u00e9dients soigneusement s\u00e9lectionn\u00e9s et sa formule riche, il aide \u00e0 restaurer une hydratation optimale, am\u00e9liore l\u2019\u00e9lasticit\u00e9 de la peau et procure une sensation imm\u00e9diate de bien-\u00eatre.<\/p>\n<p data-start=\"2103\" data-end=\"2374\">Le parfum doux et naturel de la <strong data-start=\"2135\" data-end=\"2156\">figue de barbarie<\/strong> enveloppe le corps de notes fra\u00eeches et fruit\u00e9es, laissant un sillage d\u00e9licat et durable. Adapt\u00e9 \u00e0 tous les types de peau, il est particuli\u00e8rement recommand\u00e9 en p\u00e9riode froide ou pour les peaux s\u00e8ches et d\u00e9shydrat\u00e9es.<\/p>\n<p data-start=\"2376\" data-end=\"2676\">Le format <strong data-start=\"2386\" data-end=\"2395\">200 g<\/strong> est parfait pour un usage quotidien, permettant une application g\u00e9n\u00e9reuse et agr\u00e9able. <strong data-start=\"2483\" data-end=\"2528\">TUTTOTONDO Beurre Corps Figue de Barbarie<\/strong> est le choix id\u00e9al pour ceux qui recherchent un soin corporel intense, naturel et Made in Italy, alliant nutrition, douceur et parfum irr\u00e9sistible.<\/p>\n<p>Follow us! <a href=\"https:\/\/www.instagram.com\/freeshopswiss\/\" target=\"_blank\" rel=\"noopener\">@freeshopswiss<\/a><\/p>\n","protected":false},"excerpt":{"rendered":"<p><strong data-start=\"1358\" data-end=\"1409\">TUTTOTONDO Beurre Corps Figue de Barbarie 200 g<\/strong> est un soin corporel riche et nourrissant, con\u00e7u pour hydrater profond\u00e9ment et r\u00e9g\u00e9n\u00e9rer les peaux s\u00e8ches ou stress\u00e9es.<\/p>\n","protected":false},"featured_media":38563,"comment_status":"open","ping_status":"closed","template":"","meta":[],"pwb-brand":[3791],"product_brand":[],"product_cat":[109,295],"product_tag":[297,296,417,4367],"class_list":{"0":"post-38567","1":"product","2":"type-product","3":"status-publish","4":"has-post-thumbnail","6":"pwb-brand-tuttotondo","7":"product_cat-pour-elle","8":"product_cat-traitements","9":"product_tag-creme-pour-le-corps","10":"product_tag-femme","11":"product_tag-soins-fr","12":"product_tag-special-printemps","14":"first","15":"instock","16":"sale","17":"taxable","18":"shipping-taxable","19":"purchasable","20":"product-type-simple"},"brands":[{"id":3791,"name":"Tuttotondo","slug":"tuttotondo"}],"_links":{"self":[{"href":"https:\/\/www.freeshopfrontiera.ch\/fr\/wp-json\/wp\/v2\/product\/38567","targetHints":{"allow":["GET"]}}],"collection":[{"href":"https:\/\/www.freeshopfrontiera.ch\/fr\/wp-json\/wp\/v2\/product"}],"about":[{"href":"https:\/\/www.freeshopfrontiera.ch\/fr\/wp-json\/wp\/v2\/types\/product"}],"replies":[{"embeddable":true,"href":"https:\/\/www.freeshopfrontiera.ch\/fr\/wp-json\/wp\/v2\/comments?post=38567"}],"version-history":[{"count":1,"href":"https:\/\/www.freeshopfrontiera.ch\/fr\/wp-json\/wp\/v2\/product\/38567\/revisions"}],"predecessor-version":[{"id":38572,"href":"https:\/\/www.freeshopfrontiera.ch\/fr\/wp-json\/wp\/v2\/product\/38567\/revisions\/38572"}],"wp:featuredmedia":[{"embeddable":true,"href":"https:\/\/www.freeshopfrontiera.ch\/fr\/wp-json\/wp\/v2\/media\/38563"}],"wp:attachment":[{"href":"https:\/\/www.freeshopfrontiera.ch\/fr\/wp-json\/wp\/v2\/media?parent=38567"}],"wp:term":[{"taxonomy":"pwb-brand","embeddable":true,"href":"https:\/\/www.freeshopfrontiera.ch\/fr\/wp-json\/wp\/v2\/pwb-brand?post=38567"},{"taxonomy":"product_brand","embeddable":true,"href":"https:\/\/www.freeshopfrontiera.ch\/fr\/wp-json\/wp\/v2\/product_brand?post=38567"},{"taxonomy":"product_cat","embeddable":true,"href":"https:\/\/www.freeshopfrontiera.ch\/fr\/wp-json\/wp\/v2\/product_cat?post=38567"},{"taxonomy":"product_tag","embeddable":true,"href":"https:\/\/www.freeshopfrontiera.ch\/fr\/wp-json\/wp\/v2\/product_tag?post=38567"}],"curies":[{"name":"wp","href":"https:\/\/api.w.org\/{rel}","templated":true}]}}