{"id":38581,"date":"2026-01-05T12:36:13","date_gmt":"2026-01-05T12:36:13","guid":{"rendered":"https:\/\/www.freeshopfrontiera.ch\/shop\/tuttotondo-castagna-eau-de-toilette-100-ml\/"},"modified":"2026-01-05T12:38:45","modified_gmt":"2026-01-05T12:38:45","slug":"tuttotondo-castagna-eau-de-toilette-100-ml","status":"publish","type":"product","link":"https:\/\/www.freeshopfrontiera.ch\/fr\/shop\/tuttotondo-castagna-eau-de-toilette-100-ml\/","title":{"rendered":"TUTTOTONDO Castagna Eau de Toilette 100 ml"},"content":{"rendered":"<p data-start=\"1333\" data-end=\"1614\"><strong data-start=\"1333\" data-end=\"1380\">TUTTOTONDO Eau de Toilette Ch\u00e2taigne 100 ml<\/strong> est un parfum chaud, enveloppant et au caract\u00e8re authentique, inspir\u00e9 par le parfum naturel et terreux de la <strong data-start=\"1490\" data-end=\"1519\">ch\u00e2taigne m\u00e9diterran\u00e9enne<\/strong>. Une fragrance mixte pour ceux qui appr\u00e9cient les parfums naturels, \u00e9l\u00e9gants et contemporains.<\/p>\n<p data-start=\"1616\" data-end=\"2055\">L\u2019ouverture est douce et l\u00e9g\u00e8rement gourmande, avec des <strong data-start=\"1672\" data-end=\"1727\">notes chaudes et bois\u00e9es de ch\u00e2taigne et de vanille<\/strong>, offrant une sensation imm\u00e9diate de confort et d\u2019intimit\u00e9. Le c\u0153ur se d\u00e9veloppe avec des nuances douces et d\u00e9licates d\u2019accords bois\u00e9s et \u00e9pic\u00e9s, apportant profondeur et harmonie \u00e0 la fragrance. Le fond, enveloppant et persistant, est compos\u00e9 de <strong data-start=\"1973\" data-end=\"2002\">notes musqu\u00e9es et ambr\u00e9es<\/strong>, laissant un sillage \u00e9l\u00e9gant et raffin\u00e9 sur la peau.<\/p>\n<p data-start=\"2057\" data-end=\"2369\">Parfait pour un usage quotidien et les soir\u00e9es fra\u00eeches, <strong data-start=\"2114\" data-end=\"2161\">TUTTOTONDO Eau de Toilette Ch\u00e2taigne 100 ml<\/strong> convient \u00e0 toutes les saisons, en particulier en automne et en hiver, gr\u00e2ce \u00e0 sa chaleur naturelle et enveloppante. Ce parfum combine \u00e9l\u00e9gance, modernit\u00e9 et naturalit\u00e9, id\u00e9al pour le jour comme pour la nuit.<\/p>\n<p data-start=\"2371\" data-end=\"2602\">Le flacon au design minimaliste et contemporain refl\u00e8te la philosophie de TUTTOTONDO : qualit\u00e9, simplicit\u00e9 et Made in Italy. <strong data-start=\"2496\" data-end=\"2536\">TUTTOTONDO Eau de Toilette Ch\u00e2taigne<\/strong> est le choix parfait pour un parfum chaud, raffin\u00e9 et distinctif.<\/p>\n<p data-start=\"1172\" data-end=\"1423\">Follow us! <a href=\"https:\/\/www.instagram.com\/freeshopswiss\/\" target=\"_blank\" rel=\"noopener\">@freeshopswiss<\/a><\/p>\n","protected":false},"excerpt":{"rendered":"<p><strong data-start=\"1333\" data-end=\"1380\">TUTTOTONDO Eau de Toilette Ch\u00e2taigne 100 ml<\/strong> est un parfum chaud, enveloppant et au caract\u00e8re authentique, inspir\u00e9 par le parfum naturel et terreux de la <strong data-start=\"1490\" data-end=\"1519\">ch\u00e2taigne m\u00e9diterran\u00e9enne<\/strong>.<\/p>\n","protected":false},"featured_media":38577,"comment_status":"open","ping_status":"closed","template":"","meta":[],"pwb-brand":[3791],"product_brand":[],"product_cat":[87,109,89],"product_tag":[141,296,789,1629,143,97,594],"class_list":{"0":"post-38581","1":"product","2":"type-product","3":"status-publish","4":"has-post-thumbnail","6":"pwb-brand-tuttotondo","7":"product_cat-parfums","8":"product_cat-pour-elle","9":"product_cat-pour-lui","10":"product_tag-eau-de-toilette-fr","11":"product_tag-femme","12":"product_tag-womens-fragrances-fr","13":"product_tag-mens-fragrances-fr","14":"product_tag-homme","15":"product_tag-parfums","16":"product_tag-unisex-fr-2","18":"first","19":"instock","20":"sale","21":"taxable","22":"shipping-taxable","23":"purchasable","24":"product-type-simple"},"brands":[{"id":3791,"name":"Tuttotondo","slug":"tuttotondo"}],"_links":{"self":[{"href":"https:\/\/www.freeshopfrontiera.ch\/fr\/wp-json\/wp\/v2\/product\/38581","targetHints":{"allow":["GET"]}}],"collection":[{"href":"https:\/\/www.freeshopfrontiera.ch\/fr\/wp-json\/wp\/v2\/product"}],"about":[{"href":"https:\/\/www.freeshopfrontiera.ch\/fr\/wp-json\/wp\/v2\/types\/product"}],"replies":[{"embeddable":true,"href":"https:\/\/www.freeshopfrontiera.ch\/fr\/wp-json\/wp\/v2\/comments?post=38581"}],"version-history":[{"count":1,"href":"https:\/\/www.freeshopfrontiera.ch\/fr\/wp-json\/wp\/v2\/product\/38581\/revisions"}],"predecessor-version":[{"id":38584,"href":"https:\/\/www.freeshopfrontiera.ch\/fr\/wp-json\/wp\/v2\/product\/38581\/revisions\/38584"}],"wp:featuredmedia":[{"embeddable":true,"href":"https:\/\/www.freeshopfrontiera.ch\/fr\/wp-json\/wp\/v2\/media\/38577"}],"wp:attachment":[{"href":"https:\/\/www.freeshopfrontiera.ch\/fr\/wp-json\/wp\/v2\/media?parent=38581"}],"wp:term":[{"taxonomy":"pwb-brand","embeddable":true,"href":"https:\/\/www.freeshopfrontiera.ch\/fr\/wp-json\/wp\/v2\/pwb-brand?post=38581"},{"taxonomy":"product_brand","embeddable":true,"href":"https:\/\/www.freeshopfrontiera.ch\/fr\/wp-json\/wp\/v2\/product_brand?post=38581"},{"taxonomy":"product_cat","embeddable":true,"href":"https:\/\/www.freeshopfrontiera.ch\/fr\/wp-json\/wp\/v2\/product_cat?post=38581"},{"taxonomy":"product_tag","embeddable":true,"href":"https:\/\/www.freeshopfrontiera.ch\/fr\/wp-json\/wp\/v2\/product_tag?post=38581"}],"curies":[{"name":"wp","href":"https:\/\/api.w.org\/{rel}","templated":true}]}}