{"id":38593,"date":"2026-01-05T12:48:47","date_gmt":"2026-01-05T12:48:47","guid":{"rendered":"https:\/\/www.freeshopfrontiera.ch\/shop\/tuttotondo-castagna-lozione-corpo-tonificante-300-ml\/"},"modified":"2026-01-05T12:51:42","modified_gmt":"2026-01-05T12:51:42","slug":"tuttotondo-castagna-lozione-corpo-tonificante-300-ml","status":"publish","type":"product","link":"https:\/\/www.freeshopfrontiera.ch\/fr\/shop\/tuttotondo-castagna-lozione-corpo-tonificante-300-ml\/","title":{"rendered":"TUTTOTONDO Castagna Lozione Corpo Tonificante 300 ml"},"content":{"rendered":"<p data-start=\"1298\" data-end=\"1623\"><strong data-start=\"1298\" data-end=\"1353\">TUTTOTONDO Lotion Corps Tonifiante Ch\u00e2taigne 300 ml<\/strong> est un soin corporel nourrissant et enveloppant, con\u00e7u pour hydrater, tonifier et adoucir la peau au quotidien. Enrichie du parfum chaud et sucr\u00e9 de la <strong data-start=\"1506\" data-end=\"1535\">ch\u00e2taigne m\u00e9diterran\u00e9enne<\/strong>, cette lotion transforme la routine beaut\u00e9 en un v\u00e9ritable moment de plaisir sensoriel.<\/p>\n<p data-start=\"1625\" data-end=\"1955\">Sa <strong data-start=\"1628\" data-end=\"1669\">texture l\u00e9g\u00e8re et rapidement absorb\u00e9e<\/strong> s\u2019applique facilement et laisse la peau douce, \u00e9lastique et d\u00e9licatement parfum\u00e9e, sans effet gras. La formule, enrichie en ingr\u00e9dients soigneusement s\u00e9lectionn\u00e9s, contribue \u00e0 am\u00e9liorer le tonus de la peau et \u00e0 maintenir l\u2019hydratation, laissant la peau visiblement plus lisse et ferme.<\/p>\n<p data-start=\"1957\" data-end=\"2241\">Le parfum doux et chaud de la <strong data-start=\"1987\" data-end=\"2000\">ch\u00e2taigne<\/strong> enveloppe le corps de notes naturelles et r\u00e9confortantes, faisant de l\u2019application un v\u00e9ritable moment de bien-\u00eatre. Adapt\u00e9e \u00e0 tous les types de peau, cette lotion peut \u00eatre utilis\u00e9e matin et soir pour apporter \u00e9nergie et douceur imm\u00e9diate.<\/p>\n<p data-start=\"2243\" data-end=\"2484\">Le flacon <strong data-start=\"2253\" data-end=\"2263\">300 ml<\/strong> avec pompe pratique rend l\u2019utilisation facile et durable. <strong data-start=\"2322\" data-end=\"2370\">TUTTOTONDO Lotion Corps Tonifiante Ch\u00e2taigne<\/strong> est le choix id\u00e9al pour un soin corps efficace, naturel et Made in Italy, alliant nutrition, parfum et bien-\u00eatre.<\/p>\n<p data-start=\"1142\" data-end=\"1408\">Follow us! <a href=\"https:\/\/www.instagram.com\/freeshopswiss\/\" target=\"_blank\" rel=\"noopener\">@freeshopswiss<\/a><\/p>\n","protected":false},"excerpt":{"rendered":"<p><strong data-start=\"1298\" data-end=\"1353\">TUTTOTONDO Lotion Corps Tonifiante Ch\u00e2taigne 300 ml<\/strong> est un soin corporel nourrissant et enveloppant, con\u00e7u pour hydrater, tonifier et adoucir la peau au quotidien.<\/p>\n","protected":false},"featured_media":38589,"comment_status":"open","ping_status":"closed","template":"","meta":[],"pwb-brand":[3791],"product_brand":[],"product_cat":[87,109,89],"product_tag":[297,296,417],"class_list":{"0":"post-38593","1":"product","2":"type-product","3":"status-publish","4":"has-post-thumbnail","6":"pwb-brand-tuttotondo","7":"product_cat-parfums","8":"product_cat-pour-elle","9":"product_cat-pour-lui","10":"product_tag-creme-pour-le-corps","11":"product_tag-femme","12":"product_tag-soins-fr","14":"first","15":"instock","16":"sale","17":"taxable","18":"shipping-taxable","19":"purchasable","20":"product-type-simple"},"brands":[{"id":3791,"name":"Tuttotondo","slug":"tuttotondo"}],"_links":{"self":[{"href":"https:\/\/www.freeshopfrontiera.ch\/fr\/wp-json\/wp\/v2\/product\/38593","targetHints":{"allow":["GET"]}}],"collection":[{"href":"https:\/\/www.freeshopfrontiera.ch\/fr\/wp-json\/wp\/v2\/product"}],"about":[{"href":"https:\/\/www.freeshopfrontiera.ch\/fr\/wp-json\/wp\/v2\/types\/product"}],"replies":[{"embeddable":true,"href":"https:\/\/www.freeshopfrontiera.ch\/fr\/wp-json\/wp\/v2\/comments?post=38593"}],"version-history":[{"count":1,"href":"https:\/\/www.freeshopfrontiera.ch\/fr\/wp-json\/wp\/v2\/product\/38593\/revisions"}],"predecessor-version":[{"id":38596,"href":"https:\/\/www.freeshopfrontiera.ch\/fr\/wp-json\/wp\/v2\/product\/38593\/revisions\/38596"}],"wp:featuredmedia":[{"embeddable":true,"href":"https:\/\/www.freeshopfrontiera.ch\/fr\/wp-json\/wp\/v2\/media\/38589"}],"wp:attachment":[{"href":"https:\/\/www.freeshopfrontiera.ch\/fr\/wp-json\/wp\/v2\/media?parent=38593"}],"wp:term":[{"taxonomy":"pwb-brand","embeddable":true,"href":"https:\/\/www.freeshopfrontiera.ch\/fr\/wp-json\/wp\/v2\/pwb-brand?post=38593"},{"taxonomy":"product_brand","embeddable":true,"href":"https:\/\/www.freeshopfrontiera.ch\/fr\/wp-json\/wp\/v2\/product_brand?post=38593"},{"taxonomy":"product_cat","embeddable":true,"href":"https:\/\/www.freeshopfrontiera.ch\/fr\/wp-json\/wp\/v2\/product_cat?post=38593"},{"taxonomy":"product_tag","embeddable":true,"href":"https:\/\/www.freeshopfrontiera.ch\/fr\/wp-json\/wp\/v2\/product_tag?post=38593"}],"curies":[{"name":"wp","href":"https:\/\/api.w.org\/{rel}","templated":true}]}}