{"id":38606,"date":"2026-01-05T14:33:07","date_gmt":"2026-01-05T14:33:07","guid":{"rendered":"https:\/\/www.freeshopfrontiera.ch\/shop\/tuttotondo-castagna-burro-corpo-200-gr\/"},"modified":"2026-01-05T14:36:44","modified_gmt":"2026-01-05T14:36:44","slug":"tuttotondo-castagna-burro-corpo-200-gr","status":"publish","type":"product","link":"https:\/\/www.freeshopfrontiera.ch\/fr\/shop\/tuttotondo-castagna-burro-corpo-200-gr\/","title":{"rendered":"TUTTOTONDO Castagna Burro Corpo 200 gr"},"content":{"rendered":"<p data-start=\"1322\" data-end=\"1682\"><strong data-start=\"1322\" data-end=\"1365\">TUTTOTONDO Beurre Corps Ch\u00e2taigne 200 g<\/strong> est un soin corporel riche et enveloppant, id\u00e9al pour nourrir intens\u00e9ment la peau et lui redonner douceur et \u00e9lasticit\u00e9. Enrichi du parfum chaud et naturel de la <strong data-start=\"1528\" data-end=\"1557\">ch\u00e2taigne m\u00e9diterran\u00e9enne<\/strong>, ce beurre corporel offre une exp\u00e9rience sensorielle r\u00e9confortante et relaxante, parfaite pour le soin quotidien de la peau.<\/p>\n<p data-start=\"1684\" data-end=\"2021\">Sa <strong data-start=\"1687\" data-end=\"1719\">texture cr\u00e9meuse et fondante<\/strong> p\u00e9n\u00e8tre lentement, permettant un massage agr\u00e9able qui laisse la peau profond\u00e9ment nourrie, lisse et velout\u00e9e. Gr\u00e2ce \u00e0 sa formule riche et \u00e0 ses ingr\u00e9dients soigneusement s\u00e9lectionn\u00e9s, il aide \u00e0 lutter contre la s\u00e9cheresse cutan\u00e9e, am\u00e9liore l\u2019\u00e9lasticit\u00e9 et procure une sensation imm\u00e9diate de bien-\u00eatre.<\/p>\n<p data-start=\"2023\" data-end=\"2316\">Le parfum doux et enveloppant de la <strong data-start=\"2059\" data-end=\"2072\">ch\u00e2taigne<\/strong> enveloppe le corps de notes chaudes et naturelles, laissant une fragrance d\u00e9licate et durable sur la peau. Adapt\u00e9 \u00e0 tous les types de peau, il est particuli\u00e8rement recommand\u00e9 pendant les p\u00e9riodes froides ou en cas de peau s\u00e8che et d\u00e9shydrat\u00e9e.<\/p>\n<p data-start=\"2318\" data-end=\"2582\">Le format <strong data-start=\"2328\" data-end=\"2337\">200 g<\/strong> est id\u00e9al pour un usage quotidien et permet une application g\u00e9n\u00e9reuse et confortable. <strong data-start=\"2424\" data-end=\"2461\">TUTTOTONDO Beurre Corps Ch\u00e2taigne<\/strong> est le choix parfait pour un soin corps intense, naturel et Made in Italy, alliant nutrition, confort et parfum raffin\u00e9.<\/p>\n<p data-start=\"1108\" data-end=\"1396\">Follow us! <a href=\"https:\/\/www.instagram.com\/freeshopswiss\/\" target=\"_blank\" rel=\"noopener\">@freeshopswiss<\/a><\/p>\n","protected":false},"excerpt":{"rendered":"<p><strong data-start=\"1322\" data-end=\"1365\">TUTTOTONDO Beurre Corps Ch\u00e2taigne 200 g<\/strong> est un soin corporel riche et enveloppant, id\u00e9al pour nourrir intens\u00e9ment la peau et lui redonner douceur et \u00e9lasticit\u00e9.<\/p>\n","protected":false},"featured_media":38602,"comment_status":"open","ping_status":"closed","template":"","meta":[],"pwb-brand":[3791],"product_brand":[],"product_cat":[109,295],"product_tag":[297,296,417],"class_list":{"0":"post-38606","1":"product","2":"type-product","3":"status-publish","4":"has-post-thumbnail","6":"pwb-brand-tuttotondo","7":"product_cat-pour-elle","8":"product_cat-traitements","9":"product_tag-creme-pour-le-corps","10":"product_tag-femme","11":"product_tag-soins-fr","13":"first","14":"instock","15":"sale","16":"taxable","17":"shipping-taxable","18":"purchasable","19":"product-type-simple"},"brands":[{"id":3791,"name":"Tuttotondo","slug":"tuttotondo"}],"_links":{"self":[{"href":"https:\/\/www.freeshopfrontiera.ch\/fr\/wp-json\/wp\/v2\/product\/38606","targetHints":{"allow":["GET"]}}],"collection":[{"href":"https:\/\/www.freeshopfrontiera.ch\/fr\/wp-json\/wp\/v2\/product"}],"about":[{"href":"https:\/\/www.freeshopfrontiera.ch\/fr\/wp-json\/wp\/v2\/types\/product"}],"replies":[{"embeddable":true,"href":"https:\/\/www.freeshopfrontiera.ch\/fr\/wp-json\/wp\/v2\/comments?post=38606"}],"version-history":[{"count":1,"href":"https:\/\/www.freeshopfrontiera.ch\/fr\/wp-json\/wp\/v2\/product\/38606\/revisions"}],"predecessor-version":[{"id":38609,"href":"https:\/\/www.freeshopfrontiera.ch\/fr\/wp-json\/wp\/v2\/product\/38606\/revisions\/38609"}],"wp:featuredmedia":[{"embeddable":true,"href":"https:\/\/www.freeshopfrontiera.ch\/fr\/wp-json\/wp\/v2\/media\/38602"}],"wp:attachment":[{"href":"https:\/\/www.freeshopfrontiera.ch\/fr\/wp-json\/wp\/v2\/media?parent=38606"}],"wp:term":[{"taxonomy":"pwb-brand","embeddable":true,"href":"https:\/\/www.freeshopfrontiera.ch\/fr\/wp-json\/wp\/v2\/pwb-brand?post=38606"},{"taxonomy":"product_brand","embeddable":true,"href":"https:\/\/www.freeshopfrontiera.ch\/fr\/wp-json\/wp\/v2\/product_brand?post=38606"},{"taxonomy":"product_cat","embeddable":true,"href":"https:\/\/www.freeshopfrontiera.ch\/fr\/wp-json\/wp\/v2\/product_cat?post=38606"},{"taxonomy":"product_tag","embeddable":true,"href":"https:\/\/www.freeshopfrontiera.ch\/fr\/wp-json\/wp\/v2\/product_tag?post=38606"}],"curies":[{"name":"wp","href":"https:\/\/api.w.org\/{rel}","templated":true}]}}