{"id":38637,"date":"2026-01-07T08:47:51","date_gmt":"2026-01-07T08:47:51","guid":{"rendered":"https:\/\/www.freeshopfrontiera.ch\/shop\/tuttotondo-tiramisu-souffle-corpo-200-gr\/"},"modified":"2026-01-07T08:52:32","modified_gmt":"2026-01-07T08:52:32","slug":"tuttotondo-tiramisu-souffle-corpo-200-gr","status":"publish","type":"product","link":"https:\/\/www.freeshopfrontiera.ch\/fr\/shop\/tuttotondo-tiramisu-souffle-corpo-200-gr\/","title":{"rendered":"TUTTOTONDO Tiramisu&rsquo; Souffl\u00e8 Corpo 200 gr"},"content":{"rendered":"<h3 data-start=\"1196\" data-end=\"1239\">TUTTOTONDO Souffl\u00e9 Corps Tiramis\u00f9 200 g<\/h3>\n<p data-start=\"1241\" data-end=\"1476\">Offrez-vous un moment de douceur gourmande avec <strong data-start=\"1289\" data-end=\"1326\">TUTTOTONDO Souffl\u00e9 Corps Tiramis\u00f9<\/strong>, une cr\u00e8me pour le corps \u00e0 la texture l\u00e9g\u00e8re et onctueuse qui nourrit intens\u00e9ment la peau tout en la laissant douce, souple et d\u00e9licatement parfum\u00e9e.<\/p>\n<p data-start=\"1478\" data-end=\"1782\">Inspir\u00e9 du parfum iconique du <strong data-start=\"1508\" data-end=\"1520\">tiramis\u00f9<\/strong>, ce souffl\u00e9 corps d\u00e9voile des notes enveloppantes de cacao, de caf\u00e9 et de vanille, transformant le soin quotidien en un v\u00e9ritable plaisir sensoriel. Sa formule riche mais \u00e0 absorption rapide hydrate en profondeur sans effet gras, id\u00e9ale pour un usage quotidien.<\/p>\n<p data-start=\"1784\" data-end=\"1938\">Adapt\u00e9 \u00e0 tous les types de peau, <strong data-start=\"1817\" data-end=\"1854\">TUTTOTONDO Souffl\u00e9 Corps Tiramis\u00f9<\/strong> est parfait apr\u00e8s la douche ou le bain pour une peau durablement douce et parfum\u00e9e.<\/p>\n<p data-start=\"1940\" data-end=\"1974\"><strong data-start=\"1940\" data-end=\"1974\">Caract\u00e9ristiques principales :<\/strong><\/p>\n<ul data-start=\"1975\" data-end=\"2187\">\n<li data-start=\"1975\" data-end=\"2017\">\n<p data-start=\"1977\" data-end=\"2017\">Texture souffl\u00e9 l\u00e9g\u00e8re et nourrissante<\/p>\n<\/li>\n<li data-start=\"2018\" data-end=\"2049\">\n<p data-start=\"2020\" data-end=\"2049\">Parfum gourmand au tiramis\u00f9<\/p>\n<\/li>\n<li data-start=\"2050\" data-end=\"2094\">\n<p data-start=\"2052\" data-end=\"2094\">Hydrate et adoucit la peau en profondeur<\/p>\n<\/li>\n<li data-start=\"2095\" data-end=\"2128\">\n<p data-start=\"2097\" data-end=\"2128\">Absorption rapide, non grasse<\/p>\n<\/li>\n<li data-start=\"2129\" data-end=\"2162\">\n<p data-start=\"2131\" data-end=\"2162\">Convient \u00e0 un usage quotidien<\/p>\n<\/li>\n<li data-start=\"2163\" data-end=\"2187\">\n<p data-start=\"2165\" data-end=\"2187\">Contenance : <strong data-start=\"2178\" data-end=\"2187\">200 g<\/strong><\/p>\n<\/li>\n<\/ul>\n<p>&nbsp;<\/p>\n<p>Follow us! <a href=\"https:\/\/www.instagram.com\/freeshopswiss\/\" target=\"_blank\" rel=\"noopener\">@freeshopswiss<\/a><\/p>\n","protected":false},"excerpt":{"rendered":"<p>Offrez-vous un moment de douceur gourmande avec <strong data-start=\"1289\" data-end=\"1326\">TUTTOTONDO Souffl\u00e9 Corps Tiramis\u00f9<\/strong>, une cr\u00e8me pour le corps \u00e0 la texture l\u00e9g\u00e8re et onctueuse qui nourrit intens\u00e9ment la peau tout en la laissant douce, souple et d\u00e9licatement parfum\u00e9e.<\/p>\n","protected":false},"featured_media":38633,"comment_status":"open","ping_status":"closed","template":"","meta":[],"pwb-brand":[3791],"product_brand":[],"product_cat":[109,295],"product_tag":[297,296,417],"class_list":{"0":"post-38637","1":"product","2":"type-product","3":"status-publish","4":"has-post-thumbnail","6":"pwb-brand-tuttotondo","7":"product_cat-pour-elle","8":"product_cat-traitements","9":"product_tag-creme-pour-le-corps","10":"product_tag-femme","11":"product_tag-soins-fr","13":"first","14":"instock","15":"sale","16":"taxable","17":"shipping-taxable","18":"purchasable","19":"product-type-simple"},"brands":[{"id":3791,"name":"Tuttotondo","slug":"tuttotondo"}],"_links":{"self":[{"href":"https:\/\/www.freeshopfrontiera.ch\/fr\/wp-json\/wp\/v2\/product\/38637","targetHints":{"allow":["GET"]}}],"collection":[{"href":"https:\/\/www.freeshopfrontiera.ch\/fr\/wp-json\/wp\/v2\/product"}],"about":[{"href":"https:\/\/www.freeshopfrontiera.ch\/fr\/wp-json\/wp\/v2\/types\/product"}],"replies":[{"embeddable":true,"href":"https:\/\/www.freeshopfrontiera.ch\/fr\/wp-json\/wp\/v2\/comments?post=38637"}],"version-history":[{"count":1,"href":"https:\/\/www.freeshopfrontiera.ch\/fr\/wp-json\/wp\/v2\/product\/38637\/revisions"}],"predecessor-version":[{"id":38641,"href":"https:\/\/www.freeshopfrontiera.ch\/fr\/wp-json\/wp\/v2\/product\/38637\/revisions\/38641"}],"wp:featuredmedia":[{"embeddable":true,"href":"https:\/\/www.freeshopfrontiera.ch\/fr\/wp-json\/wp\/v2\/media\/38633"}],"wp:attachment":[{"href":"https:\/\/www.freeshopfrontiera.ch\/fr\/wp-json\/wp\/v2\/media?parent=38637"}],"wp:term":[{"taxonomy":"pwb-brand","embeddable":true,"href":"https:\/\/www.freeshopfrontiera.ch\/fr\/wp-json\/wp\/v2\/pwb-brand?post=38637"},{"taxonomy":"product_brand","embeddable":true,"href":"https:\/\/www.freeshopfrontiera.ch\/fr\/wp-json\/wp\/v2\/product_brand?post=38637"},{"taxonomy":"product_cat","embeddable":true,"href":"https:\/\/www.freeshopfrontiera.ch\/fr\/wp-json\/wp\/v2\/product_cat?post=38637"},{"taxonomy":"product_tag","embeddable":true,"href":"https:\/\/www.freeshopfrontiera.ch\/fr\/wp-json\/wp\/v2\/product_tag?post=38637"}],"curies":[{"name":"wp","href":"https:\/\/api.w.org\/{rel}","templated":true}]}}