{"id":38651,"date":"2026-01-07T09:06:29","date_gmt":"2026-01-07T09:06:29","guid":{"rendered":"https:\/\/www.freeshopfrontiera.ch\/shop\/tuttotondo-anice-eau-de-toilette-100-ml\/"},"modified":"2026-01-07T12:11:51","modified_gmt":"2026-01-07T12:11:51","slug":"tuttotondo-anice-eau-de-toilette-100-ml","status":"publish","type":"product","link":"https:\/\/www.freeshopfrontiera.ch\/fr\/shop\/tuttotondo-anice-eau-de-toilette-100-ml\/","title":{"rendered":"TUTTOTONDO Anice Eau de Toilette 100 ml"},"content":{"rendered":"<h3 data-start=\"888\" data-end=\"930\">TUTTOTONDO Anis Eau de Toilette 100 ml<\/h3>\n<p data-start=\"932\" data-end=\"1116\">Fra\u00eeche, aromatique et \u00e9tonnamment \u00e9l\u00e9gante, <strong data-start=\"977\" data-end=\"1012\">TUTTOTONDO Anis Eau de Toilette<\/strong> est une fragrance au caract\u00e8re affirm\u00e9 et raffin\u00e9, inspir\u00e9e par les notes pures et vibrantes de l\u2019anis.<\/p>\n<p data-start=\"1118\" data-end=\"1417\">L\u2019ouverture est lumineuse et p\u00e9tillante, avec des accents aromatiques qui procurent une sensation imm\u00e9diate de fra\u00eecheur et de propret\u00e9. Le c\u0153ur r\u00e9v\u00e8le toute l\u2019intensit\u00e9 de l\u2019anis, \u00e9quilibr\u00e9e et enveloppante, tandis que le fond reste l\u00e9ger et harmonieux, id\u00e9al pour un parfum quotidien jamais banal.<\/p>\n<p data-start=\"1419\" data-end=\"1639\">Parfaite pour les amateurs de fragrances aromatiques et originales, <strong data-start=\"1487\" data-end=\"1510\">TUTTOTONDO Anis EDT<\/strong> convient aussi bien aux femmes qu\u2019aux hommes et se distingue par sa simplicit\u00e9 sophistiqu\u00e9e et son agr\u00e9able tenue dans le temps.<\/p>\n<p data-start=\"1066\" data-end=\"1085\">Follow us! <a href=\"https:\/\/www.instagram.com\/freeshopswiss\/\" target=\"_blank\" rel=\"noopener\">@freeshopswiss<\/a><\/p>\n","protected":false},"excerpt":{"rendered":"<p>Fra\u00eeche, aromatique et \u00e9tonnamment \u00e9l\u00e9gante, <strong data-start=\"977\" data-end=\"1012\">TUTTOTONDO Anis Eau de Toilette<\/strong> est une fragrance au caract\u00e8re affirm\u00e9 et raffin\u00e9, inspir\u00e9e par les notes pures et vibrantes de l\u2019anis.<\/p>\n","protected":false},"featured_media":38647,"comment_status":"open","ping_status":"closed","template":"","meta":[],"pwb-brand":[3791],"product_brand":[],"product_cat":[87,109],"product_tag":[141,296,789,1629,143,594],"class_list":{"0":"post-38651","1":"product","2":"type-product","3":"status-publish","4":"has-post-thumbnail","6":"pwb-brand-tuttotondo","7":"product_cat-parfums","8":"product_cat-pour-elle","9":"product_tag-eau-de-toilette-fr","10":"product_tag-femme","11":"product_tag-womens-fragrances-fr","12":"product_tag-mens-fragrances-fr","13":"product_tag-homme","14":"product_tag-unisex-fr-2","16":"first","17":"instock","18":"sale","19":"taxable","20":"shipping-taxable","21":"purchasable","22":"product-type-simple"},"brands":[{"id":3791,"name":"Tuttotondo","slug":"tuttotondo"}],"_links":{"self":[{"href":"https:\/\/www.freeshopfrontiera.ch\/fr\/wp-json\/wp\/v2\/product\/38651","targetHints":{"allow":["GET"]}}],"collection":[{"href":"https:\/\/www.freeshopfrontiera.ch\/fr\/wp-json\/wp\/v2\/product"}],"about":[{"href":"https:\/\/www.freeshopfrontiera.ch\/fr\/wp-json\/wp\/v2\/types\/product"}],"replies":[{"embeddable":true,"href":"https:\/\/www.freeshopfrontiera.ch\/fr\/wp-json\/wp\/v2\/comments?post=38651"}],"version-history":[{"count":2,"href":"https:\/\/www.freeshopfrontiera.ch\/fr\/wp-json\/wp\/v2\/product\/38651\/revisions"}],"predecessor-version":[{"id":38656,"href":"https:\/\/www.freeshopfrontiera.ch\/fr\/wp-json\/wp\/v2\/product\/38651\/revisions\/38656"}],"wp:featuredmedia":[{"embeddable":true,"href":"https:\/\/www.freeshopfrontiera.ch\/fr\/wp-json\/wp\/v2\/media\/38647"}],"wp:attachment":[{"href":"https:\/\/www.freeshopfrontiera.ch\/fr\/wp-json\/wp\/v2\/media?parent=38651"}],"wp:term":[{"taxonomy":"pwb-brand","embeddable":true,"href":"https:\/\/www.freeshopfrontiera.ch\/fr\/wp-json\/wp\/v2\/pwb-brand?post=38651"},{"taxonomy":"product_brand","embeddable":true,"href":"https:\/\/www.freeshopfrontiera.ch\/fr\/wp-json\/wp\/v2\/product_brand?post=38651"},{"taxonomy":"product_cat","embeddable":true,"href":"https:\/\/www.freeshopfrontiera.ch\/fr\/wp-json\/wp\/v2\/product_cat?post=38651"},{"taxonomy":"product_tag","embeddable":true,"href":"https:\/\/www.freeshopfrontiera.ch\/fr\/wp-json\/wp\/v2\/product_tag?post=38651"}],"curies":[{"name":"wp","href":"https:\/\/api.w.org\/{rel}","templated":true}]}}