{"id":38683,"date":"2026-01-07T10:06:25","date_gmt":"2026-01-07T10:06:25","guid":{"rendered":"https:\/\/www.freeshopfrontiera.ch\/shop\/tuttotondo-anice-body-lotion-300-ml\/"},"modified":"2026-01-07T10:12:38","modified_gmt":"2026-01-07T10:12:38","slug":"tuttotondo-anice-body-lotion-300-ml","status":"publish","type":"product","link":"https:\/\/www.freeshopfrontiera.ch\/fr\/shop\/tuttotondo-anice-body-lotion-300-ml\/","title":{"rendered":"TUTTOTONDO Anice body lotion 300 ml"},"content":{"rendered":"<h3 data-start=\"997\" data-end=\"1056\">TUTTOTONDO Lotion Corporelle Tonifiante \u00e0 l\u2019Anis 300 ml<\/h3>\n<p data-start=\"1058\" data-end=\"1279\">Fra\u00eeche, \u00e9nergisante et revitalisante, <strong data-start=\"1097\" data-end=\"1149\">TUTTOTONDO Lotion Corporelle Tonifiante \u00e0 l\u2019Anis<\/strong> est une lotion pour le corps l\u00e9g\u00e8re et agr\u00e9able qui procure imm\u00e9diatement une sensation de fra\u00eecheur et de bien-\u00eatre \u00e0 la peau.<\/p>\n<p data-start=\"1281\" data-end=\"1558\">Enrichie des notes aromatiques et vivifiantes de <strong data-start=\"1330\" data-end=\"1340\">l\u2019anis<\/strong>, cette lotion tonifie la peau tout en l\u2019aidant \u00e0 rester douce, \u00e9lastique et hydrat\u00e9e. Sa texture fluide et \u00e0 absorption rapide la rend id\u00e9ale pour un usage quotidien, m\u00eame par temps chaud, sans laisser de film gras.<\/p>\n<p data-start=\"1560\" data-end=\"1750\">Adapt\u00e9e \u00e0 tous les types de peau, <strong data-start=\"1594\" data-end=\"1646\">TUTTOTONDO Lotion Corporelle Tonifiante \u00e0 l\u2019Anis<\/strong> est parfaite apr\u00e8s la douche ou le bain pour un rituel de soin du corps frais, parfum\u00e9 et r\u00e9g\u00e9n\u00e9rant.<\/p>\n<p data-start=\"1752\" data-end=\"1788\"><strong data-start=\"1752\" data-end=\"1786\">Caract\u00e9ristiques principales :<\/strong><\/p>\n<ul data-start=\"1789\" data-end=\"2005\">\n<li data-start=\"1789\" data-end=\"1840\">\n<p data-start=\"1791\" data-end=\"1840\">Lotion corporelle tonifiante et rafra\u00eechissante<\/p>\n<\/li>\n<li data-start=\"1841\" data-end=\"1871\">\n<p data-start=\"1843\" data-end=\"1871\">Parfum aromatique \u00e0 l\u2019anis<\/p>\n<\/li>\n<li data-start=\"1872\" data-end=\"1905\">\n<p data-start=\"1874\" data-end=\"1905\">Hydrate et revitalise la peau<\/p>\n<\/li>\n<li data-start=\"1906\" data-end=\"1943\">\n<p data-start=\"1908\" data-end=\"1943\">Texture l\u00e9g\u00e8re, absorption rapide<\/p>\n<\/li>\n<li data-start=\"1944\" data-end=\"1977\">\n<p data-start=\"1946\" data-end=\"1977\">Convient \u00e0 un usage quotidien<\/p>\n<\/li>\n<li data-start=\"1978\" data-end=\"2005\">\n<p data-start=\"1980\" data-end=\"2005\">Contenance : <strong data-start=\"1993\" data-end=\"2003\">300 ml<\/strong><\/p>\n<\/li>\n<\/ul>\n<p>&nbsp;<\/p>\n<p>Follow us! \u00a0<a href=\"https:\/\/www.instagram.com\/freeshopswiss\/\" target=\"_blank\" rel=\"noopener\">@freeshopswiss<\/a><\/p>\n","protected":false},"excerpt":{"rendered":"<p>Fra\u00eeche, \u00e9nergisante et revitalisante, <strong data-start=\"1097\" data-end=\"1149\">TUTTOTONDO Lotion Corporelle Tonifiante \u00e0 l\u2019Anis<\/strong> est une lotion pour le corps l\u00e9g\u00e8re et agr\u00e9able qui procure imm\u00e9diatement une sensation de fra\u00eecheur et de bien-\u00eatre \u00e0 la peau.<\/p>\n","protected":false},"featured_media":38679,"comment_status":"open","ping_status":"closed","template":"","meta":[],"pwb-brand":[3791],"product_brand":[],"product_cat":[109,295],"product_tag":[297,296,417],"class_list":{"0":"post-38683","1":"product","2":"type-product","3":"status-publish","4":"has-post-thumbnail","6":"pwb-brand-tuttotondo","7":"product_cat-pour-elle","8":"product_cat-traitements","9":"product_tag-creme-pour-le-corps","10":"product_tag-femme","11":"product_tag-soins-fr","13":"first","14":"instock","15":"sale","16":"taxable","17":"shipping-taxable","18":"purchasable","19":"product-type-simple"},"brands":[{"id":3791,"name":"Tuttotondo","slug":"tuttotondo"}],"_links":{"self":[{"href":"https:\/\/www.freeshopfrontiera.ch\/fr\/wp-json\/wp\/v2\/product\/38683","targetHints":{"allow":["GET"]}}],"collection":[{"href":"https:\/\/www.freeshopfrontiera.ch\/fr\/wp-json\/wp\/v2\/product"}],"about":[{"href":"https:\/\/www.freeshopfrontiera.ch\/fr\/wp-json\/wp\/v2\/types\/product"}],"replies":[{"embeddable":true,"href":"https:\/\/www.freeshopfrontiera.ch\/fr\/wp-json\/wp\/v2\/comments?post=38683"}],"version-history":[{"count":1,"href":"https:\/\/www.freeshopfrontiera.ch\/fr\/wp-json\/wp\/v2\/product\/38683\/revisions"}],"predecessor-version":[{"id":38687,"href":"https:\/\/www.freeshopfrontiera.ch\/fr\/wp-json\/wp\/v2\/product\/38683\/revisions\/38687"}],"wp:featuredmedia":[{"embeddable":true,"href":"https:\/\/www.freeshopfrontiera.ch\/fr\/wp-json\/wp\/v2\/media\/38679"}],"wp:attachment":[{"href":"https:\/\/www.freeshopfrontiera.ch\/fr\/wp-json\/wp\/v2\/media?parent=38683"}],"wp:term":[{"taxonomy":"pwb-brand","embeddable":true,"href":"https:\/\/www.freeshopfrontiera.ch\/fr\/wp-json\/wp\/v2\/pwb-brand?post=38683"},{"taxonomy":"product_brand","embeddable":true,"href":"https:\/\/www.freeshopfrontiera.ch\/fr\/wp-json\/wp\/v2\/product_brand?post=38683"},{"taxonomy":"product_cat","embeddable":true,"href":"https:\/\/www.freeshopfrontiera.ch\/fr\/wp-json\/wp\/v2\/product_cat?post=38683"},{"taxonomy":"product_tag","embeddable":true,"href":"https:\/\/www.freeshopfrontiera.ch\/fr\/wp-json\/wp\/v2\/product_tag?post=38683"}],"curies":[{"name":"wp","href":"https:\/\/api.w.org\/{rel}","templated":true}]}}