{"id":38697,"date":"2026-01-07T11:12:57","date_gmt":"2026-01-07T11:12:57","guid":{"rendered":"https:\/\/www.freeshopfrontiera.ch\/shop\/gianni-versace-set-dylan-turquoise\/"},"modified":"2026-01-07T11:18:05","modified_gmt":"2026-01-07T11:18:05","slug":"gianni-versace-set-dylan-turquoise","status":"publish","type":"product","link":"https:\/\/www.freeshopfrontiera.ch\/fr\/shop\/gianni-versace-set-dylan-turquoise\/","title":{"rendered":"GIANNI VERSACE SET Dylan Turquoise"},"content":{"rendered":"<h3 data-start=\"1127\" data-end=\"1183\">GIANNI VERSACE SET Dylan Turquoise Eau de Toilette<\/h3>\n<p data-start=\"1184\" data-end=\"1257\"><strong data-start=\"1184\" data-end=\"1257\">Vapo 100 ml + Baume Apr\u00e8s-Rasage 100 ml + Gel Corps 100 ml + Mup Case<\/strong><\/p>\n<p data-start=\"1259\" data-end=\"1558\">Frais, \u00e9nergique et sophistiqu\u00e9, <strong data-start=\"1292\" data-end=\"1342\">GIANNI VERSACE Dylan Turquoise Eau de Toilette<\/strong> est un parfum masculin qui capture la vitalit\u00e9 et la libert\u00e9 de la vie moderne. Une fragrance vibrante et enveloppante, pr\u00e9sent\u00e9e dans un coffret cadeau exclusif sign\u00e9 Versace, parfaite comme id\u00e9e cadeau pour lui.<\/p>\n<p data-start=\"1560\" data-end=\"1867\">Le parfum s\u2019ouvre sur des notes p\u00e9tillantes et agrum\u00e9es qui apportent une \u00e9nergie imm\u00e9diate, tandis que le c\u0153ur aromatique l\u00e9g\u00e8rement \u00e9pic\u00e9 ajoute profondeur et personnalit\u00e9. La base d\u00e9licatement bois\u00e9e laisse un sillage \u00e9l\u00e9gant et durable, soulignant le style unique et dynamique de l\u2019homme contemporain.<\/p>\n<p data-start=\"1869\" data-end=\"2115\">Le coffret complet comprend le <strong data-start=\"1900\" data-end=\"1933\">flacon Eau de Toilette 100 ml<\/strong>, le <strong data-start=\"1938\" data-end=\"1967\">Baume Apr\u00e8s-Rasage 100 ml<\/strong> pour compl\u00e9ter la routine de soin, le <strong data-start=\"2006\" data-end=\"2026\">Gel Corps 100 ml<\/strong> et un pratique <strong data-start=\"2042\" data-end=\"2054\">Mup Case<\/strong>, id\u00e9al pour transporter le coffret ou l\u2019offrir avec style.<\/p>\n<p data-start=\"881\" data-end=\"1167\">Follow us! \u00a0<a href=\"https:\/\/www.instagram.com\/freeshopswiss\/\" target=\"_blank\" rel=\"noopener\">@freeshopswiss<\/a><\/p>\n","protected":false},"excerpt":{"rendered":"<p>Frais, \u00e9nergique et sophistiqu\u00e9, <strong data-start=\"1292\" data-end=\"1342\">GIANNI VERSACE Dylan Turquoise Eau de Toilette<\/strong> est un parfum masculin qui capture la vitalit\u00e9 et la libert\u00e9 de la vie moderne.<\/p>\n","protected":false},"featured_media":38693,"comment_status":"open","ping_status":"closed","template":"","meta":[],"pwb-brand":[124],"product_brand":[],"product_cat":[87,109,484],"product_tag":[459,461,141,296,789],"class_list":{"0":"post-38697","1":"product","2":"type-product","3":"status-publish","4":"has-post-thumbnail","6":"pwb-brand-versace","7":"product_cat-parfums","8":"product_cat-pour-elle","9":"product_cat-coffret","10":"product_tag-coffret","11":"product_tag-coffrets-femme","12":"product_tag-eau-de-toilette-fr","13":"product_tag-femme","14":"product_tag-womens-fragrances-fr","16":"first","17":"outofstock","18":"sale","19":"taxable","20":"shipping-taxable","21":"purchasable","22":"product-type-simple"},"brands":[{"id":124,"name":"Versace","slug":"versace"}],"_links":{"self":[{"href":"https:\/\/www.freeshopfrontiera.ch\/fr\/wp-json\/wp\/v2\/product\/38697","targetHints":{"allow":["GET"]}}],"collection":[{"href":"https:\/\/www.freeshopfrontiera.ch\/fr\/wp-json\/wp\/v2\/product"}],"about":[{"href":"https:\/\/www.freeshopfrontiera.ch\/fr\/wp-json\/wp\/v2\/types\/product"}],"replies":[{"embeddable":true,"href":"https:\/\/www.freeshopfrontiera.ch\/fr\/wp-json\/wp\/v2\/comments?post=38697"}],"version-history":[{"count":1,"href":"https:\/\/www.freeshopfrontiera.ch\/fr\/wp-json\/wp\/v2\/product\/38697\/revisions"}],"predecessor-version":[{"id":38701,"href":"https:\/\/www.freeshopfrontiera.ch\/fr\/wp-json\/wp\/v2\/product\/38697\/revisions\/38701"}],"wp:featuredmedia":[{"embeddable":true,"href":"https:\/\/www.freeshopfrontiera.ch\/fr\/wp-json\/wp\/v2\/media\/38693"}],"wp:attachment":[{"href":"https:\/\/www.freeshopfrontiera.ch\/fr\/wp-json\/wp\/v2\/media?parent=38697"}],"wp:term":[{"taxonomy":"pwb-brand","embeddable":true,"href":"https:\/\/www.freeshopfrontiera.ch\/fr\/wp-json\/wp\/v2\/pwb-brand?post=38697"},{"taxonomy":"product_brand","embeddable":true,"href":"https:\/\/www.freeshopfrontiera.ch\/fr\/wp-json\/wp\/v2\/product_brand?post=38697"},{"taxonomy":"product_cat","embeddable":true,"href":"https:\/\/www.freeshopfrontiera.ch\/fr\/wp-json\/wp\/v2\/product_cat?post=38697"},{"taxonomy":"product_tag","embeddable":true,"href":"https:\/\/www.freeshopfrontiera.ch\/fr\/wp-json\/wp\/v2\/product_tag?post=38697"}],"curies":[{"name":"wp","href":"https:\/\/api.w.org\/{rel}","templated":true}]}}