{"id":38723,"date":"2026-01-07T11:42:38","date_gmt":"2026-01-07T11:42:38","guid":{"rendered":"https:\/\/www.freeshopfrontiera.ch\/shop\/carolina-herrera-bad-boy-cobalt-absolue\/"},"modified":"2026-01-07T11:45:13","modified_gmt":"2026-01-07T11:45:13","slug":"carolina-herrera-bad-boy-cobalt-absolue","status":"publish","type":"product","link":"https:\/\/www.freeshopfrontiera.ch\/fr\/shop\/carolina-herrera-bad-boy-cobalt-absolue\/","title":{"rendered":"CAROLINA HERRERA Bad Boy Cobalt Absolue"},"content":{"rendered":"<p data-start=\"132\" data-end=\"1431\"><strong data-start=\"1414\" data-end=\"1471\">CAROLINA HERRERA Bad Boy Cobalt Absolue Eau de Parfum<\/strong> approfondit les contrastes de la masculinit\u00e9 qui caract\u00e9risent chaque parfum Bad Boy, o\u00f9 la force rencontre la sensibilit\u00e9 et le pouvoir se m\u00eale \u00e0 l\u2019\u00e9l\u00e9gance, cr\u00e9ant une expression plus riche et raffin\u00e9e de luxe et de sensualit\u00e9.<\/p>\n<p data-start=\"132\" data-end=\"1431\">Cet <strong data-start=\"1706\" data-end=\"1734\">Eau de Parfum pour homme<\/strong> repr\u00e9sente le Bad Boy le plus s\u00e9duisant et sophistiqu\u00e9 de tous les temps, con\u00e7u pour l\u2019homme moderne qui souhaite se d\u00e9marquer avec style. Le parfum s\u2019ouvre sur des notes fra\u00eeches et vibrantes de <strong data-start=\"1931\" data-end=\"1960\">lavande bleue et de sauge<\/strong>, apportant \u00e9nergie et dynamisme imm\u00e9diats. Le c\u0153ur r\u00e9v\u00e8le la richesse de la <strong data-start=\"2037\" data-end=\"2078\">truffe blanche et de la vanille dor\u00e9e<\/strong>, ajoutant profondeur et sensualit\u00e9 \u00e0 la composition, tandis que la base chaude et enveloppante de <strong data-start=\"2177\" data-end=\"2194\">bois de ch\u00eane<\/strong> cr\u00e9e une aura intense, bois\u00e9e et raffin\u00e9e. Le r\u00e9sultat est un parfum masculin \u00e9l\u00e9gant, s\u00e9duisant et persistant, parfait pour le jour comme pour la nuit, id\u00e9al pour les occasions sp\u00e9ciales ou pour ceux qui souhaitent laisser une impression m\u00e9morable.<\/p>\n<p data-start=\"132\" data-end=\"1431\"><strong data-start=\"2445\" data-end=\"2471\">Bad Boy Cobalt Absolue<\/strong> se distingue par sa capacit\u00e9 \u00e0 unir force, \u00e9l\u00e9gance et sensualit\u00e9, faisant de lui un incontournable dans la collection de tout homme. Son sillage opulent et sophistiqu\u00e9 symbolise un luxe moderne et irr\u00e9sistible, transformant chaque moment en une exp\u00e9rience olfactive unique.<\/p>\n<p data-start=\"132\" data-end=\"1431\">Follow us! \u00a0<a href=\"https:\/\/www.instagram.com\/freeshopswiss\/\" target=\"_blank\" rel=\"noopener\">@freeshopswiss<\/a><\/p>\n","protected":false},"excerpt":{"rendered":"<p><strong data-start=\"1414\" data-end=\"1471\">CAROLINA HERRERA Bad Boy Cobalt Absolue Eau de Parfum<\/strong> approfondit les contrastes de la masculinit\u00e9 qui caract\u00e9risent chaque parfum Bad Boy, o\u00f9 la force rencontre la sensibilit\u00e9 et le pouvoir se m\u00eale \u00e0 l\u2019\u00e9l\u00e9gance, cr\u00e9ant une expression plus riche et raffin\u00e9e de luxe et de sensualit\u00e9.<\/p>\n","protected":false},"featured_media":38706,"comment_status":"open","ping_status":"closed","template":"","meta":[],"pwb-brand":[271],"product_brand":[],"product_cat":[103,87,89],"product_tag":[252,1629,143,488,490,571,278,97],"class_list":{"0":"post-38723","1":"product","2":"type-product","3":"status-publish","4":"has-post-thumbnail","6":"pwb-brand-carolina-herrera","7":"product_cat-nouveaute","8":"product_cat-parfums","9":"product_cat-pour-lui","10":"product_tag-eau-de-parfum-fr","11":"product_tag-mens-fragrances-fr","12":"product_tag-homme","13":"product_tag-nouveautes-fr","14":"product_tag-nouveautes-parfums","15":"product_tag-novita-per-lui-fr","16":"product_tag-offre","17":"product_tag-parfums","19":"first","20":"instock","21":"sale","22":"taxable","23":"shipping-taxable","24":"purchasable","25":"product-type-variable","26":"has-default-attributes"},"brands":[{"id":271,"name":"Carolina Herrera","slug":"carolina-herrera"}],"_links":{"self":[{"href":"https:\/\/www.freeshopfrontiera.ch\/fr\/wp-json\/wp\/v2\/product\/38723","targetHints":{"allow":["GET"]}}],"collection":[{"href":"https:\/\/www.freeshopfrontiera.ch\/fr\/wp-json\/wp\/v2\/product"}],"about":[{"href":"https:\/\/www.freeshopfrontiera.ch\/fr\/wp-json\/wp\/v2\/types\/product"}],"replies":[{"embeddable":true,"href":"https:\/\/www.freeshopfrontiera.ch\/fr\/wp-json\/wp\/v2\/comments?post=38723"}],"version-history":[{"count":1,"href":"https:\/\/www.freeshopfrontiera.ch\/fr\/wp-json\/wp\/v2\/product\/38723\/revisions"}],"predecessor-version":[{"id":38730,"href":"https:\/\/www.freeshopfrontiera.ch\/fr\/wp-json\/wp\/v2\/product\/38723\/revisions\/38730"}],"wp:featuredmedia":[{"embeddable":true,"href":"https:\/\/www.freeshopfrontiera.ch\/fr\/wp-json\/wp\/v2\/media\/38706"}],"wp:attachment":[{"href":"https:\/\/www.freeshopfrontiera.ch\/fr\/wp-json\/wp\/v2\/media?parent=38723"}],"wp:term":[{"taxonomy":"pwb-brand","embeddable":true,"href":"https:\/\/www.freeshopfrontiera.ch\/fr\/wp-json\/wp\/v2\/pwb-brand?post=38723"},{"taxonomy":"product_brand","embeddable":true,"href":"https:\/\/www.freeshopfrontiera.ch\/fr\/wp-json\/wp\/v2\/product_brand?post=38723"},{"taxonomy":"product_cat","embeddable":true,"href":"https:\/\/www.freeshopfrontiera.ch\/fr\/wp-json\/wp\/v2\/product_cat?post=38723"},{"taxonomy":"product_tag","embeddable":true,"href":"https:\/\/www.freeshopfrontiera.ch\/fr\/wp-json\/wp\/v2\/product_tag?post=38723"}],"curies":[{"name":"wp","href":"https:\/\/api.w.org\/{rel}","templated":true}]}}