{"id":38739,"date":"2025-01-07T12:02:11","date_gmt":"2025-01-07T12:02:11","guid":{"rendered":"https:\/\/www.freeshopfrontiera.ch\/shop\/liu-jo-set-fabulous-orchid\/"},"modified":"2026-01-07T12:17:00","modified_gmt":"2026-01-07T12:17:00","slug":"liu-jo-set-fabulous-orchid","status":"publish","type":"product","link":"https:\/\/www.freeshopfrontiera.ch\/fr\/shop\/liu-jo-set-fabulous-orchid\/","title":{"rendered":"LIU JO SET Fabulous Orchid"},"content":{"rendered":"<h3 data-start=\"1155\" data-end=\"1202\">LIU JO SET Fabulous Orchid Fragrance Mist<\/h3>\n<p data-start=\"1203\" data-end=\"1248\"><strong data-start=\"1203\" data-end=\"1248\">Brume Parfum\u00e9e 200 ml + Lait Corps 200 ml<\/strong><\/p>\n<p data-start=\"1250\" data-end=\"1609\">Fra\u00eeche, f\u00e9minine et d\u00e9licatement enveloppante, le <strong data-start=\"1301\" data-end=\"1331\">LIU JO Fabulous Orchid Set<\/strong> est le cadeau parfait pour celles qui aiment les fragrances \u00e9l\u00e9gantes et sophistiqu\u00e9es. Ce set comprend une <strong data-start=\"1440\" data-end=\"1465\">Brume Parfum\u00e9e 200 ml<\/strong> et un <strong data-start=\"1472\" data-end=\"1501\">Lait pour le Corps 200 ml<\/strong>, id\u00e9aux pour cr\u00e9er un rituel de beaut\u00e9 complet laissant la peau douce, hydrat\u00e9e et agr\u00e9ablement parfum\u00e9e.<\/p>\n<p data-start=\"1611\" data-end=\"2009\">Le parfum se distingue par ses notes florales et fruit\u00e9es d\u2019<strong data-start=\"1671\" data-end=\"1683\">orchid\u00e9e<\/strong>, offrant une senteur l\u00e9g\u00e8re, raffin\u00e9e et persistante. Le lait corporel compl\u00e8te l\u2019exp\u00e9rience en hydratant et nourrissant la peau, la laissant velout\u00e9e au toucher. Sa texture d\u00e9licate et rapidement absorb\u00e9e permet une application quotidienne sans alourdir, tandis que la Brume Parfum\u00e9e diffuse un sillage \u00e9l\u00e9gant et f\u00e9minin.<\/p>\n<p data-start=\"2011\" data-end=\"2230\">Parfait comme cadeau ou pour se choyer au quotidien, le <strong data-start=\"2067\" data-end=\"2097\">LIU JO Fabulous Orchid Set<\/strong> combine parfum et soin de la peau pour une exp\u00e9rience sensorielle compl\u00e8te, mettant en valeur la f\u00e9minit\u00e9 avec style et modernit\u00e9.<\/p>\n<p data-start=\"1001\" data-end=\"1218\">Follow us! \u00a0<a href=\"https:\/\/www.instagram.com\/freeshopswiss\/\" target=\"_blank\" rel=\"noopener\">@freeshopswiss<\/a><\/p>\n","protected":false},"excerpt":{"rendered":"<p>Fra\u00eeche, f\u00e9minine et d\u00e9licatement enveloppante, le <strong data-start=\"1301\" data-end=\"1331\">LIU JO Fabulous Orchid Set<\/strong> est le cadeau parfait pour celles qui aiment les fragrances \u00e9l\u00e9gantes et sophistiqu\u00e9es.<\/p>\n","protected":false},"featured_media":38735,"comment_status":"open","ping_status":"closed","template":"","meta":[],"pwb-brand":[266],"product_brand":[],"product_cat":[109,484],"product_tag":[459,461,297,296,97],"class_list":{"0":"post-38739","1":"product","2":"type-product","3":"status-publish","4":"has-post-thumbnail","6":"pwb-brand-liu-jo","7":"product_cat-pour-elle","8":"product_cat-coffret","9":"product_tag-coffret","10":"product_tag-coffrets-femme","11":"product_tag-creme-pour-le-corps","12":"product_tag-femme","13":"product_tag-parfums","15":"first","16":"instock","17":"sale","18":"taxable","19":"shipping-taxable","20":"purchasable","21":"product-type-simple"},"brands":[{"id":266,"name":"Liu Jo","slug":"liu-jo"}],"_links":{"self":[{"href":"https:\/\/www.freeshopfrontiera.ch\/fr\/wp-json\/wp\/v2\/product\/38739","targetHints":{"allow":["GET"]}}],"collection":[{"href":"https:\/\/www.freeshopfrontiera.ch\/fr\/wp-json\/wp\/v2\/product"}],"about":[{"href":"https:\/\/www.freeshopfrontiera.ch\/fr\/wp-json\/wp\/v2\/types\/product"}],"replies":[{"embeddable":true,"href":"https:\/\/www.freeshopfrontiera.ch\/fr\/wp-json\/wp\/v2\/comments?post=38739"}],"version-history":[{"count":1,"href":"https:\/\/www.freeshopfrontiera.ch\/fr\/wp-json\/wp\/v2\/product\/38739\/revisions"}],"predecessor-version":[{"id":38742,"href":"https:\/\/www.freeshopfrontiera.ch\/fr\/wp-json\/wp\/v2\/product\/38739\/revisions\/38742"}],"wp:featuredmedia":[{"embeddable":true,"href":"https:\/\/www.freeshopfrontiera.ch\/fr\/wp-json\/wp\/v2\/media\/38735"}],"wp:attachment":[{"href":"https:\/\/www.freeshopfrontiera.ch\/fr\/wp-json\/wp\/v2\/media?parent=38739"}],"wp:term":[{"taxonomy":"pwb-brand","embeddable":true,"href":"https:\/\/www.freeshopfrontiera.ch\/fr\/wp-json\/wp\/v2\/pwb-brand?post=38739"},{"taxonomy":"product_brand","embeddable":true,"href":"https:\/\/www.freeshopfrontiera.ch\/fr\/wp-json\/wp\/v2\/product_brand?post=38739"},{"taxonomy":"product_cat","embeddable":true,"href":"https:\/\/www.freeshopfrontiera.ch\/fr\/wp-json\/wp\/v2\/product_cat?post=38739"},{"taxonomy":"product_tag","embeddable":true,"href":"https:\/\/www.freeshopfrontiera.ch\/fr\/wp-json\/wp\/v2\/product_tag?post=38739"}],"curies":[{"name":"wp","href":"https:\/\/api.w.org\/{rel}","templated":true}]}}