{"id":38798,"date":"2026-02-12T09:25:47","date_gmt":"2026-02-12T09:25:47","guid":{"rendered":"https:\/\/www.freeshopfrontiera.ch\/shop\/carolina-herrera-good-girl-jasmine-absolue\/"},"modified":"2026-01-12T14:37:03","modified_gmt":"2026-01-12T14:37:03","slug":"carolina-herrera-good-girl-jasmine-absolue","status":"publish","type":"product","link":"https:\/\/www.freeshopfrontiera.ch\/fr\/shop\/carolina-herrera-good-girl-jasmine-absolue\/","title":{"rendered":"Carolina Herrera Good Girl Jasmine Absolue"},"content":{"rendered":"<p data-start=\"2742\" data-end=\"2810\"><strong data-start=\"2742\" data-end=\"2810\">Carolina Herrera Good Girl Jasmine Absolue \u2013 Eau de Parfum Femme<\/strong><\/p>\n<p style=\"text-align: left;\" data-start=\"2812\" data-end=\"3161\">Carolina Herrera <strong data-start=\"2829\" data-end=\"2858\">Good Girl Jasmine Absolue<\/strong> est une fragrance f\u00e9minine intense et sophistiqu\u00e9e qui c\u00e9l\u00e8bre la sensualit\u00e9 et la force de la femme moderne. Cette r\u00e9interpr\u00e9tation de la c\u00e9l\u00e8bre ligne Good Girl met en valeur la facette la plus enveloppante et florale de la composition, id\u00e9ale pour celles qui aiment les parfums \u00e9l\u00e9gants et affirm\u00e9s.<\/p>\n<p style=\"text-align: center;\" data-start=\"3163\" data-end=\"3663\">L\u2019ouverture est lumineuse et s\u00e9duisante, gr\u00e2ce \u00e0 un m\u00e9lange raffin\u00e9 de notes fruit\u00e9es qui captivent imm\u00e9diatement. Le c\u0153ur de la fragrance est domin\u00e9 par le <strong data-start=\"3320\" data-end=\"3330\">jasmin<\/strong>, v\u00e9ritable protagoniste, qui apporte une touche f\u00e9minine, chaleureuse et irr\u00e9sistible. Des accents d\u2019amande enrichissent la composition d\u2019une nuance cr\u00e9meuse et sophistiqu\u00e9e. Les notes de fond, douces et persistantes, enveloppent la peau de facettes gourmandes de <strong data-start=\"3595\" data-end=\"3622\">toffee et de f\u00e8ve tonka<\/strong>, laissant un sillage intense et sensuel.<\/p>\n<p data-start=\"3665\" data-end=\"4039\">Le parfum est pr\u00e9sent\u00e9 dans l\u2019iconique flacon en forme de stiletto, symbole de pouvoir, d\u2019\u00e9l\u00e9gance et de s\u00e9duction, sublim\u00e9 par des d\u00e9tails raffin\u00e9s qui soulignent son caract\u00e8re luxueux. <strong data-start=\"3852\" data-end=\"3881\">Good Girl Jasmine Absolue<\/strong> est id\u00e9al pour le soir et les occasions sp\u00e9ciales, mais aussi pour celles qui souhaitent se distinguer chaque jour avec une fragrance audacieuse et f\u00e9minine.<\/p>\n<p data-start=\"1020\" data-end=\"1368\">Follow us!\u00a0<a href=\"https:\/\/www.instagram.com\/freeshopswiss\/\" target=\"_blank\" rel=\"noopener\">@freeshopswiss<\/a><\/p>\n","protected":false},"excerpt":{"rendered":"<p>Carolina Herrera <strong data-start=\"2829\" data-end=\"2858\">Good Girl Jasmine Absolue<\/strong> est une fragrance f\u00e9minine intense et sophistiqu\u00e9e qui c\u00e9l\u00e8bre la sensualit\u00e9 et la force de la femme moderne.<\/p>\n","protected":false},"featured_media":38774,"comment_status":"open","ping_status":"closed","template":"","meta":[],"pwb-brand":[271],"product_brand":[],"product_cat":[87,109],"product_tag":[252,296,789,97,4367],"class_list":{"0":"post-38798","1":"product","2":"type-product","3":"status-publish","4":"has-post-thumbnail","6":"pwb-brand-carolina-herrera","7":"product_cat-parfums","8":"product_cat-pour-elle","9":"product_tag-eau-de-parfum-fr","10":"product_tag-femme","11":"product_tag-womens-fragrances-fr","12":"product_tag-parfums","13":"product_tag-special-printemps","15":"first","16":"instock","17":"sale","18":"taxable","19":"shipping-taxable","20":"purchasable","21":"product-type-variable","22":"has-default-attributes"},"brands":[{"id":271,"name":"Carolina Herrera","slug":"carolina-herrera"}],"_links":{"self":[{"href":"https:\/\/www.freeshopfrontiera.ch\/fr\/wp-json\/wp\/v2\/product\/38798","targetHints":{"allow":["GET"]}}],"collection":[{"href":"https:\/\/www.freeshopfrontiera.ch\/fr\/wp-json\/wp\/v2\/product"}],"about":[{"href":"https:\/\/www.freeshopfrontiera.ch\/fr\/wp-json\/wp\/v2\/types\/product"}],"replies":[{"embeddable":true,"href":"https:\/\/www.freeshopfrontiera.ch\/fr\/wp-json\/wp\/v2\/comments?post=38798"}],"version-history":[{"count":5,"href":"https:\/\/www.freeshopfrontiera.ch\/fr\/wp-json\/wp\/v2\/product\/38798\/revisions"}],"predecessor-version":[{"id":38822,"href":"https:\/\/www.freeshopfrontiera.ch\/fr\/wp-json\/wp\/v2\/product\/38798\/revisions\/38822"}],"wp:featuredmedia":[{"embeddable":true,"href":"https:\/\/www.freeshopfrontiera.ch\/fr\/wp-json\/wp\/v2\/media\/38774"}],"wp:attachment":[{"href":"https:\/\/www.freeshopfrontiera.ch\/fr\/wp-json\/wp\/v2\/media?parent=38798"}],"wp:term":[{"taxonomy":"pwb-brand","embeddable":true,"href":"https:\/\/www.freeshopfrontiera.ch\/fr\/wp-json\/wp\/v2\/pwb-brand?post=38798"},{"taxonomy":"product_brand","embeddable":true,"href":"https:\/\/www.freeshopfrontiera.ch\/fr\/wp-json\/wp\/v2\/product_brand?post=38798"},{"taxonomy":"product_cat","embeddable":true,"href":"https:\/\/www.freeshopfrontiera.ch\/fr\/wp-json\/wp\/v2\/product_cat?post=38798"},{"taxonomy":"product_tag","embeddable":true,"href":"https:\/\/www.freeshopfrontiera.ch\/fr\/wp-json\/wp\/v2\/product_tag?post=38798"}],"curies":[{"name":"wp","href":"https:\/\/api.w.org\/{rel}","templated":true}]}}