{"id":38863,"date":"2026-01-13T08:56:38","date_gmt":"2026-01-13T08:56:38","guid":{"rendered":"https:\/\/www.freeshopfrontiera.ch\/shop\/emporio-armani-power-of-you\/"},"modified":"2026-01-13T09:03:41","modified_gmt":"2026-01-13T09:03:41","slug":"emporio-armani-power-of-you","status":"publish","type":"product","link":"https:\/\/www.freeshopfrontiera.ch\/fr\/shop\/emporio-armani-power-of-you\/","title":{"rendered":"EMPORIO ARMANI Power Of You"},"content":{"rendered":"<p data-start=\"2837\" data-end=\"2893\"><strong data-start=\"2837\" data-end=\"2893\">Emporio Armani Power Of You Eau de Parfum Pour Femme<\/strong><\/p>\n<p data-start=\"2895\" data-end=\"3216\">Emporio Armani <strong data-start=\"2910\" data-end=\"2951\">Power Of You Eau de Parfum pour Femme<\/strong> est une fragrance f\u00e9minine moderne et audacieuse qui c\u00e9l\u00e8bre la force int\u00e9rieure, l\u2019\u00e9clat et le charisme. Con\u00e7ue pour les femmes s\u00fbres d\u2019elles, elle exprime \u00e9l\u00e9gance, \u00e9nergie positive et f\u00e9minit\u00e9 contemporaine, accompagnant chaque instant de la journ\u00e9e avec style.<\/p>\n<p data-start=\"3218\" data-end=\"3787\">La composition olfactive se d\u00e9ploie dans un \u00e9quilibre raffin\u00e9 <strong data-start=\"3280\" data-end=\"3310\">floral, fruit\u00e9 et gourmand<\/strong>. Les notes de t\u00eate s\u2019ouvrent sur un accord vibrant de <strong data-start=\"3365\" data-end=\"3388\">fruit de la passion<\/strong>, sublim\u00e9 par <strong data-start=\"3402\" data-end=\"3433\">l\u2019orange am\u00e8re et le citron<\/strong>, apportant une fra\u00eecheur lumineuse et dynamique. Le c\u0153ur d\u00e9voile un bouquet solaire et f\u00e9minin de <strong data-start=\"3532\" data-end=\"3570\">frangipanier et d\u2019accords lumineux<\/strong>, qui enveloppe d\u00e9licatement la peau. En fond, la fragrance gagne en intensit\u00e9 et en sensualit\u00e9 gr\u00e2ce \u00e0 la <strong data-start=\"3677\" data-end=\"3739\">vanille de Madagascar, au benjoin et au ciste d\u2019Andalousie<\/strong>, laissant un sillage persistant et enveloppant.<\/p>\n<p data-start=\"3789\" data-end=\"3982\">Le flacon refl\u00e8te parfaitement l\u2019\u00e2me du parfum : un design \u00e9l\u00e9gant en verre transparent aux reflets rubis, rehauss\u00e9 de d\u00e9tails dor\u00e9s, symbole de force, de modernit\u00e9 et du style iconique Armani.<\/p>\n<p data-start=\"3984\" data-end=\"4198\">Id\u00e9al comme parfum du quotidien ou comme id\u00e9e cadeau raffin\u00e9e, <strong data-start=\"4047\" data-end=\"4103\">Emporio Armani Power Of You Eau de Parfum pour Femme<\/strong> est le choix parfait pour celles qui aiment les fragrances lumineuses, f\u00e9minines et affirm\u00e9es.<\/p>\n<p data-start=\"1230\" data-end=\"1420\">Follow us! \u00a0<a href=\"https:\/\/www.instagram.com\/freeshopswiss\/\" target=\"_blank\" rel=\"noopener\">@freeshopswiss<\/a><\/p>\n","protected":false},"excerpt":{"rendered":"<p>Emporio Armani <strong data-start=\"2910\" data-end=\"2951\">Power Of You Eau de Parfum pour Femme<\/strong> est une fragrance f\u00e9minine moderne et audacieuse qui c\u00e9l\u00e8bre la force int\u00e9rieure, l\u2019\u00e9clat et le charisme.<\/p>\n","protected":false},"featured_media":38844,"comment_status":"open","ping_status":"closed","template":"","meta":[],"pwb-brand":[263],"product_brand":[],"product_cat":[103,87,109],"product_tag":[252,296,789,488,490,559,97],"class_list":{"0":"post-38863","1":"product","2":"type-product","3":"status-publish","4":"has-post-thumbnail","6":"pwb-brand-giorgio-armani","7":"product_cat-nouveaute","8":"product_cat-parfums","9":"product_cat-pour-elle","10":"product_tag-eau-de-parfum-fr","11":"product_tag-femme","12":"product_tag-womens-fragrances-fr","13":"product_tag-nouveautes-fr","14":"product_tag-nouveautes-parfums","15":"product_tag-nouveautes-femmes","16":"product_tag-parfums","18":"first","19":"instock","20":"sale","21":"taxable","22":"shipping-taxable","23":"purchasable","24":"product-type-variable","25":"has-default-attributes"},"brands":[{"id":263,"name":"Giorgio Armani","slug":"giorgio-armani"}],"_links":{"self":[{"href":"https:\/\/www.freeshopfrontiera.ch\/fr\/wp-json\/wp\/v2\/product\/38863","targetHints":{"allow":["GET"]}}],"collection":[{"href":"https:\/\/www.freeshopfrontiera.ch\/fr\/wp-json\/wp\/v2\/product"}],"about":[{"href":"https:\/\/www.freeshopfrontiera.ch\/fr\/wp-json\/wp\/v2\/types\/product"}],"replies":[{"embeddable":true,"href":"https:\/\/www.freeshopfrontiera.ch\/fr\/wp-json\/wp\/v2\/comments?post=38863"}],"version-history":[{"count":1,"href":"https:\/\/www.freeshopfrontiera.ch\/fr\/wp-json\/wp\/v2\/product\/38863\/revisions"}],"predecessor-version":[{"id":38874,"href":"https:\/\/www.freeshopfrontiera.ch\/fr\/wp-json\/wp\/v2\/product\/38863\/revisions\/38874"}],"wp:featuredmedia":[{"embeddable":true,"href":"https:\/\/www.freeshopfrontiera.ch\/fr\/wp-json\/wp\/v2\/media\/38844"}],"wp:attachment":[{"href":"https:\/\/www.freeshopfrontiera.ch\/fr\/wp-json\/wp\/v2\/media?parent=38863"}],"wp:term":[{"taxonomy":"pwb-brand","embeddable":true,"href":"https:\/\/www.freeshopfrontiera.ch\/fr\/wp-json\/wp\/v2\/pwb-brand?post=38863"},{"taxonomy":"product_brand","embeddable":true,"href":"https:\/\/www.freeshopfrontiera.ch\/fr\/wp-json\/wp\/v2\/product_brand?post=38863"},{"taxonomy":"product_cat","embeddable":true,"href":"https:\/\/www.freeshopfrontiera.ch\/fr\/wp-json\/wp\/v2\/product_cat?post=38863"},{"taxonomy":"product_tag","embeddable":true,"href":"https:\/\/www.freeshopfrontiera.ch\/fr\/wp-json\/wp\/v2\/product_tag?post=38863"}],"curies":[{"name":"wp","href":"https:\/\/api.w.org\/{rel}","templated":true}]}}