{"id":38890,"date":"2026-01-13T09:18:24","date_gmt":"2026-01-13T09:18:24","guid":{"rendered":"https:\/\/www.freeshopfrontiera.ch\/shop\/emporio-armani-stronger-with-you-powerfully\/"},"modified":"2026-01-13T09:30:51","modified_gmt":"2026-01-13T09:30:51","slug":"emporio-armani-stronger-with-you-powerfully","status":"publish","type":"product","link":"https:\/\/www.freeshopfrontiera.ch\/fr\/shop\/emporio-armani-stronger-with-you-powerfully\/","title":{"rendered":"EMPORIO ARMANI Stronger With You Powerfully"},"content":{"rendered":"<p data-start=\"2906\" data-end=\"2967\"><strong data-start=\"2906\" data-end=\"2967\">Emporio Armani Stronger With You Powerfully Eau de Parfum<\/strong><\/p>\n<p data-start=\"2969\" data-end=\"3273\">Emporio Armani <strong data-start=\"2984\" data-end=\"3030\">Stronger With You Powerfully Eau de Parfum<\/strong> est une fragrance masculine intense et magn\u00e9tique, con\u00e7ue pour exprimer la force, la d\u00e9termination et le charisme. Un parfum qui incarne une masculinit\u00e9 moderne et assur\u00e9e, id\u00e9al pour l\u2019homme qui vit ses \u00e9motions avec passion et authenticit\u00e9.<\/p>\n<p data-start=\"3275\" data-end=\"3891\">La composition olfactive se distingue par son caract\u00e8re <strong data-start=\"3331\" data-end=\"3364\">aromatique, ambr\u00e9 et gourmand<\/strong>, signature de la ligne Stronger With You, revisit\u00e9e ici dans une version encore plus puissante. Les notes de t\u00eate lib\u00e8rent une fra\u00eecheur vibrante aux accents aromatiques et \u00e9nergisants, ouvrant sur un c\u0153ur chaud et enveloppant. Au centre de la fragrance se r\u00e9v\u00e8lent les embl\u00e9matiques <strong data-start=\"3649\" data-end=\"3673\">accords de ch\u00e2taigne<\/strong>, signature olfactive de la collection, apportant profondeur et sensualit\u00e9. Le fond d\u00e9voile un sillage intense et durable gr\u00e2ce \u00e0 la <strong data-start=\"3806\" data-end=\"3847\">vanille, \u00e0 l\u2019ambre et aux bois chauds<\/strong>, pour un r\u00e9sultat s\u00e9duisant et enveloppant.<\/p>\n<p data-start=\"3893\" data-end=\"4077\">Le flacon, \u00e9l\u00e9gant et masculin, refl\u00e8te la puissance du parfum avec des lignes affirm\u00e9es et des teintes profondes, symbole de force, de confiance et du style inimitable Emporio Armani.<\/p>\n<p data-start=\"4079\" data-end=\"4304\">Id\u00e9al pour le soir et les occasions sp\u00e9ciales, <strong data-start=\"4126\" data-end=\"4172\">Stronger With You Powerfully Eau de Parfum<\/strong> est le choix parfait pour ceux qui aiment les fragrances intenses, chaudes et affirm\u00e9es, capables de laisser une empreinte durable.<\/p>\n<p data-start=\"1229\" data-end=\"1420\">Follow us! \u00a0<a href=\"https:\/\/www.instagram.com\/freeshopswiss\/\" target=\"_blank\" rel=\"noopener\">@freeshopswiss<\/a><\/p>\n","protected":false},"excerpt":{"rendered":"<p>Emporio Armani <strong data-start=\"2984\" data-end=\"3030\">Stronger With You Powerfully Eau de Parfum<\/strong> est une fragrance masculine intense et magn\u00e9tique, con\u00e7ue pour exprimer la force, la d\u00e9termination et le charisme.<\/p>\n","protected":false},"featured_media":38878,"comment_status":"open","ping_status":"closed","template":"","meta":[],"pwb-brand":[256],"product_brand":[],"product_cat":[103,87,89],"product_tag":[252,1629,143,488,571,97],"class_list":{"0":"post-38890","1":"product","2":"type-product","3":"status-publish","4":"has-post-thumbnail","6":"pwb-brand-emporio-armani","7":"product_cat-nouveaute","8":"product_cat-parfums","9":"product_cat-pour-lui","10":"product_tag-eau-de-parfum-fr","11":"product_tag-mens-fragrances-fr","12":"product_tag-homme","13":"product_tag-nouveautes-fr","14":"product_tag-novita-per-lui-fr","15":"product_tag-parfums","17":"first","18":"outofstock","19":"sale","20":"taxable","21":"shipping-taxable","22":"purchasable","23":"product-type-variable","24":"has-default-attributes"},"brands":[{"id":256,"name":"Emporio Armani","slug":"emporio-armani"}],"_links":{"self":[{"href":"https:\/\/www.freeshopfrontiera.ch\/fr\/wp-json\/wp\/v2\/product\/38890","targetHints":{"allow":["GET"]}}],"collection":[{"href":"https:\/\/www.freeshopfrontiera.ch\/fr\/wp-json\/wp\/v2\/product"}],"about":[{"href":"https:\/\/www.freeshopfrontiera.ch\/fr\/wp-json\/wp\/v2\/types\/product"}],"replies":[{"embeddable":true,"href":"https:\/\/www.freeshopfrontiera.ch\/fr\/wp-json\/wp\/v2\/comments?post=38890"}],"version-history":[{"count":2,"href":"https:\/\/www.freeshopfrontiera.ch\/fr\/wp-json\/wp\/v2\/product\/38890\/revisions"}],"predecessor-version":[{"id":38900,"href":"https:\/\/www.freeshopfrontiera.ch\/fr\/wp-json\/wp\/v2\/product\/38890\/revisions\/38900"}],"wp:featuredmedia":[{"embeddable":true,"href":"https:\/\/www.freeshopfrontiera.ch\/fr\/wp-json\/wp\/v2\/media\/38878"}],"wp:attachment":[{"href":"https:\/\/www.freeshopfrontiera.ch\/fr\/wp-json\/wp\/v2\/media?parent=38890"}],"wp:term":[{"taxonomy":"pwb-brand","embeddable":true,"href":"https:\/\/www.freeshopfrontiera.ch\/fr\/wp-json\/wp\/v2\/pwb-brand?post=38890"},{"taxonomy":"product_brand","embeddable":true,"href":"https:\/\/www.freeshopfrontiera.ch\/fr\/wp-json\/wp\/v2\/product_brand?post=38890"},{"taxonomy":"product_cat","embeddable":true,"href":"https:\/\/www.freeshopfrontiera.ch\/fr\/wp-json\/wp\/v2\/product_cat?post=38890"},{"taxonomy":"product_tag","embeddable":true,"href":"https:\/\/www.freeshopfrontiera.ch\/fr\/wp-json\/wp\/v2\/product_tag?post=38890"}],"curies":[{"name":"wp","href":"https:\/\/api.w.org\/{rel}","templated":true}]}}