{"id":38922,"date":"2026-01-13T09:54:34","date_gmt":"2026-01-13T09:54:34","guid":{"rendered":"https:\/\/www.freeshopfrontiera.ch\/shop\/giorgio-armani-my-way-sunny-vanilla\/"},"modified":"2026-01-13T10:07:36","modified_gmt":"2026-01-13T10:07:36","slug":"giorgio-armani-my-way-sunny-vanilla","status":"publish","type":"product","link":"https:\/\/www.freeshopfrontiera.ch\/fr\/shop\/giorgio-armani-my-way-sunny-vanilla\/","title":{"rendered":"GIORGIO ARMANI My Way Sunny Vanilla"},"content":{"rendered":"<p data-start=\"2364\" data-end=\"2417\"><strong data-start=\"2364\" data-end=\"2417\">Giorgio Armani My Way Sunny Vanilla Eau de Parfum<\/strong><\/p>\n<p data-start=\"2419\" data-end=\"2827\">Giorgio Armani <strong data-start=\"2434\" data-end=\"2458\">My Way Sunny Vanilla<\/strong> est une fragrance f\u00e9minine <strong data-start=\"2486\" data-end=\"2505\">florale-fruit\u00e9e<\/strong> qui diffuse une luminosit\u00e9 solaire et une douceur enveloppante, parfaite pour celles qui aiment les parfums modernes, joyeux et f\u00e9minins. Cette nouvelle interpr\u00e9tation de la c\u00e9l\u00e8bre ligne <em data-start=\"2694\" data-end=\"2702\">My Way<\/em> combine la fra\u00eecheur tropicale avec des notes classiques et s\u00e9duisantes, cr\u00e9ant un profil olfactif lumineux et r\u00e9confortant.<\/p>\n<p data-start=\"2829\" data-end=\"3215\">La fragrance s\u2019ouvre sur des notes de t\u00eate fruit\u00e9es de <strong data-start=\"2884\" data-end=\"2907\">ananas et bergamote<\/strong>, apportant une fra\u00eecheur vibrante et solaire. Au c\u0153ur, <strong data-start=\"2963\" data-end=\"2986\">tub\u00e9reuse et jasmin<\/strong> se r\u00e9v\u00e8lent, des fleurs blanches intenses qui mettent en valeur la dimension florale du bouquet. Enfin, le parfum se pose sur une base chaleureuse de <strong data-start=\"3137\" data-end=\"3156\">vanille et musc<\/strong>, laissant un sillage doux, cr\u00e9meux et durable sur la peau.<\/p>\n<p data-start=\"3217\" data-end=\"3504\">Gr\u00e2ce \u00e0 l\u2019\u00e9quilibre entre notes fruit\u00e9es, florales et gourmandes, <em data-start=\"3283\" data-end=\"3305\">My Way Sunny Vanilla<\/em> est id\u00e9al comme parfum de tous les jours et accompagne avec \u00e9l\u00e9gance des moments lumineux et insouciants. Parfait \u00e9galement comme id\u00e9e cadeau pour celles qui aiment les parfums lumineux et vanill\u00e9s.<\/p>\n<p data-start=\"1346\" data-end=\"1531\">Follow us! \u00a0<a href=\"https:\/\/www.instagram.com\/freeshopswiss\/\" target=\"_blank\" rel=\"noopener\">@freeshopswiss<\/a><\/p>\n","protected":false},"excerpt":{"rendered":"<p>Giorgio Armani <strong data-start=\"2434\" data-end=\"2458\">My Way Sunny Vanilla<\/strong> est une fragrance f\u00e9minine <strong data-start=\"2486\" data-end=\"2505\">florale-fruit\u00e9e<\/strong> qui diffuse une luminosit\u00e9 solaire et une douceur enveloppante, parfaite pour celles qui aiment les parfums modernes, joyeux et f\u00e9minins.<\/p>\n","protected":false},"featured_media":38907,"comment_status":"open","ping_status":"closed","template":"","meta":[],"pwb-brand":[263],"product_brand":[],"product_cat":[103,87,109],"product_tag":[252,296,4348,789,488,490,559,97],"class_list":{"0":"post-38922","1":"product","2":"type-product","3":"status-publish","4":"has-post-thumbnail","6":"pwb-brand-giorgio-armani","7":"product_cat-nouveaute","8":"product_cat-parfums","9":"product_cat-pour-elle","10":"product_tag-eau-de-parfum-fr","11":"product_tag-femme","12":"product_tag-fete-des-femmes","13":"product_tag-womens-fragrances-fr","14":"product_tag-nouveautes-fr","15":"product_tag-nouveautes-parfums","16":"product_tag-nouveautes-femmes","17":"product_tag-parfums","19":"first","20":"instock","21":"sale","22":"taxable","23":"shipping-taxable","24":"purchasable","25":"product-type-variable","26":"has-default-attributes"},"brands":[{"id":263,"name":"Giorgio Armani","slug":"giorgio-armani"}],"_links":{"self":[{"href":"https:\/\/www.freeshopfrontiera.ch\/fr\/wp-json\/wp\/v2\/product\/38922","targetHints":{"allow":["GET"]}}],"collection":[{"href":"https:\/\/www.freeshopfrontiera.ch\/fr\/wp-json\/wp\/v2\/product"}],"about":[{"href":"https:\/\/www.freeshopfrontiera.ch\/fr\/wp-json\/wp\/v2\/types\/product"}],"replies":[{"embeddable":true,"href":"https:\/\/www.freeshopfrontiera.ch\/fr\/wp-json\/wp\/v2\/comments?post=38922"}],"version-history":[{"count":2,"href":"https:\/\/www.freeshopfrontiera.ch\/fr\/wp-json\/wp\/v2\/product\/38922\/revisions"}],"predecessor-version":[{"id":38933,"href":"https:\/\/www.freeshopfrontiera.ch\/fr\/wp-json\/wp\/v2\/product\/38922\/revisions\/38933"}],"wp:featuredmedia":[{"embeddable":true,"href":"https:\/\/www.freeshopfrontiera.ch\/fr\/wp-json\/wp\/v2\/media\/38907"}],"wp:attachment":[{"href":"https:\/\/www.freeshopfrontiera.ch\/fr\/wp-json\/wp\/v2\/media?parent=38922"}],"wp:term":[{"taxonomy":"pwb-brand","embeddable":true,"href":"https:\/\/www.freeshopfrontiera.ch\/fr\/wp-json\/wp\/v2\/pwb-brand?post=38922"},{"taxonomy":"product_brand","embeddable":true,"href":"https:\/\/www.freeshopfrontiera.ch\/fr\/wp-json\/wp\/v2\/product_brand?post=38922"},{"taxonomy":"product_cat","embeddable":true,"href":"https:\/\/www.freeshopfrontiera.ch\/fr\/wp-json\/wp\/v2\/product_cat?post=38922"},{"taxonomy":"product_tag","embeddable":true,"href":"https:\/\/www.freeshopfrontiera.ch\/fr\/wp-json\/wp\/v2\/product_tag?post=38922"}],"curies":[{"name":"wp","href":"https:\/\/api.w.org\/{rel}","templated":true}]}}