{"id":38993,"date":"2026-01-16T09:02:22","date_gmt":"2026-01-16T09:02:22","guid":{"rendered":"https:\/\/www.freeshopfrontiera.ch\/shop\/yves-saint-laurent-libre-berry-crush\/"},"modified":"2026-01-16T09:14:48","modified_gmt":"2026-01-16T09:14:48","slug":"yves-saint-laurent-libre-berry-crush","status":"publish","type":"product","link":"https:\/\/www.freeshopfrontiera.ch\/fr\/shop\/yves-saint-laurent-libre-berry-crush\/","title":{"rendered":"YVES SAINT LAURENT Libre Berry Crush"},"content":{"rendered":"<p data-start=\"2966\" data-end=\"3344\"><strong data-start=\"2966\" data-end=\"3020\">Yves Saint Laurent Libre Berry Crush Eau de Parfum<\/strong> est une fragrance audacieuse et sensuelle qui c\u00e9l\u00e8bre la libert\u00e9 d\u2019\u00eatre soi-m\u00eame avec une touche irr\u00e9sistiblement gourmande. Cette \u00e9dition sp\u00e9ciale de la ligne iconique <strong data-start=\"3190\" data-end=\"3199\">Libre<\/strong> r\u00e9interpr\u00e8te la signature olfactive YSL avec une note fruit\u00e9e intense et moderne, pens\u00e9e pour une femme s\u00fbre d\u2019elle, ind\u00e9pendante et magn\u00e9tique.<\/p>\n<p data-start=\"3346\" data-end=\"3824\">L\u2019ouverture s\u2019illumine d\u2019un accord juteux de <strong data-start=\"3391\" data-end=\"3408\">fruits rouges<\/strong>, vibrant et enveloppant, apportant une douceur sophistiqu\u00e9e et s\u00e9duisante. En c\u0153ur, la mythique <strong data-start=\"3505\" data-end=\"3526\">lavande fran\u00e7aise<\/strong>, embl\u00e8me de la collection Libre, se m\u00eale harmonieusement \u00e0 la <strong data-start=\"3589\" data-end=\"3608\">fleur d\u2019oranger<\/strong>, cr\u00e9ant un contraste \u00e9l\u00e9gant entre fra\u00eecheur aromatique et f\u00e9minit\u00e9 solaire. Le fond chaud et sensuel de <strong data-start=\"3714\" data-end=\"3733\">vanille bourbon<\/strong> et de <strong data-start=\"3740\" data-end=\"3748\">musc<\/strong> enveloppe la peau d\u2019un sillage persistant, intense et profond\u00e9ment f\u00e9minin.<\/p>\n<p data-start=\"3826\" data-end=\"4108\"><strong data-start=\"3826\" data-end=\"3847\">Libre Berry Crush<\/strong> est le parfum id\u00e9al pour celles qui aiment se distinguer, parfait aussi bien de jour que de nuit. Son caract\u00e8re fruit\u00e9 et floral le rend particuli\u00e8rement adapt\u00e9 aux saisons plus fra\u00eeches, tout en restant irr\u00e9sistiblement s\u00e9duisant lors des occasions sp\u00e9ciales.<\/p>\n<p data-start=\"4110\" data-end=\"4252\">Le flacon iconique Yves Saint Laurent, sublim\u00e9 par des reflets rouge-violac\u00e9, exprime toute la passion et l\u2019\u00e9nergie de cette fragrance unique.<\/p>\n<p data-start=\"4254\" data-end=\"4361\"><strong data-start=\"4254\" data-end=\"4293\">YSL Libre Berry Crush Eau de Parfum<\/strong> : une expression de libert\u00e9, de d\u00e9sir et de f\u00e9minit\u00e9 contemporaine.<\/p>\n<p data-start=\"1384\" data-end=\"1490\">Follow us! <a href=\"https:\/\/www.instagram.com\/freeshopswiss\/\" target=\"_blank\" rel=\"noopener\">@freeshopswiss<\/a><\/p>\n","protected":false},"excerpt":{"rendered":"<p><strong data-start=\"2966\" data-end=\"3020\">Yves Saint Laurent Libre Berry Crush Eau de Parfum<\/strong> est une fragrance audacieuse et sensuelle qui c\u00e9l\u00e8bre la libert\u00e9 d\u2019\u00eatre soi-m\u00eame avec une touche irr\u00e9sistiblement gourmande.<\/p>\n","protected":false},"featured_media":39758,"comment_status":"open","ping_status":"closed","template":"","meta":[],"pwb-brand":[268],"product_brand":[],"product_cat":[87,109],"product_tag":[252,296,4348,789,488,490,559,97,4367],"class_list":{"0":"post-38993","1":"product","2":"type-product","3":"status-publish","4":"has-post-thumbnail","6":"pwb-brand-yves-saint-laurent","7":"product_cat-parfums","8":"product_cat-pour-elle","9":"product_tag-eau-de-parfum-fr","10":"product_tag-femme","11":"product_tag-fete-des-femmes","12":"product_tag-womens-fragrances-fr","13":"product_tag-nouveautes-fr","14":"product_tag-nouveautes-parfums","15":"product_tag-nouveautes-femmes","16":"product_tag-parfums","17":"product_tag-special-printemps","19":"first","20":"instock","21":"sale","22":"taxable","23":"shipping-taxable","24":"purchasable","25":"product-type-variable","26":"has-default-attributes"},"brands":[{"id":268,"name":"Yves Saint Laurent","slug":"yves-saint-laurent"}],"_links":{"self":[{"href":"https:\/\/www.freeshopfrontiera.ch\/fr\/wp-json\/wp\/v2\/product\/38993","targetHints":{"allow":["GET"]}}],"collection":[{"href":"https:\/\/www.freeshopfrontiera.ch\/fr\/wp-json\/wp\/v2\/product"}],"about":[{"href":"https:\/\/www.freeshopfrontiera.ch\/fr\/wp-json\/wp\/v2\/types\/product"}],"replies":[{"embeddable":true,"href":"https:\/\/www.freeshopfrontiera.ch\/fr\/wp-json\/wp\/v2\/comments?post=38993"}],"version-history":[{"count":1,"href":"https:\/\/www.freeshopfrontiera.ch\/fr\/wp-json\/wp\/v2\/product\/38993\/revisions"}],"predecessor-version":[{"id":39003,"href":"https:\/\/www.freeshopfrontiera.ch\/fr\/wp-json\/wp\/v2\/product\/38993\/revisions\/39003"}],"wp:featuredmedia":[{"embeddable":true,"href":"https:\/\/www.freeshopfrontiera.ch\/fr\/wp-json\/wp\/v2\/media\/39758"}],"wp:attachment":[{"href":"https:\/\/www.freeshopfrontiera.ch\/fr\/wp-json\/wp\/v2\/media?parent=38993"}],"wp:term":[{"taxonomy":"pwb-brand","embeddable":true,"href":"https:\/\/www.freeshopfrontiera.ch\/fr\/wp-json\/wp\/v2\/pwb-brand?post=38993"},{"taxonomy":"product_brand","embeddable":true,"href":"https:\/\/www.freeshopfrontiera.ch\/fr\/wp-json\/wp\/v2\/product_brand?post=38993"},{"taxonomy":"product_cat","embeddable":true,"href":"https:\/\/www.freeshopfrontiera.ch\/fr\/wp-json\/wp\/v2\/product_cat?post=38993"},{"taxonomy":"product_tag","embeddable":true,"href":"https:\/\/www.freeshopfrontiera.ch\/fr\/wp-json\/wp\/v2\/product_tag?post=38993"}],"curies":[{"name":"wp","href":"https:\/\/api.w.org\/{rel}","templated":true}]}}