{"id":39035,"date":"2026-01-03T10:56:37","date_gmt":"2026-01-03T10:56:37","guid":{"rendered":"https:\/\/www.freeshopfrontiera.ch\/shop\/giorgio-armani-set-si-eau-de-parfum-intense\/"},"modified":"2026-01-19T10:59:27","modified_gmt":"2026-01-19T10:59:27","slug":"giorgio-armani-set-si-eau-de-parfum-intense","status":"publish","type":"product","link":"https:\/\/www.freeshopfrontiera.ch\/fr\/shop\/giorgio-armani-set-si-eau-de-parfum-intense\/","title":{"rendered":"GIORGIO ARMANI SET Si\u00b4 Eau de Parfum Intense"},"content":{"rendered":"<p data-start=\"2758\" data-end=\"3068\"><strong data-start=\"2758\" data-end=\"2805\">GIORGIO ARMANI S\u00ec Eau de Parfum Intense Set<\/strong> est un coffret f\u00e9minin raffin\u00e9 qui c\u00e9l\u00e8bre la sensualit\u00e9 moderne et l\u2019\u00e9l\u00e9gance intemporelle de la femme Armani. Une id\u00e9e cadeau parfaite ou un rituel de beaut\u00e9 complet, con\u00e7u pour celles qui aiment se parfumer chaque jour d\u2019une fragrance intense et sophistiqu\u00e9e.<\/p>\n<p data-start=\"3070\" data-end=\"3506\">Le coffret contient <strong data-start=\"3090\" data-end=\"3137\">S\u00ec Eau de Parfum Intense Vaporisateur 50 ml<\/strong>, accompagn\u00e9 d\u2019un <strong data-start=\"3155\" data-end=\"3175\">Gel Douche 50 ml<\/strong> et d\u2019une <strong data-start=\"3185\" data-end=\"3215\">Lotion pour le Corps 50 ml<\/strong>, id\u00e9als pour intensifier et prolonger le sillage du parfum sur la peau. La fragrance s\u2019ouvre sur des notes lumineuses et fruit\u00e9es, \u00e9voluant vers un c\u0153ur sensuel et enveloppant. Le fond est chaud et profond, marqu\u00e9 par des accords ambr\u00e9s et vanill\u00e9s qui expriment f\u00e9minit\u00e9, force et passion.<\/p>\n<p data-start=\"3508\" data-end=\"3840\">Le rituel parfum\u00e9 commence sous la douche avec le gel douche, se poursuit avec la lotion corps velout\u00e9e et se termine par l\u2019Eau de Parfum Intense, pour un r\u00e9sultat harmonieux et longue dur\u00e9e. <strong data-start=\"3700\" data-end=\"3729\">Giorgio Armani S\u00ec Intense<\/strong> s\u2019adresse \u00e0 une femme s\u00fbre d\u2019elle, \u00e9l\u00e9gante et d\u00e9termin\u00e9e, qui dit \u00ab oui \u00bb \u00e0 la vie, \u00e0 l\u2019amour et \u00e0 elle-m\u00eame.<\/p>\n<p data-start=\"3842\" data-end=\"4086\">Soigneusement con\u00e7u dans les moindres d\u00e9tails, ce coffret est parfait pour toutes les occasions sp\u00e9ciales. Achetez d\u00e8s maintenant le <strong data-start=\"3975\" data-end=\"4012\">Giorgio Armani S\u00ec EDP Intense Set<\/strong> et laissez-vous s\u00e9duire par une exp\u00e9rience olfactive intense et f\u00e9minine.<\/p>\n<p data-start=\"1197\" data-end=\"1412\">Follow us! <a href=\"https:\/\/www.instagram.com\/freeshopswiss\/\" target=\"_blank\" rel=\"noopener\">@freeshopswiss<\/a><\/p>\n","protected":false},"excerpt":{"rendered":"<p><strong data-start=\"2758\" data-end=\"2805\">GIORGIO ARMANI S\u00ec Eau de Parfum Intense Set<\/strong> est un coffret f\u00e9minin raffin\u00e9 qui c\u00e9l\u00e8bre la sensualit\u00e9 moderne et l\u2019\u00e9l\u00e9gance intemporelle de la femme Armani.<\/p>\n","protected":false},"featured_media":39031,"comment_status":"open","ping_status":"closed","template":"","meta":[],"pwb-brand":[263],"product_brand":[],"product_cat":[96,103,87,109,484,4192],"product_tag":[280,459,461,252,296,488,490,559,97],"class_list":{"0":"post-39035","1":"product","2":"type-product","3":"status-publish","4":"has-post-thumbnail","6":"pwb-brand-giorgio-armani","7":"product_cat-evidence","8":"product_cat-nouveaute","9":"product_cat-parfums","10":"product_cat-pour-elle","11":"product_cat-coffret","12":"product_cat-offers-coffret","13":"product_tag-bestseller-fr","14":"product_tag-coffret","15":"product_tag-coffrets-femme","16":"product_tag-eau-de-parfum-fr","17":"product_tag-femme","18":"product_tag-nouveautes-fr","19":"product_tag-nouveautes-parfums","20":"product_tag-nouveautes-femmes","21":"product_tag-parfums","23":"first","24":"instock","25":"sale","26":"taxable","27":"shipping-taxable","28":"purchasable","29":"product-type-simple"},"brands":[{"id":263,"name":"Giorgio Armani","slug":"giorgio-armani"}],"_links":{"self":[{"href":"https:\/\/www.freeshopfrontiera.ch\/fr\/wp-json\/wp\/v2\/product\/39035","targetHints":{"allow":["GET"]}}],"collection":[{"href":"https:\/\/www.freeshopfrontiera.ch\/fr\/wp-json\/wp\/v2\/product"}],"about":[{"href":"https:\/\/www.freeshopfrontiera.ch\/fr\/wp-json\/wp\/v2\/types\/product"}],"replies":[{"embeddable":true,"href":"https:\/\/www.freeshopfrontiera.ch\/fr\/wp-json\/wp\/v2\/comments?post=39035"}],"version-history":[{"count":1,"href":"https:\/\/www.freeshopfrontiera.ch\/fr\/wp-json\/wp\/v2\/product\/39035\/revisions"}],"predecessor-version":[{"id":39039,"href":"https:\/\/www.freeshopfrontiera.ch\/fr\/wp-json\/wp\/v2\/product\/39035\/revisions\/39039"}],"wp:featuredmedia":[{"embeddable":true,"href":"https:\/\/www.freeshopfrontiera.ch\/fr\/wp-json\/wp\/v2\/media\/39031"}],"wp:attachment":[{"href":"https:\/\/www.freeshopfrontiera.ch\/fr\/wp-json\/wp\/v2\/media?parent=39035"}],"wp:term":[{"taxonomy":"pwb-brand","embeddable":true,"href":"https:\/\/www.freeshopfrontiera.ch\/fr\/wp-json\/wp\/v2\/pwb-brand?post=39035"},{"taxonomy":"product_brand","embeddable":true,"href":"https:\/\/www.freeshopfrontiera.ch\/fr\/wp-json\/wp\/v2\/product_brand?post=39035"},{"taxonomy":"product_cat","embeddable":true,"href":"https:\/\/www.freeshopfrontiera.ch\/fr\/wp-json\/wp\/v2\/product_cat?post=39035"},{"taxonomy":"product_tag","embeddable":true,"href":"https:\/\/www.freeshopfrontiera.ch\/fr\/wp-json\/wp\/v2\/product_tag?post=39035"}],"curies":[{"name":"wp","href":"https:\/\/api.w.org\/{rel}","templated":true}]}}