{"id":39074,"date":"2026-01-20T10:00:14","date_gmt":"2026-01-20T10:00:14","guid":{"rendered":"https:\/\/www.freeshopfrontiera.ch\/shop\/narciso-rodriguez-for-him-musc-santal\/"},"modified":"2026-01-20T10:10:28","modified_gmt":"2026-01-20T10:10:28","slug":"narciso-rodriguez-for-him-musc-santal","status":"publish","type":"product","link":"https:\/\/www.freeshopfrontiera.ch\/fr\/shop\/narciso-rodriguez-for-him-musc-santal\/","title":{"rendered":"NARCISO RODRIGUEZ For Him Musc Santal"},"content":{"rendered":"<p data-start=\"1927\" data-end=\"1982\"><strong data-start=\"1927\" data-end=\"1982\">Narciso Rodriguez For Him Musc Santal Eau de Parfum<\/strong><\/p>\n<p data-start=\"1984\" data-end=\"2268\">Narciso Rodriguez For Him Musc Santal est un parfum masculin intense et sophistiqu\u00e9, destin\u00e9 \u00e0 l\u2019homme qui appr\u00e9cie un style \u00e9l\u00e9gant, sensuel et contemporain. Cet Eau de Parfum exprime une masculinit\u00e9 raffin\u00e9e \u00e0 travers un \u00e9quilibre parfait entre chaleur bois\u00e9e et profondeur musqu\u00e9e.<\/p>\n<p data-start=\"2270\" data-end=\"2590\">Au c\u0153ur de la composition se d\u00e9voile le musc embl\u00e9matique, signature iconique de la maison Narciso Rodriguez, envelopp\u00e9 de bois de santal cr\u00e9meux qui apporte rondeur, chaleur et un sillage enveloppant. Des notes \u00e9pic\u00e9es et ambr\u00e9es viennent enrichir la fragrance, lui conf\u00e9rant un caract\u00e8re magn\u00e9tique, intime et durable.<\/p>\n<p data-start=\"2592\" data-end=\"2781\">Id\u00e9al pour les saisons froides et les occasions en soir\u00e9e, For Him Musc Santal est un parfum \u00e9l\u00e9gant et affirm\u00e9, parfait pour ceux qui souhaitent se distinguer avec discr\u00e9tion et caract\u00e8re.<\/p>\n<p data-start=\"866\" data-end=\"1054\">Follow us! <a href=\"https:\/\/www.instagram.com\/freeshopswiss\/\" target=\"_blank\" rel=\"noopener\">@freeshopswiss<\/a><\/p>\n","protected":false},"excerpt":{"rendered":"<p>Narciso Rodriguez For Him Musc Santal est un parfum masculin intense et sophistiqu\u00e9, destin\u00e9 \u00e0 l\u2019homme qui appr\u00e9cie un style \u00e9l\u00e9gant, sensuel et contemporain.<\/p>\n","protected":false},"featured_media":39058,"comment_status":"open","ping_status":"closed","template":"","meta":[],"pwb-brand":[284],"product_brand":[],"product_cat":[103,87,109],"product_tag":[280,252,296,789,488,490,571,97],"class_list":{"0":"post-39074","1":"product","2":"type-product","3":"status-publish","4":"has-post-thumbnail","6":"pwb-brand-narciso-rodriguez","7":"product_cat-nouveaute","8":"product_cat-parfums","9":"product_cat-pour-elle","10":"product_tag-bestseller-fr","11":"product_tag-eau-de-parfum-fr","12":"product_tag-femme","13":"product_tag-womens-fragrances-fr","14":"product_tag-nouveautes-fr","15":"product_tag-nouveautes-parfums","16":"product_tag-novita-per-lui-fr","17":"product_tag-parfums","19":"first","20":"instock","21":"sale","22":"taxable","23":"shipping-taxable","24":"purchasable","25":"product-type-variable","26":"has-default-attributes"},"brands":[{"id":284,"name":"Narciso Rodriguez","slug":"narciso-rodriguez"}],"_links":{"self":[{"href":"https:\/\/www.freeshopfrontiera.ch\/fr\/wp-json\/wp\/v2\/product\/39074","targetHints":{"allow":["GET"]}}],"collection":[{"href":"https:\/\/www.freeshopfrontiera.ch\/fr\/wp-json\/wp\/v2\/product"}],"about":[{"href":"https:\/\/www.freeshopfrontiera.ch\/fr\/wp-json\/wp\/v2\/types\/product"}],"replies":[{"embeddable":true,"href":"https:\/\/www.freeshopfrontiera.ch\/fr\/wp-json\/wp\/v2\/comments?post=39074"}],"version-history":[{"count":1,"href":"https:\/\/www.freeshopfrontiera.ch\/fr\/wp-json\/wp\/v2\/product\/39074\/revisions"}],"predecessor-version":[{"id":39082,"href":"https:\/\/www.freeshopfrontiera.ch\/fr\/wp-json\/wp\/v2\/product\/39074\/revisions\/39082"}],"wp:featuredmedia":[{"embeddable":true,"href":"https:\/\/www.freeshopfrontiera.ch\/fr\/wp-json\/wp\/v2\/media\/39058"}],"wp:attachment":[{"href":"https:\/\/www.freeshopfrontiera.ch\/fr\/wp-json\/wp\/v2\/media?parent=39074"}],"wp:term":[{"taxonomy":"pwb-brand","embeddable":true,"href":"https:\/\/www.freeshopfrontiera.ch\/fr\/wp-json\/wp\/v2\/pwb-brand?post=39074"},{"taxonomy":"product_brand","embeddable":true,"href":"https:\/\/www.freeshopfrontiera.ch\/fr\/wp-json\/wp\/v2\/product_brand?post=39074"},{"taxonomy":"product_cat","embeddable":true,"href":"https:\/\/www.freeshopfrontiera.ch\/fr\/wp-json\/wp\/v2\/product_cat?post=39074"},{"taxonomy":"product_tag","embeddable":true,"href":"https:\/\/www.freeshopfrontiera.ch\/fr\/wp-json\/wp\/v2\/product_tag?post=39074"}],"curies":[{"name":"wp","href":"https:\/\/api.w.org\/{rel}","templated":true}]}}