{"id":39109,"date":"2026-01-20T10:24:24","date_gmt":"2026-01-20T10:24:24","guid":{"rendered":"https:\/\/www.freeshopfrontiera.ch\/shop\/narciso-rodriguez-for-her-musc-blanc-eau-de-parfum-intense\/"},"modified":"2026-01-20T10:28:08","modified_gmt":"2026-01-20T10:28:08","slug":"narciso-rodriguez-for-her-musc-blanc-eau-de-parfum-intense","status":"publish","type":"product","link":"https:\/\/www.freeshopfrontiera.ch\/fr\/shop\/narciso-rodriguez-for-her-musc-blanc-eau-de-parfum-intense\/","title":{"rendered":"NARCISO RODRIGUEZ For Her Musc Blanc Eau de Parfum Intense"},"content":{"rendered":"<p data-start=\"2759\" data-end=\"3156\"><strong data-start=\"2759\" data-end=\"2821\">Narciso Rodriguez For Her Musc Blanc Eau de Parfum Intense<\/strong> est un parfum f\u00e9minin moderne, lumineux et sophistiqu\u00e9, destin\u00e9 \u00e0 celles qui appr\u00e9cient une fragrance \u00e9l\u00e9gante, propre et \u00e0 la fois sensuelle. Issu de la ligne embl\u00e9matique <em data-start=\"2995\" data-end=\"3004\">For Her<\/em> de Narciso Rodriguez, cette version intense met en valeur le caract\u00e8re distinctif du musc blanc, r\u00e9interpr\u00e9t\u00e9 de mani\u00e8re plus radieuse et enveloppante.<\/p>\n<p data-start=\"3158\" data-end=\"3542\">La composition s\u2019ouvre sur un accord de notes fra\u00eeches et propres, sublim\u00e9es par des ald\u00e9hydes \u00e9clatants, une bergamote lumineuse et une d\u00e9licate touche de jasmin, cr\u00e9ant une sensation de puret\u00e9 raffin\u00e9e et a\u00e9rienne. Au c\u0153ur, le musc iconique Narciso s\u2019entrelace avec de doux fleurs blanches, \u00e9voquant l\u2019impression de linge fra\u00eechement lav\u00e9, chaud sur la peau et intimement s\u00e9duisant.<\/p>\n<p data-start=\"3544\" data-end=\"3855\">En fond, le bois de c\u00e8dre, l\u2019ambre et la vanille apportent profondeur et chaleur, \u00e9quilibrant la luminosit\u00e9 initiale par un sillage riche et durable qui enveloppe les sens. Ce parfum est le choix id\u00e9al pour celles qui recherchent une fragrance quotidienne polyvalente, adapt\u00e9e aussi bien au jour qu\u2019\u00e0 la soir\u00e9e.<\/p>\n<p data-start=\"3857\" data-end=\"4054\">Parfait pour les amateurs de parfums musqu\u00e9s, d\u00e9licats mais intenses, <em data-start=\"3927\" data-end=\"3969\">For Her Musc Blanc Eau de Parfum Intense<\/em> c\u00e9l\u00e8bre la f\u00e9minit\u00e9 moderne avec une touche de lumi\u00e8re, de chaleur et de sensualit\u00e9.<\/p>\n<p>Follow us! <a href=\"https:\/\/www.instagram.com\/freeshopswiss\/\" target=\"_blank\" rel=\"noopener\">@freeshopswiss<\/a><\/p>\n","protected":false},"excerpt":{"rendered":"<p><strong data-start=\"2759\" data-end=\"2821\">Narciso Rodriguez For Her Musc Blanc Eau de Parfum Intense<\/strong> est un parfum f\u00e9minin moderne, lumineux et sophistiqu\u00e9, destin\u00e9 \u00e0 celles qui appr\u00e9cient une fragrance \u00e9l\u00e9gante, propre et \u00e0 la fois sensuelle.<\/p>\n","protected":false},"featured_media":39087,"comment_status":"open","ping_status":"closed","template":"","meta":[],"pwb-brand":[284],"product_brand":[],"product_cat":[96,103,87,109],"product_tag":[252,296,4348,789,488,490,559,97,4367],"class_list":{"0":"post-39109","1":"product","2":"type-product","3":"status-publish","4":"has-post-thumbnail","6":"pwb-brand-narciso-rodriguez","7":"product_cat-evidence","8":"product_cat-nouveaute","9":"product_cat-parfums","10":"product_cat-pour-elle","11":"product_tag-eau-de-parfum-fr","12":"product_tag-femme","13":"product_tag-fete-des-femmes","14":"product_tag-womens-fragrances-fr","15":"product_tag-nouveautes-fr","16":"product_tag-nouveautes-parfums","17":"product_tag-nouveautes-femmes","18":"product_tag-parfums","19":"product_tag-special-printemps","21":"first","22":"instock","23":"sale","24":"taxable","25":"shipping-taxable","26":"purchasable","27":"product-type-variable","28":"has-default-attributes"},"brands":[{"id":284,"name":"Narciso Rodriguez","slug":"narciso-rodriguez"}],"_links":{"self":[{"href":"https:\/\/www.freeshopfrontiera.ch\/fr\/wp-json\/wp\/v2\/product\/39109","targetHints":{"allow":["GET"]}}],"collection":[{"href":"https:\/\/www.freeshopfrontiera.ch\/fr\/wp-json\/wp\/v2\/product"}],"about":[{"href":"https:\/\/www.freeshopfrontiera.ch\/fr\/wp-json\/wp\/v2\/types\/product"}],"replies":[{"embeddable":true,"href":"https:\/\/www.freeshopfrontiera.ch\/fr\/wp-json\/wp\/v2\/comments?post=39109"}],"version-history":[{"count":1,"href":"https:\/\/www.freeshopfrontiera.ch\/fr\/wp-json\/wp\/v2\/product\/39109\/revisions"}],"predecessor-version":[{"id":39119,"href":"https:\/\/www.freeshopfrontiera.ch\/fr\/wp-json\/wp\/v2\/product\/39109\/revisions\/39119"}],"wp:featuredmedia":[{"embeddable":true,"href":"https:\/\/www.freeshopfrontiera.ch\/fr\/wp-json\/wp\/v2\/media\/39087"}],"wp:attachment":[{"href":"https:\/\/www.freeshopfrontiera.ch\/fr\/wp-json\/wp\/v2\/media?parent=39109"}],"wp:term":[{"taxonomy":"pwb-brand","embeddable":true,"href":"https:\/\/www.freeshopfrontiera.ch\/fr\/wp-json\/wp\/v2\/pwb-brand?post=39109"},{"taxonomy":"product_brand","embeddable":true,"href":"https:\/\/www.freeshopfrontiera.ch\/fr\/wp-json\/wp\/v2\/product_brand?post=39109"},{"taxonomy":"product_cat","embeddable":true,"href":"https:\/\/www.freeshopfrontiera.ch\/fr\/wp-json\/wp\/v2\/product_cat?post=39109"},{"taxonomy":"product_tag","embeddable":true,"href":"https:\/\/www.freeshopfrontiera.ch\/fr\/wp-json\/wp\/v2\/product_tag?post=39109"}],"curies":[{"name":"wp","href":"https:\/\/api.w.org\/{rel}","templated":true}]}}