{"id":39205,"date":"2025-01-23T10:30:01","date_gmt":"2025-01-23T10:30:01","guid":{"rendered":"https:\/\/www.freeshopfrontiera.ch\/shop\/arencia-pore-melt-mochi-cleansing-oil-200ml\/"},"modified":"2026-01-23T10:51:01","modified_gmt":"2026-01-23T10:51:01","slug":"arencia-pore-melt-mochi-cleansing-oil-200ml","status":"publish","type":"product","link":"https:\/\/www.freeshopfrontiera.ch\/fr\/shop\/arencia-pore-melt-mochi-cleansing-oil-200ml\/","title":{"rendered":"ARENCIA Pore Melt Mochi Cleansing Oil 200ml"},"content":{"rendered":"<p data-start=\"1317\" data-end=\"1758\">Le <strong data-start=\"1320\" data-end=\"1367\">ARENCIA Pore Melt Mochi Cleansing Oil 200ml<\/strong> est une huile nettoyante innovante con\u00e7ue pour \u00e9liminer efficacement le <strong data-start=\"1440\" data-end=\"1512\">maquillage, la protection solaire, l\u2019exc\u00e8s de s\u00e9bum et les impuret\u00e9s<\/strong>, sans perturber l\u2019\u00e9quilibre naturel de la peau. Sa texture exclusive <strong data-start=\"1582\" data-end=\"1595\">\u00ab mochi \u00bb<\/strong>, douce et soyeuse, fond sur la peau et se transforme en une d\u00e9licate \u00e9mulsion lact\u00e9e au contact de l\u2019eau, garantissant un nettoyage en profondeur tout en douceur.<\/p>\n<p data-start=\"1760\" data-end=\"2163\">Sa formule est enrichie en <strong data-start=\"1787\" data-end=\"1832\">acides amin\u00e9s de riz et en extrait de riz<\/strong>, reconnus pour leurs propri\u00e9t\u00e9s hydratantes et lissantes, qui aident \u00e0 maintenir la peau douce et souple. La <strong data-start=\"1942\" data-end=\"1956\">vitamine E<\/strong> offre une action antioxydante, tandis que la <strong data-start=\"2002\" data-end=\"2041\">Centella Asiatica et la C\u00e9ramide NP<\/strong> contribuent \u00e0 apaiser la peau et \u00e0 renforcer la barri\u00e8re cutan\u00e9e, rendant ce produit adapt\u00e9 m\u00eame aux <strong data-start=\"2143\" data-end=\"2162\">peaux sensibles<\/strong>.<\/p>\n<p data-start=\"2165\" data-end=\"2510\">Un complexe botanique associant <strong data-start=\"2197\" data-end=\"2242\">th\u00e9 vert, tea tree, armoise et Houttuynia<\/strong> aide \u00e0 purifier les pores, r\u00e9duire les impuret\u00e9s et am\u00e9liorer l\u2019\u00e9clat du teint. Id\u00e9ale comme <strong data-start=\"2336\" data-end=\"2374\">premi\u00e8re \u00e9tape du double nettoyage<\/strong>, cette huile laisse la peau propre, fra\u00eeche, nourrie et sans r\u00e9sidu gras, pour un confort quotidien et une peau visiblement plus saine.<\/p>\n<p data-start=\"961\" data-end=\"1314\">Follow us! <a href=\"https:\/\/www.instagram.com\/freeshopswiss\/\" target=\"_blank\" rel=\"noopener\">@freeshopswiss<\/a><\/p>\n","protected":false},"excerpt":{"rendered":"<p>Le <strong data-start=\"1320\" data-end=\"1367\">ARENCIA Pore Melt Mochi Cleansing Oil 200ml<\/strong> est une huile nettoyante innovante con\u00e7ue pour \u00e9liminer efficacement le <strong data-start=\"1440\" data-end=\"1512\">maquillage, la protection solaire, l\u2019exc\u00e8s de s\u00e9bum et les impuret\u00e9s<\/strong>, sans perturber l\u2019\u00e9quilibre naturel de la peau.<\/p>\n","protected":false},"featured_media":39201,"comment_status":"open","ping_status":"closed","template":"","meta":[],"pwb-brand":[4053],"product_brand":[],"product_cat":[109,295,3768,545],"product_tag":[296,3611,559,417,301],"class_list":{"0":"post-39205","1":"product","2":"type-product","3":"status-publish","4":"has-post-thumbnail","6":"pwb-brand-arencia","7":"product_cat-pour-elle","8":"product_cat-traitements","9":"product_cat-k-beauty-fr","10":"product_cat-soin-du-visage","11":"product_tag-femme","12":"product_tag-k-beauty-fr","13":"product_tag-nouveautes-femmes","14":"product_tag-soins-fr","15":"product_tag-soins-du-visage","17":"first","18":"instock","19":"sale","20":"taxable","21":"shipping-taxable","22":"purchasable","23":"product-type-simple"},"brands":[{"id":4053,"name":"Arencia","slug":"arencia"}],"_links":{"self":[{"href":"https:\/\/www.freeshopfrontiera.ch\/fr\/wp-json\/wp\/v2\/product\/39205","targetHints":{"allow":["GET"]}}],"collection":[{"href":"https:\/\/www.freeshopfrontiera.ch\/fr\/wp-json\/wp\/v2\/product"}],"about":[{"href":"https:\/\/www.freeshopfrontiera.ch\/fr\/wp-json\/wp\/v2\/types\/product"}],"replies":[{"embeddable":true,"href":"https:\/\/www.freeshopfrontiera.ch\/fr\/wp-json\/wp\/v2\/comments?post=39205"}],"version-history":[{"count":2,"href":"https:\/\/www.freeshopfrontiera.ch\/fr\/wp-json\/wp\/v2\/product\/39205\/revisions"}],"predecessor-version":[{"id":39210,"href":"https:\/\/www.freeshopfrontiera.ch\/fr\/wp-json\/wp\/v2\/product\/39205\/revisions\/39210"}],"wp:featuredmedia":[{"embeddable":true,"href":"https:\/\/www.freeshopfrontiera.ch\/fr\/wp-json\/wp\/v2\/media\/39201"}],"wp:attachment":[{"href":"https:\/\/www.freeshopfrontiera.ch\/fr\/wp-json\/wp\/v2\/media?parent=39205"}],"wp:term":[{"taxonomy":"pwb-brand","embeddable":true,"href":"https:\/\/www.freeshopfrontiera.ch\/fr\/wp-json\/wp\/v2\/pwb-brand?post=39205"},{"taxonomy":"product_brand","embeddable":true,"href":"https:\/\/www.freeshopfrontiera.ch\/fr\/wp-json\/wp\/v2\/product_brand?post=39205"},{"taxonomy":"product_cat","embeddable":true,"href":"https:\/\/www.freeshopfrontiera.ch\/fr\/wp-json\/wp\/v2\/product_cat?post=39205"},{"taxonomy":"product_tag","embeddable":true,"href":"https:\/\/www.freeshopfrontiera.ch\/fr\/wp-json\/wp\/v2\/product_tag?post=39205"}],"curies":[{"name":"wp","href":"https:\/\/api.w.org\/{rel}","templated":true}]}}