{"id":39283,"date":"2025-01-26T11:34:09","date_gmt":"2025-01-26T11:34:09","guid":{"rendered":"https:\/\/www.freeshopfrontiera.ch\/shop\/hugo-boss-set-alive\/"},"modified":"2026-01-26T11:41:07","modified_gmt":"2026-01-26T11:41:07","slug":"hugo-boss-set-alive","status":"publish","type":"product","link":"https:\/\/www.freeshopfrontiera.ch\/fr\/shop\/hugo-boss-set-alive\/","title":{"rendered":"HUGO BOSS SET Alive"},"content":{"rendered":"<p data-start=\"1374\" data-end=\"1439\"><strong data-start=\"1374\" data-end=\"1437\">HUGO BOSS ALIVE Eau de Parfum Set 30\u202fml + Body Lotion 50\u202fml<\/strong><\/p>\n<p data-start=\"1441\" data-end=\"1760\">D\u00e9couvrez le charme unique de <strong data-start=\"1471\" data-end=\"1490\">HUGO BOSS ALIVE<\/strong>, un coffret con\u00e7u pour sublimer la f\u00e9minit\u00e9 moderne avec un \u00e9quilibre parfait entre \u00e9nergie, passion et sensualit\u00e9. Ce coffret inclut l\u2019iconique <strong data-start=\"1636\" data-end=\"1659\">Eau de Parfum 30\u202fml<\/strong> et la <strong data-start=\"1666\" data-end=\"1687\">Body Lotion 50\u202fml<\/strong>, \u00e0 utiliser ensemble pour une exp\u00e9rience olfactive intense et durable.<\/p>\n<p data-start=\"1762\" data-end=\"2063\">Le parfum ALIVE s\u2019ouvre sur des notes fruit\u00e9es de mandarine et de cassis, suivi d\u2019un c\u0153ur floral de jasmin sambac et de datura, et se termine sur une base chaude de vanille et de bois de c\u00e8dre. Le r\u00e9sultat est un parfum <strong data-start=\"1982\" data-end=\"2018\">vibrant, lumineux et enveloppant<\/strong>, parfait pour chaque moment de la journ\u00e9e.<\/p>\n<p data-start=\"2065\" data-end=\"2354\">La lotion corporelle compl\u00e9mentaire nourrit et hydrate la peau, la laissant douce et l\u00e9g\u00e8rement parfum\u00e9e, prolongeant l\u2019exp\u00e9rience du parfum. Gr\u00e2ce \u00e0 son design \u00e9l\u00e9gant et son packaging raffin\u00e9, le coffret <strong data-start=\"2271\" data-end=\"2290\">HUGO BOSS ALIVE<\/strong> est \u00e9galement un cadeau parfait pour toute occasion sp\u00e9ciale.<\/p>\n<p data-start=\"2356\" data-end=\"2618\">Id\u00e9al pour celles qui aiment se distinguer avec style et laisser une trace inoubliable, ce coffret repr\u00e9sente la combinaison parfaite de <strong data-start=\"2493\" data-end=\"2529\">beaut\u00e9, \u00e9l\u00e9gance et personnalit\u00e9<\/strong>. Avec HUGO BOSS ALIVE, chaque jour devient un moment \u00e0 vivre pleinement et \u00e0 c\u00e9l\u00e9brer.<\/p>\n<p data-start=\"1123\" data-end=\"1370\">Follow us!\u00a0 <a href=\"https:\/\/www.instagram.com\/freeshopswiss\/\" target=\"_blank\" rel=\"noopener\">@freeshopswiss<\/a><\/p>\n","protected":false},"excerpt":{"rendered":"<p>D\u00e9couvrez le charme unique de <strong data-start=\"1471\" data-end=\"1490\">HUGO BOSS ALIVE<\/strong>, un coffret con\u00e7u pour sublimer la f\u00e9minit\u00e9 moderne avec un \u00e9quilibre parfait entre \u00e9nergie, passion et sensualit\u00e9.<\/p>\n","protected":false},"featured_media":39279,"comment_status":"open","ping_status":"closed","template":"","meta":[],"pwb-brand":[260],"product_brand":[],"product_cat":[138,87,109,484,4192],"product_tag":[459,461,252,296,278],"class_list":{"0":"post-39283","1":"product","2":"type-product","3":"status-publish","4":"has-post-thumbnail","6":"pwb-brand-hugo-boss","7":"product_cat-offre","8":"product_cat-parfums","9":"product_cat-pour-elle","10":"product_cat-coffret","11":"product_cat-offers-coffret","12":"product_tag-coffret","13":"product_tag-coffrets-femme","14":"product_tag-eau-de-parfum-fr","15":"product_tag-femme","16":"product_tag-offre","18":"first","19":"instock","20":"sale","21":"taxable","22":"shipping-taxable","23":"purchasable","24":"product-type-simple"},"brands":[{"id":260,"name":"Hugo Boss","slug":"hugo-boss"}],"_links":{"self":[{"href":"https:\/\/www.freeshopfrontiera.ch\/fr\/wp-json\/wp\/v2\/product\/39283","targetHints":{"allow":["GET"]}}],"collection":[{"href":"https:\/\/www.freeshopfrontiera.ch\/fr\/wp-json\/wp\/v2\/product"}],"about":[{"href":"https:\/\/www.freeshopfrontiera.ch\/fr\/wp-json\/wp\/v2\/types\/product"}],"replies":[{"embeddable":true,"href":"https:\/\/www.freeshopfrontiera.ch\/fr\/wp-json\/wp\/v2\/comments?post=39283"}],"version-history":[{"count":1,"href":"https:\/\/www.freeshopfrontiera.ch\/fr\/wp-json\/wp\/v2\/product\/39283\/revisions"}],"predecessor-version":[{"id":39287,"href":"https:\/\/www.freeshopfrontiera.ch\/fr\/wp-json\/wp\/v2\/product\/39283\/revisions\/39287"}],"wp:featuredmedia":[{"embeddable":true,"href":"https:\/\/www.freeshopfrontiera.ch\/fr\/wp-json\/wp\/v2\/media\/39279"}],"wp:attachment":[{"href":"https:\/\/www.freeshopfrontiera.ch\/fr\/wp-json\/wp\/v2\/media?parent=39283"}],"wp:term":[{"taxonomy":"pwb-brand","embeddable":true,"href":"https:\/\/www.freeshopfrontiera.ch\/fr\/wp-json\/wp\/v2\/pwb-brand?post=39283"},{"taxonomy":"product_brand","embeddable":true,"href":"https:\/\/www.freeshopfrontiera.ch\/fr\/wp-json\/wp\/v2\/product_brand?post=39283"},{"taxonomy":"product_cat","embeddable":true,"href":"https:\/\/www.freeshopfrontiera.ch\/fr\/wp-json\/wp\/v2\/product_cat?post=39283"},{"taxonomy":"product_tag","embeddable":true,"href":"https:\/\/www.freeshopfrontiera.ch\/fr\/wp-json\/wp\/v2\/product_tag?post=39283"}],"curies":[{"name":"wp","href":"https:\/\/api.w.org\/{rel}","templated":true}]}}