{"id":39301,"date":"2025-01-26T15:37:19","date_gmt":"2025-01-26T15:37:19","guid":{"rendered":"https:\/\/www.freeshopfrontiera.ch\/shop\/dolcegabbana-light-blue-pour-homme-100ml\/"},"modified":"2026-01-26T15:40:49","modified_gmt":"2026-01-26T15:40:49","slug":"dolcegabbana-light-blue-pour-homme-100ml","status":"publish","type":"product","link":"https:\/\/www.freeshopfrontiera.ch\/fr\/shop\/dolcegabbana-light-blue-pour-homme-100ml\/","title":{"rendered":"DOLCE&#038;GABBANA Light Blue pour Homme 100ml"},"content":{"rendered":"<p data-start=\"1245\" data-end=\"1322\"><strong data-start=\"1245\" data-end=\"1320\">DOLCE&amp;GABBANA Light Blue pour Homme Eau de Toilette Vaporisateur 100 ml<\/strong><\/p>\n<p data-start=\"1324\" data-end=\"1600\">Ic\u00f4ne de la parfumerie masculine, <strong data-start=\"1358\" data-end=\"1383\">Light Blue pour Homme<\/strong> de Dolce&amp;Gabbana est un parfum frais et vibrant qui capture l\u2019essence de la M\u00e9diterran\u00e9e. Con\u00e7u pour l\u2019homme moderne, s\u00fbr de lui et naturellement \u00e9l\u00e9gant, cet Eau de Toilette exprime \u00e9nergie, sensualit\u00e9 et libert\u00e9.<\/p>\n<p data-start=\"1602\" data-end=\"1998\">L\u2019ouverture est vive et lumineuse, avec des notes d\u2019agrumes de bergamote de Calabre et de mandarine, sublim\u00e9es par la fra\u00eecheur du gen\u00e9vrier. Le c\u0153ur aromatique r\u00e9v\u00e8le des accords de romarin, de poivre du Sichuan et de bois de rose, apportant caract\u00e8re et profondeur \u00e0 la composition. Le fond, chaud et enveloppant, associe muscs, encens et bois ambr\u00e9s, laissant un sillage \u00e9l\u00e9gant et masculin.<\/p>\n<p data-start=\"2000\" data-end=\"2415\">Frais mais structur\u00e9, <strong data-start=\"2022\" data-end=\"2047\">Light Blue pour Homme<\/strong> est id\u00e9al pour un usage quotidien, particuli\u00e8rement pendant les saisons chaudes, et parfait pour ceux qui aiment les parfums propres, dynamiques et raffin\u00e9s. Le flacon au design \u00e9pur\u00e9, surmont\u00e9 d\u2019un bouchon bleu clair inspir\u00e9 de la mer et du ciel m\u00e9diterran\u00e9ens, refl\u00e8te parfaitement l\u2019esprit de la fragrance. Un grand classique intemporel de la parfumerie masculine.<\/p>\n<p data-start=\"853\" data-end=\"1230\">Follow us!\u00a0 <a href=\"https:\/\/www.instagram.com\/freeshopswiss\/\" target=\"_blank\" rel=\"noopener\">@freeshopswiss<\/a><\/p>\n","protected":false},"excerpt":{"rendered":"<p>Ic\u00f4ne de la parfumerie masculine, <strong data-start=\"1358\" data-end=\"1383\">Light Blue pour Homme<\/strong> de Dolce&amp;Gabbana est un parfum frais et vibrant qui capture l\u2019essence de la M\u00e9diterran\u00e9e.<\/p>\n","protected":false},"featured_media":39297,"comment_status":"open","ping_status":"closed","template":"","meta":[],"pwb-brand":[272],"product_brand":[],"product_cat":[87,89],"product_tag":[141,1629,143,278,97],"class_list":{"0":"post-39301","1":"product","2":"type-product","3":"status-publish","4":"has-post-thumbnail","6":"pwb-brand-dolcegabbana","7":"product_cat-parfums","8":"product_cat-pour-lui","9":"product_tag-eau-de-toilette-fr","10":"product_tag-mens-fragrances-fr","11":"product_tag-homme","12":"product_tag-offre","13":"product_tag-parfums","15":"first","16":"instock","17":"sale","18":"taxable","19":"shipping-taxable","20":"purchasable","21":"product-type-simple"},"brands":[{"id":272,"name":"Dolce&amp;Gabbana","slug":"dolcegabbana"}],"_links":{"self":[{"href":"https:\/\/www.freeshopfrontiera.ch\/fr\/wp-json\/wp\/v2\/product\/39301","targetHints":{"allow":["GET"]}}],"collection":[{"href":"https:\/\/www.freeshopfrontiera.ch\/fr\/wp-json\/wp\/v2\/product"}],"about":[{"href":"https:\/\/www.freeshopfrontiera.ch\/fr\/wp-json\/wp\/v2\/types\/product"}],"replies":[{"embeddable":true,"href":"https:\/\/www.freeshopfrontiera.ch\/fr\/wp-json\/wp\/v2\/comments?post=39301"}],"version-history":[{"count":1,"href":"https:\/\/www.freeshopfrontiera.ch\/fr\/wp-json\/wp\/v2\/product\/39301\/revisions"}],"predecessor-version":[{"id":39304,"href":"https:\/\/www.freeshopfrontiera.ch\/fr\/wp-json\/wp\/v2\/product\/39301\/revisions\/39304"}],"wp:featuredmedia":[{"embeddable":true,"href":"https:\/\/www.freeshopfrontiera.ch\/fr\/wp-json\/wp\/v2\/media\/39297"}],"wp:attachment":[{"href":"https:\/\/www.freeshopfrontiera.ch\/fr\/wp-json\/wp\/v2\/media?parent=39301"}],"wp:term":[{"taxonomy":"pwb-brand","embeddable":true,"href":"https:\/\/www.freeshopfrontiera.ch\/fr\/wp-json\/wp\/v2\/pwb-brand?post=39301"},{"taxonomy":"product_brand","embeddable":true,"href":"https:\/\/www.freeshopfrontiera.ch\/fr\/wp-json\/wp\/v2\/product_brand?post=39301"},{"taxonomy":"product_cat","embeddable":true,"href":"https:\/\/www.freeshopfrontiera.ch\/fr\/wp-json\/wp\/v2\/product_cat?post=39301"},{"taxonomy":"product_tag","embeddable":true,"href":"https:\/\/www.freeshopfrontiera.ch\/fr\/wp-json\/wp\/v2\/product_tag?post=39301"}],"curies":[{"name":"wp","href":"https:\/\/api.w.org\/{rel}","templated":true}]}}