{"id":39322,"date":"2026-01-27T10:34:39","date_gmt":"2026-01-27T10:34:39","guid":{"rendered":"https:\/\/www.freeshopfrontiera.ch\/shop\/jean-paul-gaultier-scandal-elixir-parfum\/"},"modified":"2026-01-27T10:38:38","modified_gmt":"2026-01-27T10:38:38","slug":"jean-paul-gaultier-scandal-elixir-parfum","status":"publish","type":"product","link":"https:\/\/www.freeshopfrontiera.ch\/fr\/shop\/jean-paul-gaultier-scandal-elixir-parfum\/","title":{"rendered":"Jean Paul Gaultier Scandal Elixir Parfum"},"content":{"rendered":"<p data-start=\"2462\" data-end=\"2810\"><strong data-start=\"2462\" data-end=\"2517\">Jean Paul Gaultier Scandal Elixir Parfum Pour Homme<\/strong> est un parfum masculin intense, audacieux et profond\u00e9ment s\u00e9duisant, destin\u00e9 \u00e0 l\u2019homme qui aime se distinguer avec style et caract\u00e8re. Cette version Elixir Parfum repr\u00e9sente l\u2019expression la plus concentr\u00e9e et enveloppante de la ligne Scandal, avec une signature olfactive riche et magn\u00e9tique.<\/p>\n<p data-start=\"2812\" data-end=\"3210\">L\u2019ouverture est surprenante et gourmande, gr\u00e2ce \u00e0 la <strong data-start=\"2865\" data-end=\"2881\">cerise noire<\/strong>, qui apporte une touche fruit\u00e9e sombre et intrigante. Le c\u0153ur est domin\u00e9 par le <strong data-start=\"2962\" data-end=\"2975\">patchouli<\/strong>, profond et terreux, qui donne structure et personnalit\u00e9 \u00e0 la fragrance. En fond, la <strong data-start=\"3061\" data-end=\"3075\">f\u00e8ve tonka<\/strong> diffuse une chaleur sensuelle et enveloppante, avec des nuances douces et ambr\u00e9es, rendant la composition irr\u00e9sistible et persistante.<\/p>\n<p data-start=\"3212\" data-end=\"3479\">Scandal Elixir Pour Homme est un parfum <strong data-start=\"3252\" data-end=\"3280\">gourmand, ambr\u00e9 et bois\u00e9<\/strong>, id\u00e9al pour le soir, les occasions sp\u00e9ciales ou pour ceux qui recherchent une fragrance au caract\u00e8re affirm\u00e9 et au sillage puissant. Sa tenue longue dur\u00e9e laisse une empreinte \u00e9l\u00e9gante et m\u00e9morable.<\/p>\n<p data-start=\"3481\" data-end=\"3583\">Un parfum masculin intense et sophistiqu\u00e9, symbole de confiance, de charisme et de sensualit\u00e9 moderne.<\/p>\n<p data-start=\"1195\" data-end=\"1289\">Follow us!\u00a0 <a href=\"https:\/\/www.instagram.com\/freeshopswiss\/\" target=\"_blank\" rel=\"noopener\">@freeshopswiss<\/a><\/p>\n","protected":false},"excerpt":{"rendered":"<p><strong data-start=\"2462\" data-end=\"2517\">Jean Paul Gaultier Scandal Elixir Parfum Pour Homme<\/strong> est un parfum masculin intense, audacieux et profond\u00e9ment s\u00e9duisant, destin\u00e9 \u00e0 l\u2019homme qui aime se distinguer avec style et caract\u00e8re.<\/p>\n","protected":false},"featured_media":39310,"comment_status":"open","ping_status":"closed","template":"","meta":[],"pwb-brand":[373],"product_brand":[],"product_cat":[87,89],"product_tag":[252,1629,143,571],"class_list":{"0":"post-39322","1":"product","2":"type-product","3":"status-publish","4":"has-post-thumbnail","6":"pwb-brand-jean-paul-gaultier","7":"product_cat-parfums","8":"product_cat-pour-lui","9":"product_tag-eau-de-parfum-fr","10":"product_tag-mens-fragrances-fr","11":"product_tag-homme","12":"product_tag-novita-per-lui-fr","14":"first","15":"instock","16":"sale","17":"taxable","18":"shipping-taxable","19":"purchasable","20":"product-type-variable","21":"has-default-attributes"},"brands":[{"id":373,"name":"Jean Paul Gaultier","slug":"jean-paul-gaultier"}],"_links":{"self":[{"href":"https:\/\/www.freeshopfrontiera.ch\/fr\/wp-json\/wp\/v2\/product\/39322","targetHints":{"allow":["GET"]}}],"collection":[{"href":"https:\/\/www.freeshopfrontiera.ch\/fr\/wp-json\/wp\/v2\/product"}],"about":[{"href":"https:\/\/www.freeshopfrontiera.ch\/fr\/wp-json\/wp\/v2\/types\/product"}],"replies":[{"embeddable":true,"href":"https:\/\/www.freeshopfrontiera.ch\/fr\/wp-json\/wp\/v2\/comments?post=39322"}],"version-history":[{"count":1,"href":"https:\/\/www.freeshopfrontiera.ch\/fr\/wp-json\/wp\/v2\/product\/39322\/revisions"}],"predecessor-version":[{"id":39331,"href":"https:\/\/www.freeshopfrontiera.ch\/fr\/wp-json\/wp\/v2\/product\/39322\/revisions\/39331"}],"wp:featuredmedia":[{"embeddable":true,"href":"https:\/\/www.freeshopfrontiera.ch\/fr\/wp-json\/wp\/v2\/media\/39310"}],"wp:attachment":[{"href":"https:\/\/www.freeshopfrontiera.ch\/fr\/wp-json\/wp\/v2\/media?parent=39322"}],"wp:term":[{"taxonomy":"pwb-brand","embeddable":true,"href":"https:\/\/www.freeshopfrontiera.ch\/fr\/wp-json\/wp\/v2\/pwb-brand?post=39322"},{"taxonomy":"product_brand","embeddable":true,"href":"https:\/\/www.freeshopfrontiera.ch\/fr\/wp-json\/wp\/v2\/product_brand?post=39322"},{"taxonomy":"product_cat","embeddable":true,"href":"https:\/\/www.freeshopfrontiera.ch\/fr\/wp-json\/wp\/v2\/product_cat?post=39322"},{"taxonomy":"product_tag","embeddable":true,"href":"https:\/\/www.freeshopfrontiera.ch\/fr\/wp-json\/wp\/v2\/product_tag?post=39322"}],"curies":[{"name":"wp","href":"https:\/\/api.w.org\/{rel}","templated":true}]}}