{"id":39358,"date":"2026-01-28T11:17:56","date_gmt":"2026-01-28T11:17:56","guid":{"rendered":"https:\/\/www.freeshopfrontiera.ch\/shop\/jp-gaultier-scandal-elixir-parfum\/"},"modified":"2026-03-30T08:22:22","modified_gmt":"2026-03-30T08:22:22","slug":"jp-gaultier-scandal-elixir-parfum","status":"publish","type":"product","link":"https:\/\/www.freeshopfrontiera.ch\/fr\/shop\/jp-gaultier-scandal-elixir-parfum\/","title":{"rendered":"JEAN PAUL GAULTIER Scandal Elixir Parfum"},"content":{"rendered":"<p>Jean Paul Gaultier Scandal Elixir Parfum est un parfum f\u00e9minin audacieux et s\u00e9duisant qui poursuit la c\u00e9l\u00e8bre saga olfactive de Jean Paul Gaultier avec une intensit\u00e9 renouvel\u00e9e. \u00c9lev\u00e9 \u00e0 une concentration Parfum et enrichi de notes de fruits noirs, il s\u2019ouvre sur une explosion brillante de m\u00fbre juteuse, captivant imm\u00e9diatement les sens et annon\u00e7ant un caract\u00e8re d\u00e9cisif et enveloppant. Cette ouverture fruit\u00e9e laisse rapidement place \u00e0 un c\u0153ur raffin\u00e9 d\u2019iris \u00e9l\u00e9gant, apportant sophistication florale et structure raffin\u00e9e, \u00e9quilibrant parfaitement la douceur initiale.<\/p>\n<p>En fond, le patchouli profond et enveloppant conf\u00e8re au parfum une touche terreuse et sensuelle, offrant une tenue longue dur\u00e9e et une signature olfactive distinctive. Le parfum appartient \u00e0 la famille chypr\u00e9-fruit\u00e9, s\u00e9duisant et luxueux, parfait pour celles qui recherchent une essence f\u00e9minine affirm\u00e9e et intrigante avec une forte pr\u00e9sence sur la peau. Le flacon, envelopp\u00e9 de velours rose avec des d\u00e9tails argent\u00e9s et dor\u00e9s, refl\u00e8te la sophistication et l\u2019allure irr\u00e9sistible de ce parfum pr\u00eat \u00e0 cr\u00e9er un v\u00e9ritable scandale olfactif.<\/p>\n<p>&nbsp;<\/p>\n<p>Follow us!\u00a0 <a href=\"https:\/\/www.instagram.com\/freeshopswiss\/\" target=\"_blank\" rel=\"noopener\">@freeshopswiss<\/a><\/p>\n","protected":false},"excerpt":{"rendered":"<p>Jean Paul Gaultier Scandal Elixir Parfum est un parfum f\u00e9minin audacieux et s\u00e9duisant qui poursuit la c\u00e9l\u00e8bre saga olfactive de Jean Paul Gaultier avec une intensit\u00e9 renouvel\u00e9e.<\/p>\n","protected":false},"featured_media":39339,"comment_status":"open","ping_status":"closed","template":"","meta":[],"pwb-brand":[373],"product_brand":[],"product_cat":[87,109],"product_tag":[252,296,4348,789,97],"class_list":{"0":"post-39358","1":"product","2":"type-product","3":"status-publish","4":"has-post-thumbnail","6":"pwb-brand-jean-paul-gaultier","7":"product_cat-parfums","8":"product_cat-pour-elle","9":"product_tag-eau-de-parfum-fr","10":"product_tag-femme","11":"product_tag-fete-des-femmes","12":"product_tag-womens-fragrances-fr","13":"product_tag-parfums","15":"first","16":"instock","17":"sale","18":"taxable","19":"shipping-taxable","20":"purchasable","21":"product-type-variable","22":"has-default-attributes"},"brands":[{"id":373,"name":"Jean Paul Gaultier","slug":"jean-paul-gaultier"}],"_links":{"self":[{"href":"https:\/\/www.freeshopfrontiera.ch\/fr\/wp-json\/wp\/v2\/product\/39358","targetHints":{"allow":["GET"]}}],"collection":[{"href":"https:\/\/www.freeshopfrontiera.ch\/fr\/wp-json\/wp\/v2\/product"}],"about":[{"href":"https:\/\/www.freeshopfrontiera.ch\/fr\/wp-json\/wp\/v2\/types\/product"}],"replies":[{"embeddable":true,"href":"https:\/\/www.freeshopfrontiera.ch\/fr\/wp-json\/wp\/v2\/comments?post=39358"}],"version-history":[{"count":2,"href":"https:\/\/www.freeshopfrontiera.ch\/fr\/wp-json\/wp\/v2\/product\/39358\/revisions"}],"predecessor-version":[{"id":41732,"href":"https:\/\/www.freeshopfrontiera.ch\/fr\/wp-json\/wp\/v2\/product\/39358\/revisions\/41732"}],"wp:featuredmedia":[{"embeddable":true,"href":"https:\/\/www.freeshopfrontiera.ch\/fr\/wp-json\/wp\/v2\/media\/39339"}],"wp:attachment":[{"href":"https:\/\/www.freeshopfrontiera.ch\/fr\/wp-json\/wp\/v2\/media?parent=39358"}],"wp:term":[{"taxonomy":"pwb-brand","embeddable":true,"href":"https:\/\/www.freeshopfrontiera.ch\/fr\/wp-json\/wp\/v2\/pwb-brand?post=39358"},{"taxonomy":"product_brand","embeddable":true,"href":"https:\/\/www.freeshopfrontiera.ch\/fr\/wp-json\/wp\/v2\/product_brand?post=39358"},{"taxonomy":"product_cat","embeddable":true,"href":"https:\/\/www.freeshopfrontiera.ch\/fr\/wp-json\/wp\/v2\/product_cat?post=39358"},{"taxonomy":"product_tag","embeddable":true,"href":"https:\/\/www.freeshopfrontiera.ch\/fr\/wp-json\/wp\/v2\/product_tag?post=39358"}],"curies":[{"name":"wp","href":"https:\/\/api.w.org\/{rel}","templated":true}]}}