{"id":39392,"date":"2026-01-28T11:42:12","date_gmt":"2026-01-28T11:42:12","guid":{"rendered":"https:\/\/www.freeshopfrontiera.ch\/shop\/rabanne-fame-in-love-parfum-elixir\/"},"modified":"2026-01-28T11:51:15","modified_gmt":"2026-01-28T11:51:15","slug":"rabanne-fame-in-love-parfum-elixir","status":"publish","type":"product","link":"https:\/\/www.freeshopfrontiera.ch\/fr\/shop\/rabanne-fame-in-love-parfum-elixir\/","title":{"rendered":"RABANNE Fame In Love Parfum Elixir"},"content":{"rendered":"<p data-start=\"3126\" data-end=\"3660\"><strong data-start=\"3126\" data-end=\"3164\">RABANNE Fame In Love Parfum Elixir<\/strong> est un parfum f\u00e9minin moderne et sensuel qui c\u00e9l\u00e8bre l\u2019amour et la passion dans toutes leurs nuances, transformant chaque instant en un geste de s\u00e9duction et de libert\u00e9. Faisant partie de la c\u00e9l\u00e8bre famille <strong data-start=\"3372\" data-end=\"3398\">Floral Fruit\u00e9 Gourmand<\/strong>, cette composition olfactive s\u2019ouvre sur une explosion d\u2019extrait de fraise ultra-juteuse, accompagn\u00e9e de touches de mandarine verte et d\u2019un subtil accent aromatique de basilic, cr\u00e9ant imm\u00e9diatement une sensation lumineuse, ludique et irr\u00e9sistiblement fruit\u00e9e.<\/p>\n<p data-start=\"3662\" data-end=\"3967\">Au c\u0153ur, <strong data-start=\"3671\" data-end=\"3690\">l\u2019iris concrete<\/strong>, \u00e9l\u00e9gant et l\u00e9g\u00e8rement poudr\u00e9, apporte un caract\u00e8re raffin\u00e9 et velout\u00e9 \u00e0 la structure, adoucissant la douceur initiale avec une sophistication florale unique. Des accords de jasmin et d\u2019encens enrichissent davantage la composition, offrant profondeur et sensualit\u00e9 complexe.<\/p>\n<p data-start=\"3969\" data-end=\"4255\">La base est chaude et enveloppante, domin\u00e9e par l\u2019<strong data-start=\"4019\" data-end=\"4040\">absolu de vanille<\/strong>, qui enveloppe la peau d\u2019une douceur cr\u00e9meuse et d\u2019une touche gourmande irr\u00e9sistible, accompagn\u00e9e de l\u00e9g\u00e8res notes min\u00e9rales et de patchouli qui renforcent sa tenue et laissent une tra\u00een\u00e9e s\u00e9duisante et profonde.<\/p>\n<p data-start=\"4257\" data-end=\"4623\">Le parfum incarne un langage amoureux audacieux et ludique \u2014 parfait pour celles qui recherchent une fragrance \u00e0 la fois f\u00e9minine, magn\u00e9tique et capable de laisser une empreinte inoubliable. Le flacon, inspir\u00e9 du design distinctif de la collection Fame, se pare d\u2019un rouge profond et scintillant, refl\u00e9tant l\u2019\u00e9nergie passionn\u00e9e et assur\u00e9e de la femme qui le porte.<\/p>\n<p>&nbsp;<\/p>\n<p>Follow us!\u00a0 <a href=\"https:\/\/www.instagram.com\/freeshopswiss\/\" target=\"_blank\" rel=\"noopener\">@freeshopswiss<\/a><\/p>\n","protected":false},"excerpt":{"rendered":"<p><strong data-start=\"3126\" data-end=\"3164\">RABANNE Fame In Love Parfum Elixir<\/strong> est un parfum f\u00e9minin moderne et sensuel qui c\u00e9l\u00e8bre l\u2019amour et la passion dans toutes leurs nuances, transformant chaque instant en un geste de s\u00e9duction et de libert\u00e9.<\/p>\n","protected":false},"featured_media":39373,"comment_status":"open","ping_status":"closed","template":"","meta":[],"pwb-brand":[378],"product_brand":[],"product_cat":[87,109],"product_tag":[252,296,4348,5050,490,559,97],"class_list":{"0":"post-39392","1":"product","2":"type-product","3":"status-publish","4":"has-post-thumbnail","6":"pwb-brand-rabanne","7":"product_cat-parfums","8":"product_cat-pour-elle","9":"product_tag-eau-de-parfum-fr","10":"product_tag-femme","11":"product_tag-fete-des-femmes","12":"product_tag-fete-des-meres","13":"product_tag-nouveautes-parfums","14":"product_tag-nouveautes-femmes","15":"product_tag-parfums","17":"first","18":"instock","19":"sale","20":"taxable","21":"shipping-taxable","22":"purchasable","23":"product-type-variable","24":"has-default-attributes"},"brands":[{"id":378,"name":"Rabanne","slug":"rabanne"}],"_links":{"self":[{"href":"https:\/\/www.freeshopfrontiera.ch\/fr\/wp-json\/wp\/v2\/product\/39392","targetHints":{"allow":["GET"]}}],"collection":[{"href":"https:\/\/www.freeshopfrontiera.ch\/fr\/wp-json\/wp\/v2\/product"}],"about":[{"href":"https:\/\/www.freeshopfrontiera.ch\/fr\/wp-json\/wp\/v2\/types\/product"}],"replies":[{"embeddable":true,"href":"https:\/\/www.freeshopfrontiera.ch\/fr\/wp-json\/wp\/v2\/comments?post=39392"}],"version-history":[{"count":2,"href":"https:\/\/www.freeshopfrontiera.ch\/fr\/wp-json\/wp\/v2\/product\/39392\/revisions"}],"predecessor-version":[{"id":39405,"href":"https:\/\/www.freeshopfrontiera.ch\/fr\/wp-json\/wp\/v2\/product\/39392\/revisions\/39405"}],"wp:featuredmedia":[{"embeddable":true,"href":"https:\/\/www.freeshopfrontiera.ch\/fr\/wp-json\/wp\/v2\/media\/39373"}],"wp:attachment":[{"href":"https:\/\/www.freeshopfrontiera.ch\/fr\/wp-json\/wp\/v2\/media?parent=39392"}],"wp:term":[{"taxonomy":"pwb-brand","embeddable":true,"href":"https:\/\/www.freeshopfrontiera.ch\/fr\/wp-json\/wp\/v2\/pwb-brand?post=39392"},{"taxonomy":"product_brand","embeddable":true,"href":"https:\/\/www.freeshopfrontiera.ch\/fr\/wp-json\/wp\/v2\/product_brand?post=39392"},{"taxonomy":"product_cat","embeddable":true,"href":"https:\/\/www.freeshopfrontiera.ch\/fr\/wp-json\/wp\/v2\/product_cat?post=39392"},{"taxonomy":"product_tag","embeddable":true,"href":"https:\/\/www.freeshopfrontiera.ch\/fr\/wp-json\/wp\/v2\/product_tag?post=39392"}],"curies":[{"name":"wp","href":"https:\/\/api.w.org\/{rel}","templated":true}]}}